{"id":793,"date":"2026-02-01T07:28:14","date_gmt":"2026-02-01T07:28:14","guid":{"rendered":"https:\/\/chineseledlight.com\/?post_type=product&#038;p=793"},"modified":"2026-02-01T07:28:14","modified_gmt":"2026-02-01T07:28:14","slug":"modern-led-magnetic-track-lights-for-supermarkets-and-hotels","status":"publish","type":"product","link":"https:\/\/chineseledlight.com\/pt\/modern-led-magnetic-track-lights-for-supermarkets-and-hotels\/","title":{"rendered":"Modernos candeeiros de calha magn\u00e9tica LED para supermercados e hot\u00e9is"},"content":{"rendered":"<p data-start=\"65\" data-end=\"449\">Vis\u00e3o geral<br data-start=\"78\" data-end=\"81\" \/>Os corredores de supermercado e os espa\u00e7os de hotel com fachada de vidro que se preocupam com o consumo de energia precisam de uma orienta\u00e7\u00e3o luminosa sem brilho intenso ou desperd\u00edcio de energia. Estas modernas luzes de calha magn\u00e9tica LED equilibram uma sa\u00edda eficiente com feixes controlados, ajudando a manter uma visibilidade confort\u00e1vel perto de paredes de cortina e superf\u00edcies reflectoras. A montagem magn\u00e9tica modular permite que as lumin\u00e1rias sejam reposicionadas \u00e0 medida que os layouts mudam.<\/p>\n<p data-start=\"451\" data-end=\"465\">Carater\u00edsticas principais<\/p>\n<ul data-start=\"466\" data-end=\"890\">\n<li data-start=\"466\" data-end=\"546\">\n<p data-start=\"468\" data-end=\"546\">Reduzir o consumo de energia atrav\u00e9s do emparelhamento optimizado LED\/driver para um funcionamento di\u00e1rio prolongado<\/p>\n<\/li>\n<li data-start=\"547\" data-end=\"641\">\n<p data-start=\"549\" data-end=\"641\">Suavizar o brilho com \u00f3pticas de baixo brilho para reduzir os reflexos no vidro e em pavimentos polidos<\/p>\n<\/li>\n<li data-start=\"642\" data-end=\"724\">\n<p data-start=\"644\" data-end=\"724\">Aponte os realces com precis\u00e3o utilizando adaptadores est\u00e1veis e estruturas de rota\u00e7\u00e3o\/inclina\u00e7\u00e3o suaves<\/p>\n<\/li>\n<li data-start=\"725\" data-end=\"815\">\n<p data-start=\"727\" data-end=\"815\">Mant\u00e9m um desempenho consistente com caminhos de calor em alum\u00ednio e contacto el\u00e9trico robusto<\/p>\n<\/li>\n<li data-start=\"816\" data-end=\"890\">\n<p data-start=\"818\" data-end=\"890\">Mantenha as linhas do teto limpas com m\u00f3dulos compactos e acabamentos coordenados<\/p>\n<\/li>\n<\/ul>\n<p data-start=\"892\" data-end=\"917\">Op\u00e7\u00f5es e personaliza\u00e7\u00e3o<\/p>\n<ul data-start=\"918\" data-end=\"1378\">\n<li data-start=\"918\" data-end=\"1002\">\n<p data-start=\"920\" data-end=\"1002\">Op\u00e7\u00f5es de montagem em calha (superf\u00edcie, encastrada, suspensa) dispon\u00edveis de acordo com as especifica\u00e7\u00f5es do projeto<\/p>\n<\/li>\n<li data-start=\"1003\" data-end=\"1076\">\n<p data-start=\"1005\" data-end=\"1076\">Comprimentos de via, conectores e pe\u00e7as de canto feitos por encomenda<\/p>\n<\/li>\n<li data-start=\"1077\" data-end=\"1160\">\n<p data-start=\"1079\" data-end=\"1160\">\u00d3tica de proje\u00e7\u00e3o, padr\u00f5es de feixe e acess\u00f3rios antirreflexo dispon\u00edveis conforme necess\u00e1rio<\/p>\n<\/li>\n<li data-start=\"1161\" data-end=\"1233\">\n<p data-start=\"1163\" data-end=\"1233\">CCT\/CRI e selec\u00e7\u00f5es de interface de regula\u00e7\u00e3o da intensidade luminosa oferecidas para diferentes zonas<\/p>\n<\/li>\n<li data-start=\"1234\" data-end=\"1308\">\n<p data-start=\"1236\" data-end=\"1308\">Servi\u00e7o OEM\/ODM para marcas, etiquetas e apar\u00eancia personalizada do m\u00f3dulo<\/p>\n<\/li>\n<li data-start=\"1309\" data-end=\"1378\">\n<p data-start=\"1311\" data-end=\"1378\">Desenhos de fabrico e desenhos de apoio fornecidos para a disposi\u00e7\u00e3o e aprova\u00e7\u00e3o<\/p>\n<\/li>\n<\/ul>\n<p data-start=\"1380\" data-end=\"1563\">Aplica\u00e7\u00f5es t\u00edpicas<br data-start=\"1400\" data-end=\"1403\" \/>Corredores de supermercados, expositores de alimentos frescos, promo\u00e7\u00f5es de fim de linha, zonas de caixa, \u00e1trios de hot\u00e9is, balc\u00f5es de rece\u00e7\u00e3o, corredores de hot\u00e9is, \u00e1reas pr\u00e9-funcionais de confer\u00eancias<\/p>\n<p data-start=\"1565\" data-end=\"1807\">Fornecimento e apoio<br data-start=\"1581\" data-end=\"1584\" \/>A produ\u00e7\u00e3o em volume direta da f\u00e1brica suporta o planeamento de prazos de entrega est\u00e1veis para implementa\u00e7\u00f5es em v\u00e1rios locais. \u00c9 aplicado um controlo de qualidade interno com rastreabilidade da qualidade e podem ser organizadas embalagens para exporta\u00e7\u00e3o. Conformidade com as normas dispon\u00edvel mediante pedido.<\/p>","protected":false},"excerpt":{"rendered":"<p>Candeeiros de calha magn\u00e9ticos economizadores de energia com cabe\u00e7as modulares e \u00f3tica de baixo brilho para uma ilumina\u00e7\u00e3o confort\u00e1vel em longas horas de funcionamento. Ideal para corredores de supermercados e \u00e1trios de hot\u00e9is, o sistema de troca r\u00e1pida permite que as equipas reposicionem ou adicionem lumin\u00e1rias sem necessidade de retocar o teto.<\/p>","protected":false},"featured_media":799,"template":"","meta":{"_gspb_post_css":""},"product_brand":[],"product_cat":[21],"product_tag":[38,33,34,37,39,45,135,302,392,393,394,214],"class_list":{"0":"post-793","1":"product","2":"type-product","3":"status-publish","4":"has-post-thumbnail","6":"product_cat-magnetic-track-light","7":"product_tag-bulk-supply","8":"product_tag-ceiling-lighting","9":"product_tag-commercial-lighting","10":"product_tag-custom-size","11":"product_tag-factory-direct","12":"product_tag-hotel-lighting","13":"product_tag-led-spotlights","14":"product_tag-magnetic-track-lighting","15":"product_tag-modern-led-magnetic-track-lights-for-supermarkets-and-hotels","16":"product_tag-modular-lighting-system","17":"product_tag-supermarket-lighting","18":"product_tag-track-lighting-fixtures","20":"first","21":"instock","22":"shipping-taxable","23":"purchasable","24":"product-type-simple"},"_links":{"self":[{"href":"https:\/\/chineseledlight.com\/pt\/wp-json\/wp\/v2\/product\/793","targetHints":{"allow":["GET"]}}],"collection":[{"href":"https:\/\/chineseledlight.com\/pt\/wp-json\/wp\/v2\/product"}],"about":[{"href":"https:\/\/chineseledlight.com\/pt\/wp-json\/wp\/v2\/types\/product"}],"wp:featuredmedia":[{"embeddable":true,"href":"https:\/\/chineseledlight.com\/pt\/wp-json\/wp\/v2\/media\/799"}],"wp:attachment":[{"href":"https:\/\/chineseledlight.com\/pt\/wp-json\/wp\/v2\/media?parent=793"}],"wp:term":[{"taxonomy":"product_brand","embeddable":true,"href":"https:\/\/chineseledlight.com\/pt\/wp-json\/wp\/v2\/product_brand?post=793"},{"taxonomy":"product_cat","embeddable":true,"href":"https:\/\/chineseledlight.com\/pt\/wp-json\/wp\/v2\/product_cat?post=793"},{"taxonomy":"product_tag","embeddable":true,"href":"https:\/\/chineseledlight.com\/pt\/wp-json\/wp\/v2\/product_tag?post=793"}],"curies":[{"name":"wp","href":"https:\/\/api.w.org\/{rel}","templated":true}]}}