{"id":749,"date":"2026-02-01T04:03:56","date_gmt":"2026-02-01T04:03:56","guid":{"rendered":"https:\/\/chineseledlight.com\/?post_type=product&#038;p=749"},"modified":"2026-02-01T04:08:15","modified_gmt":"2026-02-01T04:08:15","slug":"outdoor-square-surface-mounted-aluminum-led-grid-light","status":"publish","type":"product","link":"https:\/\/chineseledlight.com\/pt\/outdoor-square-surface-mounted-aluminum-led-grid-light\/","title":{"rendered":"Grelha de ilumina\u00e7\u00e3o exterior quadrada em alum\u00ednio com montagem \u00e0 superf\u00edcie"},"content":{"rendered":"<p data-start=\"59\" data-end=\"481\">Vis\u00e3o geral<br data-start=\"74\" data-end=\"77\" \/>A redu\u00e7\u00e3o do consumo de energia \u00e9 apenas uma parte da ilumina\u00e7\u00e3o exterior - o conforto visual e o controlo de salpicos s\u00e3o igualmente importantes perto de fachadas de vidro e de paredes cortina. Esta lumin\u00e1ria quadrada de alum\u00ednio com grelha LED montada \u00e0 superf\u00edcie combina um motor de luz eficiente com uma grelha antirreflexo para manter as entradas e as passagens iluminadas sem um brilho intenso ao n\u00edvel dos olhos. O corpo r\u00edgido em alum\u00ednio suporta uma sa\u00edda est\u00e1vel durante um longo per\u00edodo de funcionamento noturno.<\/p>\n<ul data-start=\"483\" data-end=\"1784\">\n<li data-start=\"483\" data-end=\"499\">\n<p data-start=\"485\" data-end=\"499\">Carater\u00edsticas principais<\/p>\n<\/li>\n<li data-start=\"500\" data-end=\"564\">\n<p data-start=\"502\" data-end=\"564\">Reduzir a luz difusa com uma grelha \u00f3tica que refor\u00e7a a distribui\u00e7\u00e3o<\/p>\n<\/li>\n<li data-start=\"565\" data-end=\"634\">\n<p data-start=\"567\" data-end=\"634\">Proteger os pe\u00f5es da vis\u00e3o direta dos LEDs para reduzir o encandeamento<\/p>\n<\/li>\n<li data-start=\"635\" data-end=\"707\">\n<p data-start=\"637\" data-end=\"707\">Estabilizar o desempenho t\u00e9rmico atrav\u00e9s de uma base de alum\u00ednio e de um caminho de calor<\/p>\n<\/li>\n<li data-start=\"708\" data-end=\"789\">\n<p data-start=\"710\" data-end=\"789\">Simplifique a montagem em superf\u00edcie com uma placa traseira compacta e espa\u00e7o de cablagem organizado<\/p>\n<\/li>\n<li data-start=\"790\" data-end=\"875\">\n<p data-start=\"792\" data-end=\"875\">Mant\u00e9m um aspeto arquitet\u00f3nico limpo com arestas quadradas n\u00edtidas e acabamento consistente<\/p>\n<\/li>\n<li data-start=\"877\" data-end=\"904\">\n<p data-start=\"879\" data-end=\"904\">Op\u00e7\u00f5es e personaliza\u00e7\u00e3o<\/p>\n<\/li>\n<li data-start=\"905\" data-end=\"984\">\n<p data-start=\"907\" data-end=\"984\">Tamanho personalizado \/ pegada da caixa e pontos de montagem por encomenda dispon\u00edveis<\/p>\n<\/li>\n<li data-start=\"985\" data-end=\"1057\">\n<p data-start=\"987\" data-end=\"1057\">Profundidade da grelha, estilo de persiana e selec\u00e7\u00f5es de difusor dispon\u00edveis mediante pedido<\/p>\n<\/li>\n<li data-start=\"1058\" data-end=\"1126\">\n<p data-start=\"1060\" data-end=\"1126\">CCT\/CRI e op\u00e7\u00f5es de condutor\/regula\u00e7\u00e3o de fluxo luminoso configur\u00e1veis de acordo com as especifica\u00e7\u00f5es do projeto<\/p>\n<\/li>\n<li data-start=\"1127\" data-end=\"1202\">\n<p data-start=\"1129\" data-end=\"1202\">Cores de acabamento e texturas de superf\u00edcie dispon\u00edveis para combinar com paletas exteriores<\/p>\n<\/li>\n<li data-start=\"1203\" data-end=\"1284\">\n<p data-start=\"1205\" data-end=\"1284\">Fornecimento de desenhos de fabrico e de apoio ao desenho para a coordena\u00e7\u00e3o da fachada e das condutas<\/p>\n<\/li>\n<li data-start=\"1285\" data-end=\"1354\">\n<p data-start=\"1287\" data-end=\"1354\">Servi\u00e7o OEM\/ODM dispon\u00edvel para rotulagem e conce\u00e7\u00e3o de embalagens privadas<\/p>\n<\/li>\n<li data-start=\"1356\" data-end=\"1532\">\n<p data-start=\"1358\" data-end=\"1532\">Aplica\u00e7\u00f5es t\u00edpicas<br data-start=\"1378\" data-end=\"1381\" \/>Entradas de edif\u00edcios, \u00e1trios com paredes de cortina, coberturas exteriores, passadeiras cobertas, corredores ajardinados, fachadas de vivendas, montras de lojas, caminhos de acesso a parques de estacionamento<\/p>\n<\/li>\n<li data-start=\"1534\" data-end=\"1784\">\n<p data-start=\"1536\" data-end=\"1784\">Fornecimento e apoio<br data-start=\"1552\" data-end=\"1555\" \/>A produ\u00e7\u00e3o em volume direta da f\u00e1brica permite um planeamento r\u00e1pido dos prazos de entrega. O controlo de qualidade interno com rastreabilidade da qualidade \u00e9 aplicado durante a montagem e \u00e9 poss\u00edvel organizar a embalagem para exporta\u00e7\u00e3o\/embalagem em caixas. Conformidade com as normas dispon\u00edveis mediante pedido.<\/p>\n<\/li>\n<\/ul>","protected":false},"excerpt":{"rendered":"<p>Grelha de ilumina\u00e7\u00e3o LED quadrada em alum\u00ednio montada \u00e0 superf\u00edcie, concebida para reduzir o brilho e os desperd\u00edcios, mantendo as zonas de entrada uniformemente iluminadas. Uma escolha pr\u00e1tica para coberturas exteriores e entradas de edif\u00edcios, especialmente em torno de fachadas de vidro onde \u00e9 necess\u00e1rio controlar os reflexos.<\/p>","protected":false},"featured_media":750,"template":"","meta":{"_gspb_post_css":""},"product_brand":[],"product_cat":[20],"product_tag":[376,116,38,37,379,199,378,377,374,373,375],"class_list":{"0":"post-749","1":"product","2":"type-product","3":"status-publish","4":"has-post-thumbnail","6":"product_cat-outdoor-led-lighting","7":"product_tag-aluminum-housing-light","8":"product_tag-architectural-outdoor-lighting","9":"product_tag-bulk-supply","10":"product_tag-custom-size","11":"product_tag-entrance-lighting","12":"product_tag-facade-lighting","13":"product_tag-glare-control-louver","14":"product_tag-led-ceiling-light","15":"product_tag-outdoor-led-grid-light","16":"product_tag-outdoor-square-surface-mounted-aluminum-led-grid-light","17":"product_tag-surface-mounted-lighting","19":"first","20":"instock","21":"shipping-taxable","22":"purchasable","23":"product-type-simple"},"_links":{"self":[{"href":"https:\/\/chineseledlight.com\/pt\/wp-json\/wp\/v2\/product\/749","targetHints":{"allow":["GET"]}}],"collection":[{"href":"https:\/\/chineseledlight.com\/pt\/wp-json\/wp\/v2\/product"}],"about":[{"href":"https:\/\/chineseledlight.com\/pt\/wp-json\/wp\/v2\/types\/product"}],"wp:featuredmedia":[{"embeddable":true,"href":"https:\/\/chineseledlight.com\/pt\/wp-json\/wp\/v2\/media\/750"}],"wp:attachment":[{"href":"https:\/\/chineseledlight.com\/pt\/wp-json\/wp\/v2\/media?parent=749"}],"wp:term":[{"taxonomy":"product_brand","embeddable":true,"href":"https:\/\/chineseledlight.com\/pt\/wp-json\/wp\/v2\/product_brand?post=749"},{"taxonomy":"product_cat","embeddable":true,"href":"https:\/\/chineseledlight.com\/pt\/wp-json\/wp\/v2\/product_cat?post=749"},{"taxonomy":"product_tag","embeddable":true,"href":"https:\/\/chineseledlight.com\/pt\/wp-json\/wp\/v2\/product_tag?post=749"}],"curies":[{"name":"wp","href":"https:\/\/api.w.org\/{rel}","templated":true}]}}