{"id":700,"date":"2026-02-01T03:19:54","date_gmt":"2026-02-01T03:19:54","guid":{"rendered":"https:\/\/chineseledlight.com\/?post_type=product&#038;p=700"},"modified":"2026-02-01T03:19:54","modified_gmt":"2026-02-01T03:19:54","slug":"magnetic-track-lighting-fixtures-support-surface-mounting","status":"publish","type":"product","link":"https:\/\/chineseledlight.com\/pt\/magnetic-track-lighting-fixtures-support-surface-mounting\/","title":{"rendered":"Suporte para lumin\u00e1rias de calha magn\u00e9tica Montagem em superf\u00edcie"},"content":{"rendered":"<p data-start=\"62\" data-end=\"471\">Vis\u00e3o geral<br data-start=\"77\" data-end=\"80\" \/>Quando a constru\u00e7\u00e3o embutida n\u00e3o \u00e9 pr\u00e1tica, a calha magn\u00e9tica montada \u00e0 superf\u00edcie mant\u00e9m os projectos dentro do prazo, preservando uma linha de teto limpa. A calha aceita lumin\u00e1rias magn\u00e9ticas de encaixe, pelo que as actualiza\u00e7\u00f5es de orienta\u00e7\u00e3o, espa\u00e7amento e cena s\u00e3o tratadas durante a coloca\u00e7\u00e3o em funcionamento, em vez de serem refeitas. Uma interface mec\u00e2nica segura e um caminho de alimenta\u00e7\u00e3o organizado suportam um funcionamento fi\u00e1vel em layouts comerciais vari\u00e1veis.<\/p>\n<ul data-start=\"473\" data-end=\"1782\">\n<li data-start=\"473\" data-end=\"489\">\n<p data-start=\"475\" data-end=\"489\">Carater\u00edsticas principais<\/p>\n<\/li>\n<li data-start=\"490\" data-end=\"570\">\n<p data-start=\"492\" data-end=\"570\">Acelera o trabalho no local com fixa\u00e7\u00e3o \u00e0 superf\u00edcie e entrada de cabos simples<\/p>\n<\/li>\n<li data-start=\"571\" data-end=\"638\">\n<p data-start=\"573\" data-end=\"638\">Fixa firmemente os m\u00f3dulos atrav\u00e9s de uma estrutura de bloqueio magn\u00e9tico est\u00e1vel<\/p>\n<\/li>\n<li data-start=\"639\" data-end=\"733\">\n<p data-start=\"641\" data-end=\"733\">Ilumina\u00e7\u00e3o direta com precis\u00e3o utilizando \u00f3pticas intermut\u00e1veis para ilumina\u00e7\u00e3o de realce e geral<\/p>\n<\/li>\n<li data-start=\"734\" data-end=\"816\">\n<p data-start=\"736\" data-end=\"816\">Permitem uma reconfigura\u00e7\u00e3o r\u00e1pida, deslizando e trocando as lumin\u00e1rias sem necessidade de cablagem<\/p>\n<\/li>\n<li data-start=\"817\" data-end=\"891\">\n<p data-start=\"819\" data-end=\"891\">Manter um aspeto consistente com acabamentos coordenados e costuras alinhadas<\/p>\n<\/li>\n<li data-start=\"893\" data-end=\"920\">\n<p data-start=\"895\" data-end=\"920\">Op\u00e7\u00f5es e personaliza\u00e7\u00e3o<\/p>\n<\/li>\n<li data-start=\"921\" data-end=\"1000\">\n<p data-start=\"923\" data-end=\"1000\">Comprimentos de calha, conjuntos de conectores e solu\u00e7\u00f5es de canto dispon\u00edveis por encomenda<\/p>\n<\/li>\n<li data-start=\"1001\" data-end=\"1091\">\n<p data-start=\"1003\" data-end=\"1091\">Tipos de lumin\u00e1rias selecion\u00e1veis: projectores, ilumina\u00e7\u00e3o linear, ilumina\u00e7\u00e3o de parede ou m\u00f3dulos de downlight<\/p>\n<\/li>\n<li data-start=\"1092\" data-end=\"1148\">\n<p data-start=\"1094\" data-end=\"1148\">CCT\/CRI e op\u00e7\u00f5es de regula\u00e7\u00e3o de intensidade oferecidas de acordo com as especifica\u00e7\u00f5es do projeto<\/p>\n<\/li>\n<li data-start=\"1149\" data-end=\"1209\">\n<p data-start=\"1151\" data-end=\"1209\">Cores de remate e acabamentos de superf\u00edcie configur\u00e1veis a pedido<\/p>\n<\/li>\n<li data-start=\"1210\" data-end=\"1275\">\n<p data-start=\"1212\" data-end=\"1275\">Fornecimento de desenhos de fabrico e de apoio ao desenho para aprova\u00e7\u00e3o da configura\u00e7\u00e3o<\/p>\n<\/li>\n<li data-start=\"1276\" data-end=\"1349\">\n<p data-start=\"1278\" data-end=\"1349\">Servi\u00e7o OEM\/ODM dispon\u00edvel para marcas, r\u00f3tulos e desenhos de embalagens<\/p>\n<\/li>\n<li data-start=\"1351\" data-end=\"1512\">\n<p data-start=\"1353\" data-end=\"1512\">Aplica\u00e7\u00f5es t\u00edpicas<br data-start=\"1373\" data-end=\"1376\" \/>Tectos de lojas, salas de exposi\u00e7\u00e3o, galerias, balc\u00f5es de caf\u00e9s, zonas de rece\u00e7\u00e3o de escrit\u00f3rios, stands de exposi\u00e7\u00f5es, \u00e1reas de estar de apartamentos, paredes de exposi\u00e7\u00e3o<\/p>\n<\/li>\n<li data-start=\"1514\" data-end=\"1782\">\n<p data-start=\"1516\" data-end=\"1782\">Fornecimento e apoio<br data-start=\"1532\" data-end=\"1535\" \/>O fornecimento direto da f\u00e1brica suporta a produ\u00e7\u00e3o em volume e o planeamento de prazos de entrega r\u00e1pidos para implementa\u00e7\u00f5es faseadas. Os registos de inspe\u00e7\u00e3o funcional dos lotes s\u00e3o mantidos e \u00e9 poss\u00edvel organizar a embalagem para exporta\u00e7\u00e3o ou a embalagem em caixas. Conformidade com as normas dispon\u00edvel mediante pedido.<\/p>\n<\/li>\n<\/ul>","protected":false},"excerpt":{"rendered":"<p>Lumin\u00e1rias de calha magn\u00e9tica montadas \u00e0 superf\u00edcie que permitem adicionar, mover e apontar m\u00f3dulos sem abrir o teto. O sistema permite uma instala\u00e7\u00e3o r\u00e1pida e linhas simples, ideal para tectos de lojas e showrooms onde os expositores mudam frequentemente.<\/p>","protected":false},"featured_media":703,"template":"","meta":{"_gspb_post_css":""},"product_brand":[],"product_cat":[21],"product_tag":[38,33,34,37,342,343,302,341,35,267,214],"class_list":{"0":"post-700","1":"product","2":"type-product","3":"status-publish","4":"has-post-thumbnail","6":"product_cat-magnetic-track-light","7":"product_tag-bulk-supply","8":"product_tag-ceiling-lighting","9":"product_tag-commercial-lighting","10":"product_tag-custom-size","11":"product_tag-led-spotlight-module","12":"product_tag-linear-lighting-module","13":"product_tag-magnetic-track-lighting","14":"product_tag-magnetic-track-lighting-fixtures-support-surface-mounting","15":"product_tag-retail-lighting","16":"product_tag-surface-mount-track-lighting","17":"product_tag-track-lighting-fixtures","19":"first","20":"instock","21":"shipping-taxable","22":"purchasable","23":"product-type-simple"},"_links":{"self":[{"href":"https:\/\/chineseledlight.com\/pt\/wp-json\/wp\/v2\/product\/700","targetHints":{"allow":["GET"]}}],"collection":[{"href":"https:\/\/chineseledlight.com\/pt\/wp-json\/wp\/v2\/product"}],"about":[{"href":"https:\/\/chineseledlight.com\/pt\/wp-json\/wp\/v2\/types\/product"}],"wp:featuredmedia":[{"embeddable":true,"href":"https:\/\/chineseledlight.com\/pt\/wp-json\/wp\/v2\/media\/703"}],"wp:attachment":[{"href":"https:\/\/chineseledlight.com\/pt\/wp-json\/wp\/v2\/media?parent=700"}],"wp:term":[{"taxonomy":"product_brand","embeddable":true,"href":"https:\/\/chineseledlight.com\/pt\/wp-json\/wp\/v2\/product_brand?post=700"},{"taxonomy":"product_cat","embeddable":true,"href":"https:\/\/chineseledlight.com\/pt\/wp-json\/wp\/v2\/product_cat?post=700"},{"taxonomy":"product_tag","embeddable":true,"href":"https:\/\/chineseledlight.com\/pt\/wp-json\/wp\/v2\/product_tag?post=700"}],"curies":[{"name":"wp","href":"https:\/\/api.w.org\/{rel}","templated":true}]}}