{"id":677,"date":"2026-02-01T02:44:16","date_gmt":"2026-02-01T02:44:16","guid":{"rendered":"https:\/\/chineseledlight.com\/?post_type=product&#038;p=677"},"modified":"2026-02-01T02:44:16","modified_gmt":"2026-02-01T02:44:16","slug":"led-ceiling-lights-use-a-metal-base-for-commercial-use","status":"publish","type":"product","link":"https:\/\/chineseledlight.com\/pt\/led-ceiling-lights-use-a-metal-base-for-commercial-use\/","title":{"rendered":"Os candeeiros de teto LED utilizam uma base met\u00e1lica para uso comercial"},"content":{"rendered":"<p data-start=\"59\" data-end=\"422\">Vis\u00e3o geral<br data-start=\"72\" data-end=\"75\" \/>Os interiores comerciais iluminados durante o dia exigem uma ilumina\u00e7\u00e3o de teto que seja confort\u00e1vel sem desperdi\u00e7ar energia. Estes candeeiros de teto LED utilizam uma base met\u00e1lica para melhorar a transfer\u00eancia de calor e proporcionar uma interface de montagem r\u00edgida, suportando um desempenho est\u00e1vel em espa\u00e7os com muito tr\u00e1fego. A difus\u00e3o uniforme ajuda a reduzir o contraste acentuado em \u00e1reas viradas para janelas e paredes de cortina.<\/p>\n<p data-start=\"424\" data-end=\"438\">Carater\u00edsticas principais<\/p>\n<ul data-start=\"439\" data-end=\"827\">\n<li data-start=\"439\" data-end=\"516\">\n<p data-start=\"441\" data-end=\"516\">Reduzir o consumo de energia com placas LED eficientes e controladores optimizados<\/p>\n<\/li>\n<li data-start=\"517\" data-end=\"587\">\n<p data-start=\"519\" data-end=\"587\">Distribui uma luz ambiente suave para minimizar o encandeamento e a fadiga visual<\/p>\n<\/li>\n<li data-start=\"588\" data-end=\"671\">\n<p data-start=\"590\" data-end=\"671\">Estabiliza a montagem da lumin\u00e1ria atrav\u00e9s de uma base met\u00e1lica refor\u00e7ada e de uma disposi\u00e7\u00e3o segura da cablagem<\/p>\n<\/li>\n<li data-start=\"672\" data-end=\"742\">\n<p data-start=\"674\" data-end=\"742\">Proteger o desempenho a longo prazo atrav\u00e9s de uma condu\u00e7\u00e3o t\u00e9rmica eficaz<\/p>\n<\/li>\n<li data-start=\"743\" data-end=\"827\">\n<p data-start=\"745\" data-end=\"827\">Facilidade de manuten\u00e7\u00e3o simplificada com uma estrutura interna limpa para uma substitui\u00e7\u00e3o mais r\u00e1pida<\/p>\n<\/li>\n<\/ul>\n<p data-start=\"829\" data-end=\"854\">Op\u00e7\u00f5es e personaliza\u00e7\u00e3o<\/p>\n<ul data-start=\"855\" data-end=\"1301\">\n<li data-start=\"855\" data-end=\"925\">\n<p data-start=\"857\" data-end=\"925\">Formatos de montagem em superf\u00edcie e de teto de baixo perfil dispon\u00edveis mediante pedido<\/p>\n<\/li>\n<li data-start=\"926\" data-end=\"994\">\n<p data-start=\"928\" data-end=\"994\">Sele\u00e7\u00e3o CCT\/CRI e op\u00e7\u00f5es de interface de regula\u00e7\u00e3o de acordo com as especifica\u00e7\u00f5es do projeto<\/p>\n<\/li>\n<li data-start=\"995\" data-end=\"1075\">\n<p data-start=\"997\" data-end=\"1075\">Op\u00e7\u00f5es de difusor (opalino, micro-prism\u00e1tico ou de controlo do brilho) oferecidas conforme necess\u00e1rio<\/p>\n<\/li>\n<li data-start=\"1076\" data-end=\"1159\">\n<p data-start=\"1078\" data-end=\"1159\">Tamanhos personalizados \/ feitos por encomenda tamanhos, recortes e acabamentos para combinar com as grelhas do teto<\/p>\n<\/li>\n<li data-start=\"1160\" data-end=\"1225\">\n<p data-start=\"1162\" data-end=\"1225\">Fornecimento de desenhos de fabrico e de apoio ao desenho para aprova\u00e7\u00e3o da disposi\u00e7\u00e3o<\/p>\n<\/li>\n<li data-start=\"1226\" data-end=\"1301\">\n<p data-start=\"1228\" data-end=\"1301\">Servi\u00e7o OEM\/ODM para etiquetas privadas, arte-final de caixas de cart\u00e3o e etiquetagem de produtos<\/p>\n<\/li>\n<\/ul>\n<p data-start=\"1303\" data-end=\"1492\">Aplica\u00e7\u00f5es t\u00edpicas<br data-start=\"1323\" data-end=\"1326\" \/>\u00c1reas abertas de escrit\u00f3rios, salas de reuni\u00f5es, pisos de vendas a retalho, corredores de centros comerciais, \u00e1trios de rece\u00e7\u00e3o, salas de aula, cl\u00ednicas, corredores de retaguarda, salas de exposi\u00e7\u00e3o com fachada de vidro<\/p>\n<p data-start=\"1494\" data-end=\"1798\">Fornecimento e apoio<br data-start=\"1510\" data-end=\"1513\" \/>O fornecimento a granel direto da f\u00e1brica permite um planeamento est\u00e1vel do prazo de entrega, com op\u00e7\u00f5es de prazo de entrega r\u00e1pido para configura\u00e7\u00f5es normalizadas. O controlo de qualidade interno e a rastreabilidade da qualidade s\u00e3o aplicados durante a produ\u00e7\u00e3o, podendo ser organizada a embalagem para exporta\u00e7\u00e3o ou a embalagem em caixotes. Conformidade com as normas dispon\u00edvel mediante pedido.<\/p>","protected":false},"excerpt":{"rendered":"<p>Candeeiros de teto LED com base met\u00e1lica concebidos para uma montagem est\u00e1vel e uma transfer\u00eancia de calor eficiente, proporcionando uma ilumina\u00e7\u00e3o ambiente uniforme de baixo brilho com uma sa\u00edda consistente durante longas horas de funcionamento. Uma escolha pr\u00e1tica para escrit\u00f3rios comerciais e pisos de retalho que necessitam de uma luminosidade confort\u00e1vel em zonas iluminadas durante o dia.<\/p>","protected":false},"featured_media":679,"template":"","meta":{"_gspb_post_css":""},"product_brand":[],"product_cat":[15],"product_tag":[38,322,325,39,324,69,321,79,323,46,35,150],"class_list":{"0":"post-677","1":"product","2":"type-product","3":"status-publish","4":"has-post-thumbnail","6":"product_cat-led-commercial-lighting","7":"product_tag-bulk-supply","8":"product_tag-commercial-ceiling-light","9":"product_tag-curtain-wall-interiors","10":"product_tag-factory-direct","11":"product_tag-glare-control-diffuser","12":"product_tag-led-ceiling-lighting","13":"product_tag-led-ceiling-lights-use-a-metal-base-for-commercial-use","14":"product_tag-made-to-order","15":"product_tag-metal-base-housing","16":"product_tag-office-lighting","17":"product_tag-retail-lighting","18":"product_tag-surface-mount-ceiling-light","20":"first","21":"instock","22":"shipping-taxable","23":"purchasable","24":"product-type-simple"},"_links":{"self":[{"href":"https:\/\/chineseledlight.com\/pt\/wp-json\/wp\/v2\/product\/677","targetHints":{"allow":["GET"]}}],"collection":[{"href":"https:\/\/chineseledlight.com\/pt\/wp-json\/wp\/v2\/product"}],"about":[{"href":"https:\/\/chineseledlight.com\/pt\/wp-json\/wp\/v2\/types\/product"}],"wp:featuredmedia":[{"embeddable":true,"href":"https:\/\/chineseledlight.com\/pt\/wp-json\/wp\/v2\/media\/679"}],"wp:attachment":[{"href":"https:\/\/chineseledlight.com\/pt\/wp-json\/wp\/v2\/media?parent=677"}],"wp:term":[{"taxonomy":"product_brand","embeddable":true,"href":"https:\/\/chineseledlight.com\/pt\/wp-json\/wp\/v2\/product_brand?post=677"},{"taxonomy":"product_cat","embeddable":true,"href":"https:\/\/chineseledlight.com\/pt\/wp-json\/wp\/v2\/product_cat?post=677"},{"taxonomy":"product_tag","embeddable":true,"href":"https:\/\/chineseledlight.com\/pt\/wp-json\/wp\/v2\/product_tag?post=677"}],"curies":[{"name":"wp","href":"https:\/\/api.w.org\/{rel}","templated":true}]}}