{"id":672,"date":"2026-02-01T02:36:51","date_gmt":"2026-02-01T02:36:51","guid":{"rendered":"https:\/\/chineseledlight.com\/?post_type=product&#038;p=672"},"modified":"2026-02-01T02:36:51","modified_gmt":"2026-02-01T02:36:51","slug":"led-decorative-wall-light-used-to-illuminate-hotel-corridors","status":"publish","type":"product","link":"https:\/\/chineseledlight.com\/pt\/led-decorative-wall-light-used-to-illuminate-hotel-corridors\/","title":{"rendered":"L\u00e2mpada de parede decorativa LED utilizada para iluminar corredores de hot\u00e9is"},"content":{"rendered":"<p data-start=\"65\" data-end=\"350\">Vis\u00e3o geral<br data-start=\"80\" data-end=\"83\" \/>Concebida para longos corredores, esta lumin\u00e1ria de parede LED decorativa proporciona uma ilumina\u00e7\u00e3o de orienta\u00e7\u00e3o eficiente, tendo em conta o conforto visual. A distribui\u00e7\u00e3o controlada do encandeamento ajuda os corredores a sentirem-se calmos e naveg\u00e1veis, especialmente perto das portas dos quartos de h\u00f3spedes e das \u00e1reas de transi\u00e7\u00e3o.<\/p>\n<ul data-start=\"352\" data-end=\"1730\">\n<li data-start=\"352\" data-end=\"368\">\n<p data-start=\"354\" data-end=\"368\">Carater\u00edsticas principais<\/p>\n<\/li>\n<li data-start=\"369\" data-end=\"423\">\n<p data-start=\"371\" data-end=\"423\">Orientar a orienta\u00e7\u00e3o com distribui\u00e7\u00e3o de luz de baixo brilho<\/p>\n<\/li>\n<li data-start=\"424\" data-end=\"484\">\n<p data-start=\"426\" data-end=\"484\">Menor consumo de energia atrav\u00e9s do desempenho eficiente dos LED<\/p>\n<\/li>\n<li data-start=\"485\" data-end=\"553\">\n<p data-start=\"487\" data-end=\"553\">Equil\u00edbrio entre ambiente e visibilidade com derrame e corte controlados<\/p>\n<\/li>\n<li data-start=\"554\" data-end=\"623\">\n<p data-start=\"556\" data-end=\"623\">Manter o aspeto consistente com um acabamento duradouro e arestas limpas<\/p>\n<\/li>\n<li data-start=\"624\" data-end=\"696\">\n<p data-start=\"626\" data-end=\"696\">Suporta uma utiliza\u00e7\u00e3o fi\u00e1vel atrav\u00e9s de uma conce\u00e7\u00e3o t\u00e9rmica e de cablagem interna segura<\/p>\n<\/li>\n<li data-start=\"698\" data-end=\"725\">\n<p data-start=\"700\" data-end=\"725\">Op\u00e7\u00f5es e personaliza\u00e7\u00e3o<\/p>\n<\/li>\n<li data-start=\"726\" data-end=\"801\">\n<p data-start=\"728\" data-end=\"801\">Tamanho do corpo, profundidade de proje\u00e7\u00e3o e op\u00e7\u00f5es de acabamento dispon\u00edveis por encomenda<\/p>\n<\/li>\n<li data-start=\"802\" data-end=\"861\">\n<p data-start=\"804\" data-end=\"861\">CCT\/CRI e selec\u00e7\u00f5es de regula\u00e7\u00e3o de intensidade oferecidas de acordo com as especifica\u00e7\u00f5es do projeto<\/p>\n<\/li>\n<li data-start=\"862\" data-end=\"934\">\n<p data-start=\"864\" data-end=\"934\">Difusores, persianas e op\u00e7\u00f5es de prote\u00e7\u00e3o contra a luz dispon\u00edveis mediante pedido<\/p>\n<\/li>\n<li data-start=\"935\" data-end=\"1012\">\n<p data-start=\"937\" data-end=\"1012\">Placa de montagem e posi\u00e7\u00f5es de entrada da cablagem configur\u00e1veis para paredes adaptadas<\/p>\n<\/li>\n<li data-start=\"1013\" data-end=\"1081\">\n<p data-start=\"1015\" data-end=\"1081\">Apoio ao desenho de fabrico e ao desenho fornecido para fluxos de trabalho de aprova\u00e7\u00e3o<\/p>\n<\/li>\n<li data-start=\"1082\" data-end=\"1147\">\n<p data-start=\"1084\" data-end=\"1147\">Servi\u00e7o OEM\/ODM para marcas, r\u00f3tulos e embalagens<\/p>\n<\/li>\n<li data-start=\"1149\" data-end=\"1173\">\n<p data-start=\"1151\" data-end=\"1173\">Aplica\u00e7\u00f5es t\u00edpicas<\/p>\n<\/li>\n<li data-start=\"1174\" data-end=\"1203\">\n<p data-start=\"1176\" data-end=\"1203\">Corredores dos quartos de hotel<\/p>\n<\/li>\n<li data-start=\"1204\" data-end=\"1239\">\n<p data-start=\"1206\" data-end=\"1239\">\u00c1trios de elevadores e salas de elevadores<\/p>\n<\/li>\n<li data-start=\"1240\" data-end=\"1278\">\n<p data-start=\"1242\" data-end=\"1278\">Corredores de apartamentos e condom\u00ednios<\/p>\n<\/li>\n<li data-start=\"1279\" data-end=\"1313\">\n<p data-start=\"1281\" data-end=\"1313\">Patamares e transi\u00e7\u00f5es de escadas<\/p>\n<\/li>\n<li data-start=\"1314\" data-end=\"1348\">\n<p data-start=\"1316\" data-end=\"1348\">Ilumina\u00e7\u00e3o de orienta\u00e7\u00e3o do percurso de sa\u00edda<\/p>\n<\/li>\n<li data-start=\"1349\" data-end=\"1388\">\n<p data-start=\"1351\" data-end=\"1388\">Corredores de servi\u00e7o e back-of-house<\/p>\n<\/li>\n<li data-start=\"1389\" data-end=\"1417\">\n<p data-start=\"1391\" data-end=\"1417\">Vias de acesso \u00e0 rece\u00e7\u00e3o<\/p>\n<\/li>\n<li data-start=\"1418\" data-end=\"1451\">\n<p data-start=\"1420\" data-end=\"1451\">Zonas de circula\u00e7\u00e3o hoteleira<\/p>\n<\/li>\n<li data-start=\"1453\" data-end=\"1730\">\n<p data-start=\"1455\" data-end=\"1730\">Fornecimento e apoio<br data-start=\"1471\" data-end=\"1474\" \/>A produ\u00e7\u00e3o em volume suporta calend\u00e1rios de projectos est\u00e1veis, com op\u00e7\u00f5es de prazos de entrega r\u00e1pidos com base na configura\u00e7\u00e3o. O controlo de qualidade interno e a rastreabilidade da qualidade s\u00e3o aplicados durante o fabrico, e pode ser organizada a embalagem para exporta\u00e7\u00e3o. Conformidade com as normas dispon\u00edvel mediante pedido.<\/p>\n<\/li>\n<\/ul>","protected":false},"excerpt":{"rendered":"<p>Lumin\u00e1ria decorativa de parede LED concebida para uma ilumina\u00e7\u00e3o uniforme e eficiente de corredores, com controlo de brilho, ajudando os hot\u00e9is a manter uma atmosfera nocturna calma com menor consumo de energia. Ideal para corredores de quartos de h\u00f3spedes e \u00e1trios de elevadores onde \u00e9 necess\u00e1ria uma ilumina\u00e7\u00e3o de orienta\u00e7\u00e3o consistente.<\/p>","protected":false},"featured_media":676,"template":"","meta":{"_gspb_post_css":""},"product_brand":[],"product_cat":[15],"product_tag":[34,72,37,318,74,36,320,319,316,317,63],"class_list":{"0":"post-672","1":"product","2":"type-product","3":"status-publish","4":"has-post-thumbnail","6":"product_cat-led-commercial-lighting","7":"product_tag-commercial-lighting","8":"product_tag-corridor-lighting","9":"product_tag-custom-size","10":"product_tag-decorative-wall-sconce","11":"product_tag-fast-lead-time","12":"product_tag-hospitality-lighting","13":"product_tag-hotel-corridor-light","14":"product_tag-indoor-wall-lighting","15":"product_tag-led-decorative-wall-light-used-to-illuminate-hotel-corridors","16":"product_tag-led-wall-light","17":"product_tag-volume-production","19":"first","20":"instock","21":"shipping-taxable","22":"purchasable","23":"product-type-simple"},"_links":{"self":[{"href":"https:\/\/chineseledlight.com\/pt\/wp-json\/wp\/v2\/product\/672","targetHints":{"allow":["GET"]}}],"collection":[{"href":"https:\/\/chineseledlight.com\/pt\/wp-json\/wp\/v2\/product"}],"about":[{"href":"https:\/\/chineseledlight.com\/pt\/wp-json\/wp\/v2\/types\/product"}],"wp:featuredmedia":[{"embeddable":true,"href":"https:\/\/chineseledlight.com\/pt\/wp-json\/wp\/v2\/media\/676"}],"wp:attachment":[{"href":"https:\/\/chineseledlight.com\/pt\/wp-json\/wp\/v2\/media?parent=672"}],"wp:term":[{"taxonomy":"product_brand","embeddable":true,"href":"https:\/\/chineseledlight.com\/pt\/wp-json\/wp\/v2\/product_brand?post=672"},{"taxonomy":"product_cat","embeddable":true,"href":"https:\/\/chineseledlight.com\/pt\/wp-json\/wp\/v2\/product_cat?post=672"},{"taxonomy":"product_tag","embeddable":true,"href":"https:\/\/chineseledlight.com\/pt\/wp-json\/wp\/v2\/product_tag?post=672"}],"curies":[{"name":"wp","href":"https:\/\/api.w.org\/{rel}","templated":true}]}}