{"id":642,"date":"2026-02-01T02:09:56","date_gmt":"2026-02-01T02:09:56","guid":{"rendered":"https:\/\/chineseledlight.com\/?post_type=product&#038;p=642"},"modified":"2026-02-01T02:09:56","modified_gmt":"2026-02-01T02:09:56","slug":"modular-magnetic-track-lighting-system-magnetic-track-lights","status":"publish","type":"product","link":"https:\/\/chineseledlight.com\/pt\/modular-magnetic-track-lighting-system-magnetic-track-lights\/","title":{"rendered":"Sistema modular de ilumina\u00e7\u00e3o magn\u00e9tica para calhas Luzes magn\u00e9ticas para calhas"},"content":{"rendered":"<p data-start=\"65\" data-end=\"433\">Vis\u00e3o geral<br data-start=\"78\" data-end=\"81\" \/>Onde a ilumina\u00e7\u00e3o se encontra com layouts flex\u00edveis, um sistema modular de calhas magn\u00e9ticas ajuda a reduzir a utiliza\u00e7\u00e3o desnecess\u00e1ria de energia, mantendo o conforto visual consistente. Os m\u00f3dulos magn\u00e9ticos de encaixe deslizam, trocam e apontam rapidamente, para que possa aperfei\u00e7oar os cen\u00e1rios sem ter de voltar a ligar os cabos. As linhas simples e a \u00f3tica de baixo encandeamento fazem com que seja uma solu\u00e7\u00e3o ideal para interiores adjacentes \u00e0 luz do dia e espa\u00e7os com fachada de vidro.<\/p>\n<p data-start=\"435\" data-end=\"449\">Carater\u00edsticas principais<\/p>\n<ul data-start=\"450\" data-end=\"838\">\n<li data-start=\"450\" data-end=\"528\">\n<p data-start=\"452\" data-end=\"528\">Otimizar o desempenho pot\u00eancia-l\u00famen para zonas de realce e ambientes eficientes<\/p>\n<\/li>\n<li data-start=\"529\" data-end=\"610\">\n<p data-start=\"531\" data-end=\"610\">Permitem o reposicionamento sem ferramentas para responder a mudan\u00e7as na mercadoria ou nos expositores<\/p>\n<\/li>\n<li data-start=\"611\" data-end=\"690\">\n<p data-start=\"613\" data-end=\"690\">Manter o controlo est\u00e1vel do feixe com deflectores antirreflexo e reflectores precisos<\/p>\n<\/li>\n<li data-start=\"691\" data-end=\"758\">\n<p data-start=\"693\" data-end=\"758\">Reduzir o tempo de instala\u00e7\u00e3o atrav\u00e9s de componentes modulares e repet\u00edveis<\/p>\n<\/li>\n<li data-start=\"759\" data-end=\"838\">\n<p data-start=\"761\" data-end=\"838\">Apoiar a fiabilidade a longo prazo com gest\u00e3o t\u00e9rmica e conectores robustos<\/p>\n<\/li>\n<\/ul>\n<p data-start=\"840\" data-end=\"865\">Op\u00e7\u00f5es e personaliza\u00e7\u00e3o<\/p>\n<ul data-start=\"866\" data-end=\"1325\">\n<li data-start=\"866\" data-end=\"948\">\n<p data-start=\"868\" data-end=\"948\">M\u00e9todos de montagem de calhas e disposi\u00e7\u00f5es de cantos\/conex\u00f5es dispon\u00edveis por plano de teto<\/p>\n<\/li>\n<li data-start=\"949\" data-end=\"1033\">\n<p data-start=\"951\" data-end=\"1033\">Op\u00e7\u00f5es de mistura de m\u00f3dulos: projectores, ilumina\u00e7\u00e3o linear, ilumina\u00e7\u00e3o de parede ou inser\u00e7\u00f5es de downlight<\/p>\n<\/li>\n<li data-start=\"1034\" data-end=\"1108\">\n<p data-start=\"1036\" data-end=\"1108\">CCT\/CRI e selec\u00e7\u00f5es de interface de regula\u00e7\u00e3o de intensidade oferecidas para corresponder \u00e0s especifica\u00e7\u00f5es do projeto<\/p>\n<\/li>\n<li data-start=\"1109\" data-end=\"1178\">\n<p data-start=\"1111\" data-end=\"1178\">Tamanho personalizado \/ comprimentos e acabamentos feitos por encomenda para s\u00e9ries cont\u00ednuas<\/p>\n<\/li>\n<li data-start=\"1179\" data-end=\"1249\">\n<p data-start=\"1181\" data-end=\"1249\">Servi\u00e7o OEM\/ODM para marcas, etiquetas e caixas de m\u00f3dulos personalizados<\/p>\n<\/li>\n<li data-start=\"1250\" data-end=\"1325\">\n<p data-start=\"1252\" data-end=\"1325\">Fornecimento de desenhos de fabrico e de apoio aos desenhos para aprova\u00e7\u00e3o e coordena\u00e7\u00e3o<\/p>\n<\/li>\n<\/ul>\n<p data-start=\"1327\" data-end=\"1487\">Aplica\u00e7\u00f5es t\u00edpicas<br data-start=\"1347\" data-end=\"1350\" \/>Prateleiras de lojas, montras de boutiques, paredes de galerias, rece\u00e7\u00e3o de escrit\u00f3rios, salas de exposi\u00e7\u00e3o, caf\u00e9s, cozinhas abertas residenciais, ilumina\u00e7\u00e3o de corredores<\/p>\n<p data-start=\"1489\" data-end=\"1711\">Fornecimento e apoio<br data-start=\"1505\" data-end=\"1508\" \/>A produ\u00e7\u00e3o em volume com op\u00e7\u00f5es de prazos de entrega r\u00e1pidos \u00e9 apoiada por um controlo de qualidade interno e pela rastreabilidade da qualidade. A embalagem para exporta\u00e7\u00e3o pode ser organizada para envios de m\u00f3dulos mistos. Conformidade com as normas dispon\u00edvel mediante pedido.<\/p>","protected":false},"excerpt":{"rendered":"<p>Um sistema modular de ilumina\u00e7\u00e3o de calha magn\u00e9tica que permite deslizar e trocar as luzes da calha em segundos, mantendo o controlo do feixe e a efici\u00eancia consistentes em layouts vari\u00e1veis. Ideal para a ilumina\u00e7\u00e3o de expositores de retalho, onde os cen\u00e1rios necessitam de ajustes frequentes sem necessidade de voltar a ligar os cabos.<\/p>","protected":false},"featured_media":645,"template":"","meta":{"_gspb_post_css":""},"product_brand":[],"product_cat":[21],"product_tag":[38,311,34,37,310,123,302,308,46,35,309],"class_list":{"0":"post-642","1":"product","2":"type-product","3":"status-publish","4":"has-post-thumbnail","6":"product_cat-magnetic-track-light","7":"product_tag-bulk-supply","8":"product_tag-ceiling-track","9":"product_tag-commercial-lighting","10":"product_tag-custom-size","11":"product_tag-led-track-lights","12":"product_tag-linear-lighting-modules","13":"product_tag-magnetic-track-lighting","14":"product_tag-modular-magnetic-track-lighting-system-magnetic-track-lights","15":"product_tag-office-lighting","16":"product_tag-retail-lighting","17":"product_tag-track-lighting-system","19":"first","20":"instock","21":"shipping-taxable","22":"purchasable","23":"product-type-simple"},"_links":{"self":[{"href":"https:\/\/chineseledlight.com\/pt\/wp-json\/wp\/v2\/product\/642","targetHints":{"allow":["GET"]}}],"collection":[{"href":"https:\/\/chineseledlight.com\/pt\/wp-json\/wp\/v2\/product"}],"about":[{"href":"https:\/\/chineseledlight.com\/pt\/wp-json\/wp\/v2\/types\/product"}],"wp:featuredmedia":[{"embeddable":true,"href":"https:\/\/chineseledlight.com\/pt\/wp-json\/wp\/v2\/media\/645"}],"wp:attachment":[{"href":"https:\/\/chineseledlight.com\/pt\/wp-json\/wp\/v2\/media?parent=642"}],"wp:term":[{"taxonomy":"product_brand","embeddable":true,"href":"https:\/\/chineseledlight.com\/pt\/wp-json\/wp\/v2\/product_brand?post=642"},{"taxonomy":"product_cat","embeddable":true,"href":"https:\/\/chineseledlight.com\/pt\/wp-json\/wp\/v2\/product_cat?post=642"},{"taxonomy":"product_tag","embeddable":true,"href":"https:\/\/chineseledlight.com\/pt\/wp-json\/wp\/v2\/product_tag?post=642"}],"curies":[{"name":"wp","href":"https:\/\/api.w.org\/{rel}","templated":true}]}}