{"id":615,"date":"2026-02-01T01:27:57","date_gmt":"2026-02-01T01:27:57","guid":{"rendered":"https:\/\/chineseledlight.com\/?post_type=product&#038;p=615"},"modified":"2026-02-01T01:27:57","modified_gmt":"2026-02-01T01:27:57","slug":"trimless-recessed-grille-spotlight-for-commercial-lighting","status":"publish","type":"product","link":"https:\/\/chineseledlight.com\/pt\/trimless-recessed-grille-spotlight-for-commercial-lighting\/","title":{"rendered":"Projetor de grelha de encastrar sem guarni\u00e7\u00e3o para ilumina\u00e7\u00e3o comercial"},"content":{"rendered":"<p data-start=\"71\" data-end=\"378\">Vis\u00e3o geral<br data-start=\"79\" data-end=\"82\" \/>Concebido para desaparecer no teto, este projetor com grelha de encastrar sem acabamento proporciona um acabamento n\u00edtido e arquitet\u00f3nico com um controlo de feixe disciplinado e confort\u00e1vel. A grelha de c\u00e9lulas profundas ajuda a proteger a fonte de luz, suportando realces precisos sem brilho perturbador em espa\u00e7os comerciais activos.<\/p>\n<p data-start=\"382\" data-end=\"396\">Carater\u00edsticas principais<\/p>\n<p data-start=\"399\" data-end=\"461\">Integram-se perfeitamente com as placas de gesso cartonado para um verdadeiro aspeto sem remates<\/p>\n<p data-start=\"464\" data-end=\"518\">Acentos focados na forma utilizando a \u00f3tica da grelha antirreflexo<\/p>\n<p data-start=\"521\" data-end=\"588\">Manter os tectos visualmente consistentes com aberturas alinhadas e modulares<\/p>\n<p data-start=\"591\" data-end=\"659\">Organize v\u00e1rias cabe\u00e7as numa zona rebaixada para reduzir a desarruma\u00e7\u00e3o<\/p>\n<p data-start=\"662\" data-end=\"727\">Simplificar a manuten\u00e7\u00e3o atrav\u00e9s de uma conce\u00e7\u00e3o acess\u00edvel do condutor\/m\u00f3dulo<\/p>\n<p data-start=\"731\" data-end=\"756\">Op\u00e7\u00f5es e personaliza\u00e7\u00e3o<\/p>\n<p data-start=\"759\" data-end=\"824\">Tamanho personalizado \/ layouts de grelha feitos por encomenda para tectos de projeto<\/p>\n<p data-start=\"827\" data-end=\"893\">Selec\u00e7\u00f5es CCT\/CRI e op\u00e7\u00f5es de distribui\u00e7\u00e3o dispon\u00edveis mediante pedido<\/p>\n<p data-start=\"896\" data-end=\"974\">Profundidade da caixa, m\u00e9todo de corte e op\u00e7\u00f5es de moldura de gesso para se adaptar \u00e0s constru\u00e7\u00f5es<\/p>\n<p data-start=\"977\" data-end=\"1044\">Interfaces de regula\u00e7\u00e3o de fluxo luminoso e de controlo dispon\u00edveis para corresponder aos requisitos do local<\/p>\n<p data-start=\"1047\" data-end=\"1118\">Acabamentos a cores para a grelha e a carro\u00e7aria, incluindo op\u00e7\u00f5es de baixa reflex\u00e3o<\/p>\n<p data-start=\"1122\" data-end=\"1289\">Aplica\u00e7\u00f5es t\u00edpicas<br data-start=\"1142\" data-end=\"1145\" \/>Lojas de retalho, boutiques, showrooms de marcas, galerias, \u00e1trios de escrit\u00f3rios, corredores, \u00e1reas de rece\u00e7\u00e3o, salas de reuni\u00f5es, restaurantes, zonas p\u00fablicas de hot\u00e9is<\/p>\n<p data-start=\"1293\" data-end=\"1611\">Fornecimento e apoio<br data-start=\"1309\" data-end=\"1312\" \/>A produ\u00e7\u00e3o de volume direta da f\u00e1brica com um prazo de entrega est\u00e1vel pode ser organizada para implementa\u00e7\u00f5es e programas em v\u00e1rios locais. S\u00e3o fornecidas especifica\u00e7\u00f5es do projeto e apoio ao desenho da loja, apoiados por um controlo de qualidade interno e rastreabilidade da qualidade. A embalagem para exporta\u00e7\u00e3o ou a embalagem em caixote est\u00e3o dispon\u00edveis; a conformidade com as normas est\u00e1 dispon\u00edvel mediante pedido.<\/p>","protected":false},"excerpt":{"rendered":"<p>Um projetor com grelha de encastrar sem guarni\u00e7\u00e3o que se integra em tectos de gesso, ao mesmo tempo que proporciona realces controlados e de baixo brilho. Ideal para ilumina\u00e7\u00e3o de expositores de retalho e \u00e1reas de escrit\u00f3rios onde as linhas simples e o conforto visual s\u00e3o importantes.<\/p>","protected":false},"featured_media":619,"template":"","meta":{"_gspb_post_css":""},"product_brand":[],"product_cat":[15],"product_tag":[38,221,34,37,39,36,283,46,282,35,281,280],"class_list":{"0":"post-615","1":"product","2":"type-product","3":"status-publish","4":"has-post-thumbnail","6":"product_cat-led-commercial-lighting","7":"product_tag-bulk-supply","8":"product_tag-ceiling-spotlights","9":"product_tag-commercial-lighting","10":"product_tag-custom-size","11":"product_tag-factory-direct","12":"product_tag-hospitality-lighting","13":"product_tag-led-grille-spotlights","14":"product_tag-office-lighting","15":"product_tag-plaster-in-ceiling-frame","16":"product_tag-retail-lighting","17":"product_tag-trimless-recessed-downlight","18":"product_tag-trimless-recessed-grille-spotlight-for-commercial-lighting","20":"first","21":"instock","22":"shipping-taxable","23":"purchasable","24":"product-type-simple"},"_links":{"self":[{"href":"https:\/\/chineseledlight.com\/pt\/wp-json\/wp\/v2\/product\/615","targetHints":{"allow":["GET"]}}],"collection":[{"href":"https:\/\/chineseledlight.com\/pt\/wp-json\/wp\/v2\/product"}],"about":[{"href":"https:\/\/chineseledlight.com\/pt\/wp-json\/wp\/v2\/types\/product"}],"wp:featuredmedia":[{"embeddable":true,"href":"https:\/\/chineseledlight.com\/pt\/wp-json\/wp\/v2\/media\/619"}],"wp:attachment":[{"href":"https:\/\/chineseledlight.com\/pt\/wp-json\/wp\/v2\/media?parent=615"}],"wp:term":[{"taxonomy":"product_brand","embeddable":true,"href":"https:\/\/chineseledlight.com\/pt\/wp-json\/wp\/v2\/product_brand?post=615"},{"taxonomy":"product_cat","embeddable":true,"href":"https:\/\/chineseledlight.com\/pt\/wp-json\/wp\/v2\/product_cat?post=615"},{"taxonomy":"product_tag","embeddable":true,"href":"https:\/\/chineseledlight.com\/pt\/wp-json\/wp\/v2\/product_tag?post=615"}],"curies":[{"name":"wp","href":"https:\/\/api.w.org\/{rel}","templated":true}]}}