{"id":607,"date":"2026-02-01T01:27:54","date_gmt":"2026-02-01T01:27:54","guid":{"rendered":"https:\/\/chineseledlight.com\/?post_type=product&#038;p=607"},"modified":"2026-02-01T01:27:54","modified_gmt":"2026-02-01T01:27:54","slug":"led-track-lighting-spotlight-in-black-for-commercial-use","status":"publish","type":"product","link":"https:\/\/chineseledlight.com\/pt\/led-track-lighting-spotlight-in-black-for-commercial-use\/","title":{"rendered":"Projetor de ilumina\u00e7\u00e3o de calha LED em preto para uso comercial"},"content":{"rendered":"<p data-start=\"69\" data-end=\"289\"><strong data-start=\"69\" data-end=\"81\">Vis\u00e3o geral<\/strong><br data-start=\"81\" data-end=\"84\" \/>Um projetor de calha em preto mate que complementa os interiores modernos ao mesmo tempo que proporciona realces n\u00edtidos e controlados. O corpo cil\u00edndrico compacto mant\u00e9m a linha do teto limpa e direciona a luz com precis\u00e3o para o alvo.<\/p>\n<p data-start=\"293\" data-end=\"311\"><strong data-start=\"293\" data-end=\"309\">Carater\u00edsticas principais<\/strong><\/p>\n<p data-start=\"316\" data-end=\"388\">Definir destaques focais com \u00f3tica refinada para uma hierarquia visual clara<\/p>\n<p data-start=\"393\" data-end=\"471\">Minimizar o encandeamento atrav\u00e9s de uma sa\u00edda de luz embutida e de acess\u00f3rios antirreflexo opcionais<\/p>\n<p data-start=\"476\" data-end=\"537\">Ajuste e fixa\u00e7\u00e3o da mira com um movimento suave de inclina\u00e7\u00e3o\/rota\u00e7\u00e3o<\/p>\n<p data-start=\"542\" data-end=\"624\">Mant\u00e9m um aspeto de qualidade superior com um revestimento preto duradouro, adequado para espa\u00e7os com muito movimento<\/p>\n<p data-start=\"629\" data-end=\"707\">Suporta um desempenho est\u00e1vel com uma conce\u00e7\u00e3o t\u00e9rmica eficiente para o funcionamento di\u00e1rio<\/p>\n<p data-start=\"711\" data-end=\"740\"><strong data-start=\"711\" data-end=\"738\">Op\u00e7\u00f5es e personaliza\u00e7\u00e3o<\/strong><\/p>\n<p data-start=\"745\" data-end=\"810\">\u00c2ngulos de feixe, lentes e acess\u00f3rios frontais dispon\u00edveis mediante pedido<\/p>\n<p data-start=\"815\" data-end=\"877\">Sele\u00e7\u00e3o de CCT e CRI para corresponder aos tons da mercadoria ou da obra de arte<\/p>\n<p data-start=\"882\" data-end=\"944\">Configura\u00e7\u00f5es de regula\u00e7\u00e3o da intensidade luminosa\/disparador para se adaptarem a sistemas de controlo comuns<\/p>\n<p data-start=\"949\" data-end=\"1011\">Op\u00e7\u00f5es de adaptadores de via e de cablagem para as vias f\u00e9rreas mais utilizadas<\/p>\n<p data-start=\"1016\" data-end=\"1090\"><strong data-start=\"1016\" data-end=\"1047\">Tamanho personalizado \/ Feito por encomenda<\/strong> detalhes para restri\u00e7\u00f5es espec\u00edficas do projeto<\/p>\n<p data-start=\"1095\" data-end=\"1167\"><strong data-start=\"1095\" data-end=\"1114\">Servi\u00e7o OEM\/ODM<\/strong> com <strong data-start=\"1120\" data-end=\"1136\">Especifica\u00e7\u00e3o do projeto<\/strong> e <strong data-start=\"1141\" data-end=\"1157\">Desenho da loja<\/strong> apoio<\/p>\n<p data-start=\"1171\" data-end=\"1344\"><strong data-start=\"1171\" data-end=\"1195\">Aplica\u00e7\u00f5es t\u00edpicas<\/strong><br data-start=\"1195\" data-end=\"1198\" \/>Lojas de retalho, boutiques de moda, supermercados, galerias, museus, showrooms de marcas, lobbies de hot\u00e9is, \u00e1reas de rece\u00e7\u00e3o, restaurantes, stands de exposi\u00e7\u00f5es<\/p>\n<p data-start=\"1348\" data-end=\"1643\"><strong data-start=\"1348\" data-end=\"1368\">Fornecimento e apoio<\/strong><br data-start=\"1368\" data-end=\"1371\" \/><strong data-start=\"1371\" data-end=\"1389\">Direto da f\u00e1brica<\/strong> fornecer com <strong data-start=\"1402\" data-end=\"1423\">Produ\u00e7\u00e3o em volume<\/strong> capacidade e <strong data-start=\"1439\" data-end=\"1459\">Prazo de entrega est\u00e1vel<\/strong> para encomendas repetidas. <strong data-start=\"1479\" data-end=\"1494\">Controlo de qualidade interno<\/strong> com <strong data-start=\"1500\" data-end=\"1524\">Rastreabilidade da qualidade<\/strong>, mais <strong data-start=\"1531\" data-end=\"1551\">Embalagem para exporta\u00e7\u00e3o<\/strong> ou <strong data-start=\"1555\" data-end=\"1572\">Embalagem de caixotes<\/strong> para expedi\u00e7\u00e3o a longa dist\u00e2ncia. Conformidade com as normas dispon\u00edveis mediante pedido.<\/p>","protected":false},"excerpt":{"rendered":"<p>Um projetor de ilumina\u00e7\u00e3o de calha LED preto mate concebido para tectos limpos e feixes de realce precisos. A mira ajust\u00e1vel e a \u00f3tica de baixo brilho tornam-no ideal para merchandising comercial, como destacar produtos em lojas de retalho, showrooms e galerias de exposi\u00e7\u00e3o.<\/p>","protected":false},"featured_media":623,"template":"","meta":{"_gspb_post_css":""},"product_brand":[],"product_cat":[15],"product_tag":[276,38,258,34,37,278,135,275,279,48,277,83],"class_list":{"0":"post-607","1":"product","2":"type-product","3":"status-publish","4":"has-post-thumbnail","6":"product_cat-led-commercial-lighting","7":"product_tag-adjustable-spotlight-head","8":"product_tag-bulk-supply","9":"product_tag-ceiling-track-lighting","10":"product_tag-commercial-lighting","11":"product_tag-custom-size","12":"product_tag-gallery-accent-lighting","13":"product_tag-led-spotlights","14":"product_tag-led-track-lighting-spotlight-in-black-for-commercial-use","15":"product_tag-matte-black-finish","16":"product_tag-oem-odm-service","17":"product_tag-retail-store-lighting","18":"product_tag-track-lighting","20":"first","21":"instock","22":"shipping-taxable","23":"purchasable","24":"product-type-simple"},"_links":{"self":[{"href":"https:\/\/chineseledlight.com\/pt\/wp-json\/wp\/v2\/product\/607","targetHints":{"allow":["GET"]}}],"collection":[{"href":"https:\/\/chineseledlight.com\/pt\/wp-json\/wp\/v2\/product"}],"about":[{"href":"https:\/\/chineseledlight.com\/pt\/wp-json\/wp\/v2\/types\/product"}],"wp:featuredmedia":[{"embeddable":true,"href":"https:\/\/chineseledlight.com\/pt\/wp-json\/wp\/v2\/media\/623"}],"wp:attachment":[{"href":"https:\/\/chineseledlight.com\/pt\/wp-json\/wp\/v2\/media?parent=607"}],"wp:term":[{"taxonomy":"product_brand","embeddable":true,"href":"https:\/\/chineseledlight.com\/pt\/wp-json\/wp\/v2\/product_brand?post=607"},{"taxonomy":"product_cat","embeddable":true,"href":"https:\/\/chineseledlight.com\/pt\/wp-json\/wp\/v2\/product_cat?post=607"},{"taxonomy":"product_tag","embeddable":true,"href":"https:\/\/chineseledlight.com\/pt\/wp-json\/wp\/v2\/product_tag?post=607"}],"curies":[{"name":"wp","href":"https:\/\/api.w.org\/{rel}","templated":true}]}}