{"id":410,"date":"2026-01-31T03:21:14","date_gmt":"2026-01-31T03:21:14","guid":{"rendered":"https:\/\/chineseledlight.com\/?post_type=product&#038;p=410"},"modified":"2026-01-31T03:21:14","modified_gmt":"2026-01-31T03:21:14","slug":"new-graffiti-smart-downlights-anti-glare-led-downlights","status":"publish","type":"product","link":"https:\/\/chineseledlight.com\/pt\/new-graffiti-smart-downlights-anti-glare-led-downlights\/","title":{"rendered":"Novo Graffiti Smart Downlights Downlights LED antirreflexo"},"content":{"rendered":"<p data-start=\"60\" data-end=\"404\"><strong data-start=\"66\" data-end=\"78\">Vis\u00e3o geral<\/strong><br data-start=\"78\" data-end=\"81\" \/>A luz quente e controlada \u00e9 o objetivo aqui: o design antirreflexo reduz a aspereza visual e ajuda os interiores a sentirem-se mais calmos e mais privados. O acabamento \u201cgraffiti\u201d acrescenta um toque decorativo subtil sem sobrecarregar os tectos arquitect\u00f3nicos. A integra\u00e7\u00e3o do controlo inteligente pode ser especificada para corresponder aos cen\u00e1rios de ilumina\u00e7\u00e3o do seu projeto.<\/p>\n<p data-start=\"406\" data-end=\"424\"><strong data-start=\"406\" data-end=\"422\">Carater\u00edsticas principais<\/strong><\/p>\n<ul data-start=\"425\" data-end=\"810\">\n<li data-start=\"425\" data-end=\"501\">\n<p data-start=\"427\" data-end=\"501\">Suaviza o brilho para \u00e2ngulos de vis\u00e3o confort\u00e1veis em zonas sentadas e de passeio<\/p>\n<\/li>\n<li data-start=\"502\" data-end=\"581\">\n<p data-start=\"504\" data-end=\"581\">Forma a luz com um controlo de feixe refinado para realces e ilumina\u00e7\u00e3o geral<\/p>\n<\/li>\n<li data-start=\"582\" data-end=\"650\">\n<p data-start=\"584\" data-end=\"650\">Mant\u00e9m as linhas do teto limpas com um aspeto rebaixado de baixo perfil<\/p>\n<\/li>\n<li data-start=\"651\" data-end=\"737\">\n<p data-start=\"653\" data-end=\"737\">Mant\u00e9m um aspeto consistente em todas as divis\u00f5es com op\u00e7\u00f5es de consist\u00eancia de cores a pedido<\/p>\n<\/li>\n<li data-start=\"738\" data-end=\"810\">\n<p data-start=\"740\" data-end=\"810\">Simplifica a manuten\u00e7\u00e3o com acabamentos de f\u00e1cil manuten\u00e7\u00e3o e constru\u00e7\u00e3o modular<\/p>\n<\/li>\n<\/ul>\n<p data-start=\"812\" data-end=\"841\"><strong data-start=\"812\" data-end=\"839\">Op\u00e7\u00f5es e personaliza\u00e7\u00e3o<\/strong><\/p>\n<ul data-start=\"842\" data-end=\"1175\">\n<li data-start=\"842\" data-end=\"915\">\n<p data-start=\"844\" data-end=\"915\">Op\u00e7\u00f5es de interface de controlo e de condutor inteligentes dispon\u00edveis mediante pedido<\/p>\n<\/li>\n<li data-start=\"916\" data-end=\"986\">\n<p data-start=\"918\" data-end=\"986\">Estilos de remate e acabamentos de superf\u00edcie, incluindo padr\u00f5es por encomenda<\/p>\n<\/li>\n<li data-start=\"987\" data-end=\"1057\">\n<p data-start=\"989\" data-end=\"1057\">Selec\u00e7\u00f5es de sa\u00edda e feixe para se adequar \u00e0 tarefa, ao ambiente ou \u00e0s camadas de realce<\/p>\n<\/li>\n<li data-start=\"1058\" data-end=\"1123\">\n<p data-start=\"1060\" data-end=\"1123\">Coordena\u00e7\u00e3o de recortes de tamanho personalizado para diferentes sistemas de teto<\/p>\n<\/li>\n<li data-start=\"1124\" data-end=\"1175\">\n<p data-start=\"1126\" data-end=\"1175\">Apoio \u00e0s especifica\u00e7\u00f5es do projeto e aos desenhos da loja, conforme necess\u00e1rio<\/p>\n<\/li>\n<\/ul>\n<p data-start=\"1177\" data-end=\"1348\"><strong data-start=\"1177\" data-end=\"1201\">Aplica\u00e7\u00f5es t\u00edpicas<\/strong><br data-start=\"1201\" data-end=\"1204\" \/>Lobbies de hot\u00e9is, corredores de quartos de h\u00f3spedes, escrit\u00f3rios, salas de reuni\u00f5es, \u00e1reas de rece\u00e7\u00e3o, salas de estar residenciais, apartamentos, boutiques, galerias, sal\u00f5es<\/p>\n<p data-start=\"1350\" data-end=\"1590\"><strong data-start=\"1350\" data-end=\"1370\">Fornecimento e apoio<\/strong><br data-start=\"1370\" data-end=\"1373\" \/>Produ\u00e7\u00e3o em volume direta da f\u00e1brica com planeamento est\u00e1vel do prazo de entrega. O controlo de qualidade interno e a rastreabilidade da qualidade s\u00e3o aplicados a cada lote, com embalagens de exporta\u00e7\u00e3o dispon\u00edveis para expedi\u00e7\u00e3o. Conformidade com as normas dispon\u00edveis mediante pedido.<\/p>","protected":false},"excerpt":{"rendered":"<p>Concebidas para conforto visual, estas lumin\u00e1rias embutidas inteligentes com acabamento em grafite utilizam \u00f3pticas antirreflexo para manter os tectos calmos, ao mesmo tempo que mant\u00eam os realces n\u00edtidos. Uma escolha s\u00f3lida para corredores de hot\u00e9is e \u00e1reas de rece\u00e7\u00e3o onde o ambiente, a ilumina\u00e7\u00e3o de orienta\u00e7\u00e3o e linhas de teto limpas s\u00e3o importantes.<\/p>","protected":false},"featured_media":500,"template":"","meta":{"_gspb_post_css":""},"product_brand":[],"product_cat":[22],"product_tag":[168,38,33,37,36,56,166,46,60,47,167],"class_list":{"0":"post-410","1":"product","2":"type-product","3":"status-publish","4":"has-post-thumbnail","6":"product_cat-led-downlights","7":"product_tag-anti-glare-downlight","8":"product_tag-bulk-supply","9":"product_tag-ceiling-lighting","10":"product_tag-custom-size","11":"product_tag-hospitality-lighting","12":"product_tag-hotel-lobby-lighting","13":"product_tag-new-graffiti-smart-downlights-anti-glare-led-downlights","14":"product_tag-office-lighting","15":"product_tag-recessed-downlights","16":"product_tag-residential-lighting","17":"product_tag-smart-lighting","19":"first","20":"instock","21":"shipping-taxable","22":"purchasable","23":"product-type-simple"},"_links":{"self":[{"href":"https:\/\/chineseledlight.com\/pt\/wp-json\/wp\/v2\/product\/410","targetHints":{"allow":["GET"]}}],"collection":[{"href":"https:\/\/chineseledlight.com\/pt\/wp-json\/wp\/v2\/product"}],"about":[{"href":"https:\/\/chineseledlight.com\/pt\/wp-json\/wp\/v2\/types\/product"}],"wp:featuredmedia":[{"embeddable":true,"href":"https:\/\/chineseledlight.com\/pt\/wp-json\/wp\/v2\/media\/500"}],"wp:attachment":[{"href":"https:\/\/chineseledlight.com\/pt\/wp-json\/wp\/v2\/media?parent=410"}],"wp:term":[{"taxonomy":"product_brand","embeddable":true,"href":"https:\/\/chineseledlight.com\/pt\/wp-json\/wp\/v2\/product_brand?post=410"},{"taxonomy":"product_cat","embeddable":true,"href":"https:\/\/chineseledlight.com\/pt\/wp-json\/wp\/v2\/product_cat?post=410"},{"taxonomy":"product_tag","embeddable":true,"href":"https:\/\/chineseledlight.com\/pt\/wp-json\/wp\/v2\/product_tag?post=410"}],"curies":[{"name":"wp","href":"https:\/\/api.w.org\/{rel}","templated":true}]}}