{"id":398,"date":"2026-01-31T02:15:16","date_gmt":"2026-01-31T02:15:16","guid":{"rendered":"https:\/\/chineseledlight.com\/?post_type=product&#038;p=398"},"modified":"2026-01-31T02:15:16","modified_gmt":"2026-01-31T02:15:16","slug":"modern-design-dimmable-led-spotlights-for-indoor-use","status":"publish","type":"product","link":"https:\/\/chineseledlight.com\/pt\/modern-design-dimmable-led-spotlights-for-indoor-use\/","title":{"rendered":"Projectores LED de design moderno regul\u00e1veis para utiliza\u00e7\u00e3o no interior"},"content":{"rendered":"<p data-start=\"65\" data-end=\"347\">Vis\u00e3o geral<br data-start=\"73\" data-end=\"76\" \/>A ilumina\u00e7\u00e3o de precis\u00e3o muda a sensa\u00e7\u00e3o de uma divis\u00e3o. Estes projectores LED regul\u00e1veis de design moderno proporcionam uma luminosidade controlada e confort\u00e1vel para ambientes interiores, ajudando-o a dirigir a aten\u00e7\u00e3o sem desordem visual. O perfil simples adequa-se tanto a instala\u00e7\u00f5es minimalistas como a instala\u00e7\u00f5es de qualidade superior.<\/p>\n<p data-start=\"351\" data-end=\"669\">Carater\u00edsticas principais<br data-start=\"363\" data-end=\"366\" \/>- Luz de realce e de trabalho com controlo suave da intensidade da luz<br data-start=\"423\" data-end=\"426\" \/>- Manter uma apar\u00eancia de cor consistente para um tom visual refinado<br data-start=\"490\" data-end=\"493\" \/>- Minimizar o encandeamento atrav\u00e9s de um design \u00f3tico optimizado<br data-start=\"542\" data-end=\"545\" \/>- Suporta uma longa vida \u00fatil com uma gest\u00e3o t\u00e9rmica eficaz<br data-start=\"606\" data-end=\"609\" \/>- Integrar-se perfeitamente nas disposi\u00e7\u00f5es de ilumina\u00e7\u00e3o de teto e de calhas<\/p>\n<p data-start=\"673\" data-end=\"1036\">Op\u00e7\u00f5es e personaliza\u00e7\u00e3o<br data-start=\"696\" data-end=\"699\" \/>- \u00c2ngulos de feixe e padr\u00f5es de distribui\u00e7\u00e3o de luz dispon\u00edveis mediante pedido<br data-start=\"765\" data-end=\"768\" \/>- Acabamentos de habita\u00e7\u00f5es, estilos de remates e correspond\u00eancia de cores para interiores<br data-start=\"833\" data-end=\"836\" \/>- Op\u00e7\u00f5es de compatibilidade de controladores e controlos para as especifica\u00e7\u00f5es do projeto<br data-start=\"896\" data-end=\"899\" \/>- Configura\u00e7\u00f5es por encomenda, incluindo tamanhos personalizados para espa\u00e7os especiais<br data-start=\"971\" data-end=\"974\" \/>- Desenho de f\u00e1brica e suporte de desenho fornecido para coordena\u00e7\u00e3o<\/p>\n<p data-start=\"1040\" data-end=\"1226\">Aplica\u00e7\u00f5es t\u00edpicas<br data-start=\"1060\" data-end=\"1063\" \/>Expositores comerciais, galerias de arte, \u00e1trios de hot\u00e9is, salas de estar residenciais, corredores e \u00e1trios, restaurantes e bares, \u00e1reas de rece\u00e7\u00e3o, salas de exposi\u00e7\u00e3o, vitrinas<\/p>\n<p data-start=\"1230\" data-end=\"1459\">Fornecimento e apoio<br data-start=\"1246\" data-end=\"1249\" \/>Produ\u00e7\u00e3o em volume direta da f\u00e1brica com prazo de entrega est\u00e1vel e controlo de qualidade interno para rastreabilidade da qualidade. A embalagem para exporta\u00e7\u00e3o e a embalagem em caixote podem ser organizadas para um transporte mais seguro. Conformidade com as normas dispon\u00edvel mediante pedido.<\/p>","protected":false},"excerpt":{"rendered":"<p>Crie uma ilumina\u00e7\u00e3o de realce limpa e ajust\u00e1vel com projectores LED regul\u00e1veis de design moderno que se integram em interiores contempor\u00e2neos, ao mesmo tempo que proporcionam um controlo preciso do ambiente e do foco. Ideal para real\u00e7ar obras de arte e mercadorias em boutiques, galerias e outros espa\u00e7os interiores.<\/p>","protected":false},"featured_media":399,"template":"","meta":{"_gspb_post_css":""},"product_brand":[],"product_cat":[23],"product_tag":[38,33,37,136,39,36,137,135,134,47,35,83],"class_list":{"0":"post-398","1":"product","2":"type-product","3":"status-publish","4":"has-post-thumbnail","6":"product_cat-led-spotlights","7":"product_tag-bulk-supply","8":"product_tag-ceiling-lighting","9":"product_tag-custom-size","10":"product_tag-dimmable-spotlight","11":"product_tag-factory-direct","12":"product_tag-hospitality-lighting","13":"product_tag-indoor-accent-lighting","14":"product_tag-led-spotlights","15":"product_tag-modern-design-dimmable-led-spotlights-for-indoor-use","16":"product_tag-residential-lighting","17":"product_tag-retail-lighting","18":"product_tag-track-lighting","20":"first","21":"instock","22":"shipping-taxable","23":"purchasable","24":"product-type-simple"},"_links":{"self":[{"href":"https:\/\/chineseledlight.com\/pt\/wp-json\/wp\/v2\/product\/398","targetHints":{"allow":["GET"]}}],"collection":[{"href":"https:\/\/chineseledlight.com\/pt\/wp-json\/wp\/v2\/product"}],"about":[{"href":"https:\/\/chineseledlight.com\/pt\/wp-json\/wp\/v2\/types\/product"}],"wp:featuredmedia":[{"embeddable":true,"href":"https:\/\/chineseledlight.com\/pt\/wp-json\/wp\/v2\/media\/399"}],"wp:attachment":[{"href":"https:\/\/chineseledlight.com\/pt\/wp-json\/wp\/v2\/media?parent=398"}],"wp:term":[{"taxonomy":"product_brand","embeddable":true,"href":"https:\/\/chineseledlight.com\/pt\/wp-json\/wp\/v2\/product_brand?post=398"},{"taxonomy":"product_cat","embeddable":true,"href":"https:\/\/chineseledlight.com\/pt\/wp-json\/wp\/v2\/product_cat?post=398"},{"taxonomy":"product_tag","embeddable":true,"href":"https:\/\/chineseledlight.com\/pt\/wp-json\/wp\/v2\/product_tag?post=398"}],"curies":[{"name":"wp","href":"https:\/\/api.w.org\/{rel}","templated":true}]}}