{"id":945,"date":"2026-02-02T04:04:06","date_gmt":"2026-02-02T04:04:06","guid":{"rendered":"https:\/\/chineseledlight.com\/?post_type=product&#038;p=945"},"modified":"2026-02-02T04:04:06","modified_gmt":"2026-02-02T04:04:06","slug":"adjustable-outdoor-high-quality-led-track-light","status":"publish","type":"product","link":"https:\/\/chineseledlight.com\/it\/adjustable-outdoor-high-quality-led-track-light\/","title":{"rendered":"Luce a binario LED regolabile per esterni di alta qualit\u00e0"},"content":{"rendered":"<p data-start=\"60\" data-end=\"447\">Panoramica<br data-start=\"68\" data-end=\"71\" \/>Progettata per gli ambienti esterni pi\u00f9 esigenti, questa lampada a binario LED regolabile per esterni mantiene stabile il puntamento e fornisce un'illuminazione controllata dove \u00e8 pi\u00f9 necessario. Una struttura robusta e un meccanismo di regolazione sicuro garantiscono prestazioni affidabili per le zone di illuminazione architettonica. Le configurazioni per esterni possono essere fornite in base all'ambiente di installazione previsto.<\/p>\n<p data-start=\"451\" data-end=\"465\">Caratteristiche principali<\/p>\n<p data-start=\"468\" data-end=\"546\">Rafforza la durata a lungo termine grazie a un alloggiamento rigido e a componenti protetti<\/p>\n<p data-start=\"549\" data-end=\"620\">Bloccare la posizione di puntamento per mantenere costante l'illuminazione degli obiettivi.<\/p>\n<p data-start=\"623\" data-end=\"690\">Indirizza la luce in modo preciso per ridurre la dispersione e migliorare la chiarezza visiva<\/p>\n<p data-start=\"693\" data-end=\"773\">Favoriscono una circolazione pi\u00f9 sicura mantenendo i fasci controllati e confortevoli.<\/p>\n<p data-start=\"776\" data-end=\"841\">Mantenere una linea pulita del soffitto con una forma compatta montata su binario<\/p>\n<p data-start=\"845\" data-end=\"870\">Opzioni e personalizzazione<\/p>\n<p data-start=\"873\" data-end=\"937\">Ottica a fascio e accessori antiabbagliamento disponibili su richiesta<\/p>\n<p data-start=\"940\" data-end=\"1007\">Sono disponibili selezioni di CCT e CRI per soddisfare gli obiettivi dell'ambiente esterno.<\/p>\n<p data-start=\"1010\" data-end=\"1079\">Opzioni di compatibilit\u00e0 con il driver e la dimmerazione disponibili in base alla configurazione<\/p>\n<p data-start=\"1010\" data-end=\"1079\">Accessori o staffe su misura per le condizioni del progetto<\/p>\n<p data-start=\"1161\" data-end=\"1230\">Allineamento delle specifiche di progetto con il disegno di officina\/supporto al disegno fornito<\/p>\n<p data-start=\"1233\" data-end=\"1306\">Opzioni di finitura disponibili per il coordinamento con intradossi e finiture di facciata<\/p>\n<p data-start=\"1310\" data-end=\"1511\">Applicazioni tipiche<br data-start=\"1330\" data-end=\"1333\" \/>Pensiline d'ingresso, passerelle coperte, soffitti di discesa degli hotel, arcate esterne per la vendita al dettaglio, intradosso delle facciate, evidenziazione di insegne, accenti di colonne, corridoi di cortili, sporgenze di balconi<\/p>\n<p data-start=\"1515\" data-end=\"1823\">Fornitura e assistenza<br data-start=\"1531\" data-end=\"1534\" \/>Una pianificazione stabile dei tempi di consegna supporta la consegna graduale in loco, con la disponibilit\u00e0 di forniture di massa per i programmi ripetuti. Il controllo qualit\u00e0 interno e la tracciabilit\u00e0 della qualit\u00e0 sono applicati alle fasi chiave della produzione; per la spedizione \u00e8 possibile organizzare l'imballaggio per l'esportazione e l'imballaggio in casse. La conformit\u00e0 agli standard \u00e8 disponibile su richiesta.<\/p>","protected":false},"excerpt":{"rendered":"<p>Progettata con una testa regolabile e bloccabile e un'ottica a fascio controllato, questa lampada a binario LED per esterni contribuisce a mantenere l'illuminazione precisa e costante nel tempo. Viene comunemente utilizzata sotto le pensiline d'ingresso e i passaggi pedonali coperti, dove gli apparecchi devono resistere al funzionamento quotidiano e puntare con precisione.<\/p>","protected":false},"featured_media":946,"template":"","meta":{"_gspb_post_css":""},"product_brand":[],"product_cat":[20],"product_tag":[486,488,116,258,466,331,465,472,79,487,67,309],"class_list":{"0":"post-945","1":"product","2":"type-product","3":"status-publish","4":"has-post-thumbnail","6":"product_cat-outdoor-led-lighting","7":"product_tag-adjustable-outdoor-high-quality-led-track-light","8":"product_tag-adjustable-track-spotlight","9":"product_tag-architectural-outdoor-lighting","10":"product_tag-ceiling-track-lighting","11":"product_tag-covered-walkway-lighting","12":"product_tag-crate-packing","13":"product_tag-entrance-canopy-lighting","14":"product_tag-facade-accent-lighting","15":"product_tag-made-to-order","16":"product_tag-outdoor-led-track-light","17":"product_tag-stable-lead-time","18":"product_tag-track-lighting-system","20":"first","21":"instock","22":"shipping-taxable","23":"purchasable","24":"product-type-simple"},"_links":{"self":[{"href":"https:\/\/chineseledlight.com\/it\/wp-json\/wp\/v2\/product\/945","targetHints":{"allow":["GET"]}}],"collection":[{"href":"https:\/\/chineseledlight.com\/it\/wp-json\/wp\/v2\/product"}],"about":[{"href":"https:\/\/chineseledlight.com\/it\/wp-json\/wp\/v2\/types\/product"}],"wp:featuredmedia":[{"embeddable":true,"href":"https:\/\/chineseledlight.com\/it\/wp-json\/wp\/v2\/media\/946"}],"wp:attachment":[{"href":"https:\/\/chineseledlight.com\/it\/wp-json\/wp\/v2\/media?parent=945"}],"wp:term":[{"taxonomy":"product_brand","embeddable":true,"href":"https:\/\/chineseledlight.com\/it\/wp-json\/wp\/v2\/product_brand?post=945"},{"taxonomy":"product_cat","embeddable":true,"href":"https:\/\/chineseledlight.com\/it\/wp-json\/wp\/v2\/product_cat?post=945"},{"taxonomy":"product_tag","embeddable":true,"href":"https:\/\/chineseledlight.com\/it\/wp-json\/wp\/v2\/product_tag?post=945"}],"curies":[{"name":"wp","href":"https:\/\/api.w.org\/{rel}","templated":true}]}}