{"id":888,"date":"2026-02-02T02:52:04","date_gmt":"2026-02-02T02:52:04","guid":{"rendered":"https:\/\/chineseledlight.com\/?post_type=product&#038;p=888"},"modified":"2026-02-02T02:52:04","modified_gmt":"2026-02-02T02:52:04","slug":"dimmable-led-lights-are-suitable-for-office-and-restaurant","status":"publish","type":"product","link":"https:\/\/chineseledlight.com\/it\/dimmable-led-lights-are-suitable-for-office-and-restaurant\/","title":{"rendered":"Le luci LED dimmerabili sono adatte per uffici e ristoranti"},"content":{"rendered":"<p data-start=\"71\" data-end=\"410\">Panoramica<br data-start=\"79\" data-end=\"82\" \/>La produttivit\u00e0 diurna e l'atmosfera serale spesso condividono lo stesso soffitto. Queste luci LED dimmerabili contribuiscono a unificare l'illuminazione di uffici e ristoranti, consentendo di passare senza problemi da una luminosit\u00e0 focalizzata sulle attivit\u00e0 a un'atmosfera pi\u00f9 soft. Il design favorisce un'integrazione pulita negli interni commerciali, dove \u00e8 importante un controllo uniforme.<\/p>\n<p data-start=\"414\" data-end=\"428\">Caratteristiche principali<\/p>\n<p data-start=\"431\" data-end=\"505\">Bilanciamento dell'illuminazione generale e dei livelli di accento grazie all'uscita regolabile<\/p>\n<p data-start=\"508\" data-end=\"579\">Mantenere un aspetto ordinato del soffitto con un profilo snello dell'apparecchio<\/p>\n<p data-start=\"582\" data-end=\"655\">Migliora il comfort riducendo le transizioni di luminosit\u00e0 tra le scene.<\/p>\n<p data-start=\"658\" data-end=\"731\">Supporto di orari di lavoro prolungati con una struttura interna favorevole all'assistenza<\/p>\n<p data-start=\"734\" data-end=\"803\">Si integrano in modo affidabile con i comuni layout commerciali di alimentazione e controllo.<\/p>\n<p data-start=\"807\" data-end=\"832\">Opzioni e personalizzazione<\/p>\n<p data-start=\"835\" data-end=\"913\">Opzioni di compatibilit\u00e0 con la dimmerazione disponibili su richiesta (in base alla configurazione del driver)<\/p>\n<p data-start=\"916\" data-end=\"990\">Sono disponibili selezioni di CCT e CRI per adattarsi agli spazi di lavoro o all'atmosfera della sala da pranzo.<\/p>\n<p data-start=\"993\" data-end=\"1071\">Sono disponibili ottiche e accessori antiabbagliamento per diverse altezze di soffitto.<\/p>\n<p data-start=\"1074\" data-end=\"1141\">Formati Made-to-Order \/ Custom Size supportati per i layout di progetto<\/p>\n<p data-start=\"1144\" data-end=\"1217\">Servizio OEM\/ODM disponibile per i dettagli di branding, etichettatura e imballaggio<\/p>\n<p data-start=\"1220\" data-end=\"1292\">Coordinamento delle specifiche di progetto con il disegno di officina\/il supporto al disegno fornito<\/p>\n<p data-start=\"1296\" data-end=\"1470\">Applicazioni tipiche<br data-start=\"1316\" data-end=\"1319\" \/>Uffici open space, sale riunioni, aree di accoglienza, zone di coworking, corridoi per il personale, sale da pranzo di ristoranti, banchi bar, caff\u00e8, sale da pranzo private<\/p>\n<p data-start=\"1474\" data-end=\"1783\">Fornitura e assistenza<br data-start=\"1490\" data-end=\"1493\" \/>Fornitura diretta in fabbrica con capacit\u00e0 di produzione in serie per l'installazione in pi\u00f9 siti e l'acquisto ripetuto. La pianificazione di tempi di consegna stabili \u00e8 supportata dal controllo qualit\u00e0 interno e dalla tracciabilit\u00e0 della qualit\u00e0; \u00e8 possibile organizzare l'imballaggio per l'esportazione e l'imballaggio in casse per la spedizione. La conformit\u00e0 agli standard \u00e8 disponibile su richiesta.<\/p>","protected":false},"excerpt":{"rendered":"<p>Realizzate per ambienti multi-scena, queste luci LED dimmerabili passano senza problemi dall'illuminazione delle attivit\u00e0 all'atmosfera rilassata, se abbinate a driver compatibili. Sono comunemente indicate per le sale riunioni e le aree di ristorazione dove il personale ha bisogno di un semplice controllo dell'atmosfera durante la giornata.<\/p>","protected":false},"featured_media":894,"template":"","meta":{"_gspb_post_css":""},"product_brand":[],"product_cat":[22],"product_tag":[38,34,449,448,36,451,69,79,48,46,109,450],"class_list":{"0":"post-888","1":"product","2":"type-product","3":"status-publish","4":"has-post-thumbnail","6":"product_cat-led-downlights","7":"product_tag-bulk-supply","8":"product_tag-commercial-lighting","9":"product_tag-dimmable-led-lights","10":"product_tag-dimmable-led-lights-are-suitable-for-office-and-restaurant","11":"product_tag-hospitality-lighting","12":"product_tag-indoor-lighting-fixtures","13":"product_tag-led-ceiling-lighting","14":"product_tag-made-to-order","15":"product_tag-oem-odm-service","16":"product_tag-office-lighting","17":"product_tag-project-spec","18":"product_tag-restaurant-lighting","20":"first","21":"instock","22":"shipping-taxable","23":"purchasable","24":"product-type-simple"},"_links":{"self":[{"href":"https:\/\/chineseledlight.com\/it\/wp-json\/wp\/v2\/product\/888","targetHints":{"allow":["GET"]}}],"collection":[{"href":"https:\/\/chineseledlight.com\/it\/wp-json\/wp\/v2\/product"}],"about":[{"href":"https:\/\/chineseledlight.com\/it\/wp-json\/wp\/v2\/types\/product"}],"wp:featuredmedia":[{"embeddable":true,"href":"https:\/\/chineseledlight.com\/it\/wp-json\/wp\/v2\/media\/894"}],"wp:attachment":[{"href":"https:\/\/chineseledlight.com\/it\/wp-json\/wp\/v2\/media?parent=888"}],"wp:term":[{"taxonomy":"product_brand","embeddable":true,"href":"https:\/\/chineseledlight.com\/it\/wp-json\/wp\/v2\/product_brand?post=888"},{"taxonomy":"product_cat","embeddable":true,"href":"https:\/\/chineseledlight.com\/it\/wp-json\/wp\/v2\/product_cat?post=888"},{"taxonomy":"product_tag","embeddable":true,"href":"https:\/\/chineseledlight.com\/it\/wp-json\/wp\/v2\/product_tag?post=888"}],"curies":[{"name":"wp","href":"https:\/\/api.w.org\/{rel}","templated":true}]}}