{"id":824,"date":"2026-02-01T09:27:56","date_gmt":"2026-02-01T09:27:56","guid":{"rendered":"https:\/\/chineseledlight.com\/?post_type=product&#038;p=824"},"modified":"2026-02-01T09:27:56","modified_gmt":"2026-02-01T09:27:56","slug":"stylish-and-adjustable-dimmable-magnetic-track-lights","status":"publish","type":"product","link":"https:\/\/chineseledlight.com\/it\/stylish-and-adjustable-dimmable-magnetic-track-lights\/","title":{"rendered":"Luci a binario magnetiche dimmerabili, eleganti e regolabili"},"content":{"rendered":"<p data-start=\"58\" data-end=\"422\">Panoramica<br data-start=\"71\" data-end=\"74\" \/>Robuste nel design, queste luci magnetiche per binari rimangono saldamente posizionate sul binario, consentendo al contempo un rapido aggiornamento del puntamento durante la messa in funzione. L'adattatore e la struttura della testa supportano un contatto elettrico affidabile e un posizionamento ripetibile per lunghe ore di funzionamento. L'oscuramento omogeneo consente cambi di scena controllati senza compromettere la precisione degli accenti.<\/p>\n<p data-start=\"424\" data-end=\"438\">Caratteristiche principali<\/p>\n<ul data-start=\"439\" data-end=\"853\">\n<li data-start=\"439\" data-end=\"527\">\n<p data-start=\"441\" data-end=\"527\">Bloccare saldamente i moduli con una robusta interfaccia magnetica e una geometria dell'adattatore rinforzata<\/p>\n<\/li>\n<li data-start=\"528\" data-end=\"606\">\n<p data-start=\"530\" data-end=\"606\">Puntare la luce con precisione grazie al movimento di rotazione\/inclinazione con un controllo stabile dell'attrito<\/p>\n<\/li>\n<li data-start=\"607\" data-end=\"690\">\n<p data-start=\"609\" data-end=\"690\">Ridurre l'abbagliamento utilizzando ottiche incassate, deflettori o accessori a nido d'ape, se necessario.<\/p>\n<\/li>\n<li data-start=\"691\" data-end=\"772\">\n<p data-start=\"693\" data-end=\"772\">Gestisce il calore attraverso un percorso del corpo in alluminio per proteggere il LED e la longevit\u00e0 del driver<\/p>\n<\/li>\n<li data-start=\"773\" data-end=\"853\">\n<p data-start=\"775\" data-end=\"853\">Mantenere un aspetto pulito del soffitto con cuciture strette e finiture superficiali durevoli<\/p>\n<\/li>\n<\/ul>\n<p data-start=\"855\" data-end=\"880\">Opzioni e personalizzazione<\/p>\n<ul data-start=\"881\" data-end=\"1334\">\n<li data-start=\"881\" data-end=\"971\">\n<p data-start=\"883\" data-end=\"971\">Formati di binari e connettori disponibili secondo le specifiche di progetto (superficie, incasso, sospensione)<\/p>\n<\/li>\n<li data-start=\"972\" data-end=\"1042\">\n<p data-start=\"974\" data-end=\"1042\">Angoli del fascio, lenti e accessori antiriflesso disponibili su richiesta<\/p>\n<\/li>\n<li data-start=\"1043\" data-end=\"1112\">\n<p data-start=\"1045\" data-end=\"1112\">CCT\/CRI e selezioni dell'interfaccia di dimmerazione configurabili a piacere<\/p>\n<\/li>\n<li data-start=\"1113\" data-end=\"1197\">\n<p data-start=\"1115\" data-end=\"1197\">Stili dei moduli, finiture e dettagli delle finiture su misura per adattarsi al design degli interni.<\/p>\n<\/li>\n<li data-start=\"1198\" data-end=\"1268\">\n<p data-start=\"1200\" data-end=\"1268\">Servizio OEM\/ODM disponibile per il marchio, le etichette e la grafica del cartone<\/p>\n<\/li>\n<li data-start=\"1269\" data-end=\"1334\">\n<p data-start=\"1271\" data-end=\"1334\">Shop Drawing e supporto di disegno fornito per l'approvazione del layout<\/p>\n<\/li>\n<\/ul>\n<p data-start=\"1336\" data-end=\"1488\">Applicazioni tipiche<br data-start=\"1356\" data-end=\"1359\" \/>Boutique al dettaglio, banchi di gioielli, gallerie, showroom, zone di ristorazione, bar, aree di accoglienza, stand espositivi.<\/p>\n<p data-start=\"1490\" data-end=\"1761\">Fornitura e assistenza<br data-start=\"1506\" data-end=\"1509\" \/>La fornitura diretta in fabbrica di prodotti sfusi, con una pianificazione stabile dei tempi di consegna, supporta l'installazione in pi\u00f9 siti. Il controllo qualit\u00e0 interno e la tracciabilit\u00e0 della qualit\u00e0 vengono applicati durante la produzione e si possono organizzare imballaggi per l'esportazione\/confezioni in casse. La conformit\u00e0 agli standard \u00e8 disponibile su richiesta.<\/p>","protected":false},"excerpt":{"rendered":"<p>Progettate per gli interni pi\u00f9 esigenti, queste eleganti luci a binario magnetico combinano un bloccaggio robusto, un oscuramento fluido e un puntamento regolabile per accenti precisi. Utilizzate comunemente nei soffitti dei negozi, le teste modulari possono essere riposizionate rapidamente al variare delle esposizioni.<\/p>","protected":false},"featured_media":825,"template":"","meta":{"_gspb_post_css":""},"product_brand":[],"product_cat":[21],"product_tag":[90,38,33,34,39,36,135,79,302,35,414,214],"class_list":{"0":"post-824","1":"product","2":"type-product","3":"status-publish","4":"has-post-thumbnail","6":"product_cat-magnetic-track-light","7":"product_tag-anti-glare-optics","8":"product_tag-bulk-supply","9":"product_tag-ceiling-lighting","10":"product_tag-commercial-lighting","11":"product_tag-factory-direct","12":"product_tag-hospitality-lighting","13":"product_tag-led-spotlights","14":"product_tag-made-to-order","15":"product_tag-magnetic-track-lighting","16":"product_tag-retail-lighting","17":"product_tag-stylish-and-adjustable-dimmable-magnetic-track-lights","18":"product_tag-track-lighting-fixtures","20":"first","21":"instock","22":"shipping-taxable","23":"purchasable","24":"product-type-simple"},"_links":{"self":[{"href":"https:\/\/chineseledlight.com\/it\/wp-json\/wp\/v2\/product\/824","targetHints":{"allow":["GET"]}}],"collection":[{"href":"https:\/\/chineseledlight.com\/it\/wp-json\/wp\/v2\/product"}],"about":[{"href":"https:\/\/chineseledlight.com\/it\/wp-json\/wp\/v2\/types\/product"}],"wp:featuredmedia":[{"embeddable":true,"href":"https:\/\/chineseledlight.com\/it\/wp-json\/wp\/v2\/media\/825"}],"wp:attachment":[{"href":"https:\/\/chineseledlight.com\/it\/wp-json\/wp\/v2\/media?parent=824"}],"wp:term":[{"taxonomy":"product_brand","embeddable":true,"href":"https:\/\/chineseledlight.com\/it\/wp-json\/wp\/v2\/product_brand?post=824"},{"taxonomy":"product_cat","embeddable":true,"href":"https:\/\/chineseledlight.com\/it\/wp-json\/wp\/v2\/product_cat?post=824"},{"taxonomy":"product_tag","embeddable":true,"href":"https:\/\/chineseledlight.com\/it\/wp-json\/wp\/v2\/product_tag?post=824"}],"curies":[{"name":"wp","href":"https:\/\/api.w.org\/{rel}","templated":true}]}}