{"id":806,"date":"2026-02-01T08:02:16","date_gmt":"2026-02-01T08:02:16","guid":{"rendered":"https:\/\/chineseledlight.com\/?post_type=product&#038;p=806"},"modified":"2026-02-01T08:02:16","modified_gmt":"2026-02-01T08:02:16","slug":"led-linear-downlights-linear-lighting-fixtures-for-offices","status":"publish","type":"product","link":"https:\/\/chineseledlight.com\/it\/led-linear-downlights-linear-lighting-fixtures-for-offices\/","title":{"rendered":"Faretti lineari a LED Apparecchi di illuminazione lineare per uffici"},"content":{"rendered":"<p data-start=\"63\" data-end=\"439\">Panoramica<br data-start=\"78\" data-end=\"81\" \/>La pianificazione del soffitto linea per linea diventa pi\u00f9 semplice con i downlight lineari che si integrano nella griglia mantenendo alto il comfort visivo. Questi downlight lineari a LED forniscono una luce uniforme verso il basso con un taglio controllato, contribuendo a ridurre i riflessi dello schermo nelle tipiche linee visive degli uffici. La forma rettangolare consente un allineamento ordinato su lunghe tratte e su layout modulari.<\/p>\n<ul data-start=\"441\" data-end=\"1682\">\n<li data-start=\"441\" data-end=\"457\">\n<p data-start=\"443\" data-end=\"457\">Caratteristiche principali<\/p>\n<\/li>\n<li data-start=\"458\" data-end=\"529\">\n<p data-start=\"460\" data-end=\"529\">Illuminazione uniforme grazie a una cavit\u00e0 ottica antiabbagliamento<\/p>\n<\/li>\n<li data-start=\"530\" data-end=\"611\">\n<p data-start=\"532\" data-end=\"611\">Indirizza la luce in modo preciso per una luminosit\u00e0 costante del piano di lavoro e meno punti caldi<\/p>\n<\/li>\n<li data-start=\"612\" data-end=\"693\">\n<p data-start=\"614\" data-end=\"693\">Stabilizzazione delle prestazioni grazie ai percorsi termici in alluminio e al carico bilanciato dei driver<\/p>\n<\/li>\n<li data-start=\"694\" data-end=\"772\">\n<p data-start=\"696\" data-end=\"772\">Semplificare la manutenzione grazie all'accesso facilitato a driver e connettori<\/p>\n<\/li>\n<li data-start=\"773\" data-end=\"853\">\n<p data-start=\"775\" data-end=\"853\">Mantenere un aspetto pulito del soffitto utilizzando cuciture strette e controllo del profilo rettilineo.<\/p>\n<\/li>\n<li data-start=\"855\" data-end=\"882\">\n<p data-start=\"857\" data-end=\"882\">Opzioni e personalizzazione<\/p>\n<\/li>\n<li data-start=\"883\" data-end=\"955\">\n<p data-start=\"885\" data-end=\"955\">Offriamo dimensioni personalizzate \/ lunghezze e larghezze di taglio su richiesta.<\/p>\n<\/li>\n<li data-start=\"956\" data-end=\"1033\">\n<p data-start=\"958\" data-end=\"1033\">Fornire le selezioni dell'interfaccia CCT\/CRI e dimming in base ai requisiti del progetto.<\/p>\n<\/li>\n<li data-start=\"1034\" data-end=\"1111\">\n<p data-start=\"1036\" data-end=\"1111\">Supportare le tratte continue con giunture, tappi terminali e accessori di allineamento<\/p>\n<\/li>\n<li data-start=\"1112\" data-end=\"1189\">\n<p data-start=\"1114\" data-end=\"1189\">Preparare le opzioni del servizio OEM\/ODM per l'etichettatura, l'abbinamento dei colori e i cartoni.<\/p>\n<\/li>\n<li data-start=\"1190\" data-end=\"1267\">\n<p data-start=\"1192\" data-end=\"1267\">Fornitura di disegni di supporto \/ Shop Drawing per il coordinamento del soffitto e del cablaggio<\/p>\n<\/li>\n<li data-start=\"1269\" data-end=\"1429\">\n<p data-start=\"1271\" data-end=\"1429\">Applicazioni tipiche<br data-start=\"1291\" data-end=\"1294\" \/>Postazioni di lavoro a pianta aperta, sale riunioni, corridoi, zone di accoglienza, sale di formazione, spazi di co-working, uffici privati, aree di copia\/stampa<\/p>\n<\/li>\n<li data-start=\"1431\" data-end=\"1682\">\n<p data-start=\"1433\" data-end=\"1682\">Fornitura e assistenza<br data-start=\"1449\" data-end=\"1452\" \/>Per i programmi di lancio \u00e8 disponibile una produzione in serie con una pianificazione rapida dei tempi di consegna. Si applica il controllo qualit\u00e0 interno con tracciabilit\u00e0 della qualit\u00e0 e si pu\u00f2 organizzare l'imballaggio per l'esportazione o l'imballaggio in casse. La conformit\u00e0 agli standard \u00e8 disponibile su richiesta.<\/p>\n<\/li>\n<\/ul>","protected":false},"excerpt":{"rendered":"<p>Downlight lineari a LED con controllo dell'abbagliamento che offrono una luminosit\u00e0 uniforme del piano di lavoro con una linea del soffitto rettangolare e pulita. Progettati per gli uffici, si adattano alle postazioni di lavoro open space e alle sale riunioni dove \u00e8 richiesta una luce confortevole verso il basso e dettagli di installazione ordinati.<\/p>","protected":false},"featured_media":807,"template":"","meta":{"_gspb_post_css":""},"product_brand":[],"product_cat":[21],"product_tag":[38,32,34,37,165,400,401,147,46,402,49],"class_list":{"0":"post-806","1":"product","2":"type-product","3":"status-publish","4":"has-post-thumbnail","6":"product_cat-magnetic-track-light","7":"product_tag-bulk-supply","8":"product_tag-ceiling-downlights","9":"product_tag-commercial-lighting","10":"product_tag-custom-size","11":"product_tag-glare-control-optics","12":"product_tag-led-linear-downlights-linear-lighting-fixtures-for-offices","13":"product_tag-linear-downlights","14":"product_tag-linear-lighting-fixtures","15":"product_tag-office-lighting","16":"product_tag-rectangular-linear-light","17":"product_tag-shop-drawing","19":"first","20":"instock","21":"shipping-taxable","22":"purchasable","23":"product-type-simple"},"_links":{"self":[{"href":"https:\/\/chineseledlight.com\/it\/wp-json\/wp\/v2\/product\/806","targetHints":{"allow":["GET"]}}],"collection":[{"href":"https:\/\/chineseledlight.com\/it\/wp-json\/wp\/v2\/product"}],"about":[{"href":"https:\/\/chineseledlight.com\/it\/wp-json\/wp\/v2\/types\/product"}],"wp:featuredmedia":[{"embeddable":true,"href":"https:\/\/chineseledlight.com\/it\/wp-json\/wp\/v2\/media\/807"}],"wp:attachment":[{"href":"https:\/\/chineseledlight.com\/it\/wp-json\/wp\/v2\/media?parent=806"}],"wp:term":[{"taxonomy":"product_brand","embeddable":true,"href":"https:\/\/chineseledlight.com\/it\/wp-json\/wp\/v2\/product_brand?post=806"},{"taxonomy":"product_cat","embeddable":true,"href":"https:\/\/chineseledlight.com\/it\/wp-json\/wp\/v2\/product_cat?post=806"},{"taxonomy":"product_tag","embeddable":true,"href":"https:\/\/chineseledlight.com\/it\/wp-json\/wp\/v2\/product_tag?post=806"}],"curies":[{"name":"wp","href":"https:\/\/api.w.org\/{rel}","templated":true}]}}