{"id":787,"date":"2026-02-01T07:05:57","date_gmt":"2026-02-01T07:05:57","guid":{"rendered":"https:\/\/chineseledlight.com\/?post_type=product&#038;p=787"},"modified":"2026-02-01T07:05:57","modified_gmt":"2026-02-01T07:05:57","slug":"install-led-fence-lights-and-linear-exterior-wall-lights","status":"publish","type":"product","link":"https:\/\/chineseledlight.com\/it\/install-led-fence-lights-and-linear-exterior-wall-lights\/","title":{"rendered":"Installare luci di recinzione a LED e luci lineari per pareti esterne"},"content":{"rendered":"<p data-start=\"61\" data-end=\"415\">Panoramica<br data-start=\"74\" data-end=\"77\" \/>Una linea sottile di luce pu\u00f2 fare molto di pi\u00f9 che illuminare una parete: definisce il paesaggio di notte. Queste luci lineari per pareti esterne e per recinzioni sono progettate per produrre una luce pulita e uniforme, con un fascio di luce raffinato per l'architettura esterna moderna. I dettagli dell'alloggiamento e l'ottica contribuiscono a mantenere un ritmo visivo coerente su lunghe tratte.<\/p>\n<p data-start=\"417\" data-end=\"804\">Caratteristiche principali<br data-start=\"429\" data-end=\"432\" \/>- Forma una linea di luce omogenea con taglio controllato per ridurre l'abbagliamento<br data-start=\"498\" data-end=\"501\" \/>- Accentuare le texture sfiorando le superfici di pareti, pannelli e recinzioni.<br data-start=\"567\" data-end=\"570\" \/>- Mantenere la rettilineit\u00e0 dell'apparecchio grazie al corpo rigido in alluminio e alle staffe di fissaggio.<br data-start=\"648\" data-end=\"651\" \/>- Proteggete la stabilit\u00e0 dei LED grazie a percorsi termici efficienti e a un layout ordinato dei driver<br data-start=\"729\" data-end=\"732\" \/>- Mantenere l'aspetto uniforme della finitura con un trattamento superficiale pronto per l'esterno<\/p>\n<p data-start=\"806\" data-end=\"1207\">Opzioni e personalizzazione<br data-start=\"829\" data-end=\"832\" \/>- Lunghezze, punti di montaggio e stili di tappi terminali disponibili su richiesta.<br data-start=\"913\" data-end=\"916\" \/>- Direzioni del fascio offerte a seconda delle necessit\u00e0 (verso il basso, laterale o a parete)<br data-start=\"981\" data-end=\"984\" \/>- Accessori per lenti\/diffusori e antiriflesso disponibili per regolare il bordo della luce<br data-start=\"1059\" data-end=\"1062\" \/>- CCT\/CRI e interfacce di dimmerazione configurabili secondo le specifiche di progetto<br data-start=\"1124\" data-end=\"1127\" \/>- Shop Drawing e supporto di disegno fornito per il layout e il coordinamento del cablaggio<\/p>\n<p data-start=\"1209\" data-end=\"1390\">Applicazioni tipiche<br data-start=\"1229\" data-end=\"1232\" \/>Recinzioni di giardini, muri di cinta, facciate di ville, perimetri di cortili, muri di terrazze, corridoi esterni, accessi, muri di elementi paesaggistici, sentieri.<\/p>\n<p data-start=\"1392\" data-end=\"1665\">Fornitura e assistenza<br data-start=\"1408\" data-end=\"1411\" \/>La produzione in serie diretta dalla fabbrica consente di pianificare rapidamente i tempi di consegna per le installazioni graduali. Il controllo qualit\u00e0 interno con tracciabilit\u00e0 della qualit\u00e0 viene applicato durante l'assemblaggio e pu\u00f2 essere organizzato l'imballaggio in casse o l'imballaggio per l'esportazione. La conformit\u00e0 alle norme \u00e8 disponibile su richiesta.<\/p>","protected":false},"excerpt":{"rendered":"<p>Create un contorno continuo e poco luminoso su confini e facciate con le luci lineari a LED per recinzioni e pareti esterne. Il design modulare consente un montaggio rapido e lunghezze su ordinazione, ideali per illuminare recinzioni di giardini, perimetri di ville e camminamenti esterni.<\/p>","protected":false},"featured_media":788,"template":"","meta":{"_gspb_post_css":""},"product_brand":[],"product_cat":[22],"product_tag":[391,390,37,349,386,352,387,388,198,389,351,63],"class_list":{"0":"post-787","1":"product","2":"type-product","3":"status-publish","4":"has-post-thumbnail","6":"product_cat-led-downlights","7":"product_tag-aluminum-housing-lighting","8":"product_tag-architectural-wall-grazing","9":"product_tag-custom-size","10":"product_tag-garden-lighting","11":"product_tag-install-led-fence-lights-and-linear-exterior-wall-lights","12":"product_tag-landscape-lighting","13":"product_tag-led-fence-lights","14":"product_tag-linear-exterior-wall-lights","15":"product_tag-outdoor-lighting","16":"product_tag-outdoor-wall-lighting","17":"product_tag-villa-facade-lighting","18":"product_tag-volume-production","20":"first","21":"instock","22":"shipping-taxable","23":"purchasable","24":"product-type-simple"},"_links":{"self":[{"href":"https:\/\/chineseledlight.com\/it\/wp-json\/wp\/v2\/product\/787","targetHints":{"allow":["GET"]}}],"collection":[{"href":"https:\/\/chineseledlight.com\/it\/wp-json\/wp\/v2\/product"}],"about":[{"href":"https:\/\/chineseledlight.com\/it\/wp-json\/wp\/v2\/types\/product"}],"wp:featuredmedia":[{"embeddable":true,"href":"https:\/\/chineseledlight.com\/it\/wp-json\/wp\/v2\/media\/788"}],"wp:attachment":[{"href":"https:\/\/chineseledlight.com\/it\/wp-json\/wp\/v2\/media?parent=787"}],"wp:term":[{"taxonomy":"product_brand","embeddable":true,"href":"https:\/\/chineseledlight.com\/it\/wp-json\/wp\/v2\/product_brand?post=787"},{"taxonomy":"product_cat","embeddable":true,"href":"https:\/\/chineseledlight.com\/it\/wp-json\/wp\/v2\/product_cat?post=787"},{"taxonomy":"product_tag","embeddable":true,"href":"https:\/\/chineseledlight.com\/it\/wp-json\/wp\/v2\/product_tag?post=787"}],"curies":[{"name":"wp","href":"https:\/\/api.w.org\/{rel}","templated":true}]}}