{"id":763,"date":"2026-02-01T06:49:55","date_gmt":"2026-02-01T06:49:55","guid":{"rendered":"https:\/\/chineseledlight.com\/?post_type=product&#038;p=763"},"modified":"2026-02-01T06:49:55","modified_gmt":"2026-02-01T06:49:55","slug":"anti-glare-led-surface-mounted-linear-grille-light-2","status":"publish","type":"product","link":"https:\/\/chineseledlight.com\/it\/anti-glare-led-surface-mounted-linear-grille-light-2\/","title":{"rendered":"Luce di griglia lineare a LED antiriflesso montata in superficie"},"content":{"rendered":"<p data-start=\"55\" data-end=\"404\">Panoramica<br data-start=\"68\" data-end=\"71\" \/>Una griglia lineare pu\u00f2 fungere prima da dettaglio del soffitto e poi da sorgente luminosa. Questa griglia lineare a LED antiriflesso montata in superficie aggiunge linee d'ombra nitide e un ritmo architettonico raffinato, mantenendo una luminosit\u00e0 confortevole ai comuni angoli di osservazione. La parte frontale a lamelle \u201ctranquillizza\u201d visivamente il soffitto schermando la sorgente LED.<\/p>\n<p data-start=\"406\" data-end=\"777\">Caratteristiche principali<br data-start=\"418\" data-end=\"421\" \/>- Definizione di un modello di soffitto pulito con un allineamento preciso delle griglie<br data-start=\"483\" data-end=\"486\" \/>- Riduzione dell'abbagliamento grazie a un'ottica con taglio a celle profonde<br data-start=\"544\" data-end=\"547\" \/>- Miscelazione uniforme della luce grazie a una cavit\u00e0 di miscelazione interna per una luminanza pi\u00f9 omogenea<br data-start=\"622\" data-end=\"625\" \/>- Mantenere la rettilineit\u00e0 e la rigidit\u00e0 con un alloggiamento in alluminio e giunti stabili<br data-start=\"704\" data-end=\"707\" \/>- Supporto di lunghe ore di funzionamento grazie a un efficace design di dissipazione del calore<\/p>\n<p data-start=\"779\" data-end=\"1265\">Opzioni e personalizzazione<br data-start=\"802\" data-end=\"805\" \/>- Lunghezze, profili di alloggiamento e stili di tappi terminali disponibili su richiesta.<br data-start=\"887\" data-end=\"890\" \/>- Profondit\u00e0 delle feritoie, geometria delle celle e selezioni di diffusori opzionali disponibili in base alle esigenze.<br data-start=\"971\" data-end=\"974\" \/>- CCT\/CRI e interfacce di dimmerazione configurabili secondo le specifiche di progetto<br data-start=\"1036\" data-end=\"1039\" \/>- Colori di finitura e texture di superficie forniti per abbinarsi alle palette dei soffitti.<br data-start=\"1110\" data-end=\"1113\" \/>- Servizio OEM\/ODM disponibile per la creazione di marchi, etichette e imballaggi privati.<br data-start=\"1184\" data-end=\"1187\" \/>- Sono disponibili accessori di raccordo e di giunzione per le corse continue, a seconda delle necessit\u00e0.<\/p>\n<p data-start=\"1267\" data-end=\"1416\">Applicazioni tipiche<br data-start=\"1287\" data-end=\"1290\" \/>Uffici open space, sale riunioni, zone di accoglienza, corridoi di vendita, gallerie, corridoi, aule, cliniche, spazi di co-working.<\/p>\n<p data-start=\"1418\" data-end=\"1748\">Fornitura e assistenza<br data-start=\"1434\" data-end=\"1437\" \/>La fornitura diretta in fabbrica consente di pianificare i tempi di consegna rapidi per le costruzioni standard. \u00c8 possibile fornire pacchetti di disegni di officina per il coordinamento dei soffitti e l'allineamento dell'installazione. Il controllo qualit\u00e0 interno e la tracciabilit\u00e0 della qualit\u00e0 sono applicati durante l'assemblaggio, mentre l'imballaggio per l'esportazione pu\u00f2 essere organizzato; la conformit\u00e0 agli standard \u00e8 disponibile su richiesta.<\/p>","protected":false},"excerpt":{"rendered":"<p>Una lampada a griglia lineare antiriflesso montata in superficie che offre un'estetica nitida del soffitto grazie al comfort della feritoia a celle profonde e alla diffusione uniforme. Ideale per uffici open space e sale riunioni, supporta lunghezze e finiture su misura per mantenere la disposizione dei soffitti pulita e coerente.<\/p>","protected":false},"featured_media":776,"template":"","meta":{"_gspb_post_css":""},"product_brand":[],"product_cat":[19],"product_tag":[380,385,34,72,37,39,74,224,384,382,46,381],"class_list":{"0":"post-763","1":"product","2":"type-product","3":"status-publish","4":"has-post-thumbnail","6":"product_cat-led-linear-lighting","7":"product_tag-anti-glare-led-surface-mounted-linear-grille-light","8":"product_tag-ceiling-lighting-fixture","9":"product_tag-commercial-lighting","10":"product_tag-corridor-lighting","11":"product_tag-custom-size","12":"product_tag-factory-direct","13":"product_tag-fast-lead-time","14":"product_tag-gallery-lighting","15":"product_tag-led-louver-light","16":"product_tag-linear-grille-light","17":"product_tag-office-lighting","18":"product_tag-surface-mounted-linear-lighting","20":"first","21":"instock","22":"shipping-taxable","23":"purchasable","24":"product-type-simple"},"_links":{"self":[{"href":"https:\/\/chineseledlight.com\/it\/wp-json\/wp\/v2\/product\/763","targetHints":{"allow":["GET"]}}],"collection":[{"href":"https:\/\/chineseledlight.com\/it\/wp-json\/wp\/v2\/product"}],"about":[{"href":"https:\/\/chineseledlight.com\/it\/wp-json\/wp\/v2\/types\/product"}],"wp:featuredmedia":[{"embeddable":true,"href":"https:\/\/chineseledlight.com\/it\/wp-json\/wp\/v2\/media\/776"}],"wp:attachment":[{"href":"https:\/\/chineseledlight.com\/it\/wp-json\/wp\/v2\/media?parent=763"}],"wp:term":[{"taxonomy":"product_brand","embeddable":true,"href":"https:\/\/chineseledlight.com\/it\/wp-json\/wp\/v2\/product_brand?post=763"},{"taxonomy":"product_cat","embeddable":true,"href":"https:\/\/chineseledlight.com\/it\/wp-json\/wp\/v2\/product_cat?post=763"},{"taxonomy":"product_tag","embeddable":true,"href":"https:\/\/chineseledlight.com\/it\/wp-json\/wp\/v2\/product_tag?post=763"}],"curies":[{"name":"wp","href":"https:\/\/api.w.org\/{rel}","templated":true}]}}