{"id":756,"date":"2026-02-01T04:11:36","date_gmt":"2026-02-01T04:11:36","guid":{"rendered":"https:\/\/chineseledlight.com\/?post_type=product&#038;p=756"},"modified":"2026-02-01T04:11:36","modified_gmt":"2026-02-01T04:11:36","slug":"anti-glare-led-surface-mounted-linear-grille-light","status":"publish","type":"product","link":"https:\/\/chineseledlight.com\/it\/anti-glare-led-surface-mounted-linear-grille-light\/","title":{"rendered":"Luce di griglia lineare a LED antiriflesso montata in superficie"},"content":{"rendered":"<p data-start=\"55\" data-end=\"379\">Panoramica<br data-start=\"70\" data-end=\"73\" \/>Un motivo a griglia nitido pu\u00f2 fungere sia da illuminazione che da dettaglio per il soffitto. Questa griglia lineare a LED antiriflesso montata in superficie offre un aspetto lineare raffinato, mantenendo la luminosit\u00e0 diretta al di fuori delle linee visive tipiche. Il risultato \u00e8 un ritmo visivo pulito e un'illuminazione confortevole per gli interni moderni.<\/p>\n<ul data-start=\"381\" data-end=\"1738\">\n<li data-start=\"381\" data-end=\"397\">\n<p data-start=\"383\" data-end=\"397\">Caratteristiche principali<\/p>\n<\/li>\n<li data-start=\"398\" data-end=\"471\">\n<p data-start=\"400\" data-end=\"471\">Creare un look architettonico e nitido con una griglia lineare e allineata<\/p>\n<\/li>\n<li data-start=\"472\" data-end=\"553\">\n<p data-start=\"474\" data-end=\"553\">Riduzione dell'abbagliamento grazie al taglio delle celle in profondit\u00e0 e alla distribuzione controllata<\/p>\n<\/li>\n<li data-start=\"554\" data-end=\"635\">\n<p data-start=\"556\" data-end=\"635\">Mantenimento di una produzione costante grazie a un efficiente percorso termico all'interno dell'alloggiamento<\/p>\n<\/li>\n<li data-start=\"636\" data-end=\"708\">\n<p data-start=\"638\" data-end=\"708\">Migliorare l'uniformit\u00e0 visiva con una struttura di miscelazione ottica ottimizzata<\/p>\n<\/li>\n<li data-start=\"709\" data-end=\"795\">\n<p data-start=\"711\" data-end=\"795\">Semplificare l'installazione con una piastra posteriore compatta per il montaggio su superficie e uno spazio ordinato per il cablaggio<\/p>\n<\/li>\n<li data-start=\"797\" data-end=\"824\">\n<p data-start=\"799\" data-end=\"824\">Opzioni e personalizzazione<\/p>\n<\/li>\n<li data-start=\"825\" data-end=\"892\">\n<p data-start=\"827\" data-end=\"892\">Lunghezze e profili di alloggiamento su misura sono disponibili su richiesta.<\/p>\n<\/li>\n<li data-start=\"893\" data-end=\"980\">\n<p data-start=\"895\" data-end=\"980\">Profondit\u00e0 della griglia, stile della feritoia e diffusori opzionali disponibili a seconda delle necessit\u00e0.<\/p>\n<\/li>\n<li data-start=\"981\" data-end=\"1052\">\n<p data-start=\"983\" data-end=\"1052\">CCT\/CRI e scelta dell'interfaccia di dimmerazione configurabile in base alle specifiche di progetto<\/p>\n<\/li>\n<li data-start=\"1053\" data-end=\"1129\">\n<p data-start=\"1055\" data-end=\"1129\">Stili di tappi terminali, raccordi e dettagli di corsa continua disponibili su richiesta.<\/p>\n<\/li>\n<li data-start=\"1130\" data-end=\"1213\">\n<p data-start=\"1132\" data-end=\"1213\">Supporto al disegno e disegno d'officina forniti per il coordinamento e l'approvazione del soffitto<\/p>\n<\/li>\n<li data-start=\"1214\" data-end=\"1298\">\n<p data-start=\"1216\" data-end=\"1298\">Servizio OEM\/ODM disponibile per etichette private, grafica del cartone e marcatura del prodotto.<\/p>\n<\/li>\n<li data-start=\"1300\" data-end=\"1466\">\n<p data-start=\"1302\" data-end=\"1466\">Applicazioni tipiche<br data-start=\"1322\" data-end=\"1325\" \/>Aree di lavoro in ufficio, sale riunioni, zone di accoglienza, corsie di vendita al dettaglio, gallerie, corridoi, aule, aree di attesa di cliniche, spazi di co-working<\/p>\n<\/li>\n<li data-start=\"1468\" data-end=\"1738\">\n<p data-start=\"1470\" data-end=\"1738\">Fornitura e assistenza<br data-start=\"1486\" data-end=\"1489\" \/>\u00c8 disponibile una pianificazione stabile dei tempi di consegna per i progetti, supportata dal controllo qualit\u00e0 interno e dalla tracciabilit\u00e0 della qualit\u00e0 durante l'assemblaggio. \u00c8 possibile organizzare l'imballaggio per l'esportazione o l'imballaggio in casse per le spedizioni internazionali. La conformit\u00e0 agli standard \u00e8 disponibile su richiesta.<\/p>\n<\/li>\n<\/ul>","protected":false},"excerpt":{"rendered":"<p>Una lampada a griglia lineare antiriflesso montata in superficie che combina un'estetica nitida del soffitto con una luminosit\u00e0 confortevole e controllata. La griglia a celle profonde riduce l'abbagliamento diretto e mantiene l'illuminazione uniforme, rendendola adatta alle aree di lavoro degli uffici e ai corridoi che richiedono un comfort visivo per molte ore.<\/p>","protected":false},"featured_media":757,"template":"","meta":{"_gspb_post_css":""},"product_brand":[],"product_cat":[19],"product_tag":[380,130,38,33,34,72,37,383,382,46,35,381],"class_list":{"0":"post-756","1":"product","2":"type-product","3":"status-publish","4":"has-post-thumbnail","6":"product_cat-led-linear-lighting","7":"product_tag-anti-glare-led-surface-mounted-linear-grille-light","8":"product_tag-anti-glare-louver","9":"product_tag-bulk-supply","10":"product_tag-ceiling-lighting","11":"product_tag-commercial-lighting","12":"product_tag-corridor-lighting","13":"product_tag-custom-size","14":"product_tag-led-linear-light","15":"product_tag-linear-grille-light","16":"product_tag-office-lighting","17":"product_tag-retail-lighting","18":"product_tag-surface-mounted-linear-lighting","20":"first","21":"instock","22":"shipping-taxable","23":"purchasable","24":"product-type-simple"},"_links":{"self":[{"href":"https:\/\/chineseledlight.com\/it\/wp-json\/wp\/v2\/product\/756","targetHints":{"allow":["GET"]}}],"collection":[{"href":"https:\/\/chineseledlight.com\/it\/wp-json\/wp\/v2\/product"}],"about":[{"href":"https:\/\/chineseledlight.com\/it\/wp-json\/wp\/v2\/types\/product"}],"wp:featuredmedia":[{"embeddable":true,"href":"https:\/\/chineseledlight.com\/it\/wp-json\/wp\/v2\/media\/757"}],"wp:attachment":[{"href":"https:\/\/chineseledlight.com\/it\/wp-json\/wp\/v2\/media?parent=756"}],"wp:term":[{"taxonomy":"product_brand","embeddable":true,"href":"https:\/\/chineseledlight.com\/it\/wp-json\/wp\/v2\/product_brand?post=756"},{"taxonomy":"product_cat","embeddable":true,"href":"https:\/\/chineseledlight.com\/it\/wp-json\/wp\/v2\/product_cat?post=756"},{"taxonomy":"product_tag","embeddable":true,"href":"https:\/\/chineseledlight.com\/it\/wp-json\/wp\/v2\/product_tag?post=756"}],"curies":[{"name":"wp","href":"https:\/\/api.w.org\/{rel}","templated":true}]}}