{"id":713,"date":"2026-02-01T03:33:28","date_gmt":"2026-02-01T03:33:28","guid":{"rendered":"https:\/\/chineseledlight.com\/?post_type=product&#038;p=713"},"modified":"2026-02-01T03:33:28","modified_gmt":"2026-02-01T03:33:28","slug":"black-wall-lights-are-suitable-for-outdoor-garden-use","status":"publish","type":"product","link":"https:\/\/chineseledlight.com\/it\/black-wall-lights-are-suitable-for-outdoor-garden-use\/","title":{"rendered":"Le luci a parete nere sono adatte all'uso in giardino"},"content":{"rendered":"<p data-start=\"58\" data-end=\"442\">Panoramica<br data-start=\"73\" data-end=\"76\" \/>Costruite per l'esposizione all'esterno e per frequenti cicli di accensione e spegnimento, queste lampade da parete nere forniscono un'illuminazione affidabile per giardini e aree di circolazione esterne. L'alloggiamento rigido e l'interfaccia sicura con la parete aiutano a mantenere l'allineamento nel tempo, mentre l'ottica controllata mantiene la luce dove \u00e8 necessaria. La finitura nera e pulita si integra con i paesaggi moderni senza distrarre i riflessi.<\/p>\n<ul data-start=\"444\" data-end=\"1734\">\n<li data-start=\"444\" data-end=\"460\">\n<p data-start=\"446\" data-end=\"460\">Caratteristiche principali<\/p>\n<\/li>\n<li data-start=\"461\" data-end=\"540\">\n<p data-start=\"463\" data-end=\"540\">Rafforza la durata con un robusto corpo in metallo e una stabile piastra di montaggio.<\/p>\n<\/li>\n<li data-start=\"541\" data-end=\"626\">\n<p data-start=\"543\" data-end=\"626\">Luce diretta con controllo definito del fascio di luce per ridurre la dispersione sulle finestre e sui vicini<\/p>\n<\/li>\n<li data-start=\"627\" data-end=\"714\">\n<p data-start=\"629\" data-end=\"714\">Resiste all'usura della finitura grazie al trattamento superficiale pronto per l'esterno, per un aspetto duraturo.<\/p>\n<\/li>\n<li data-start=\"715\" data-end=\"799\">\n<p data-start=\"717\" data-end=\"799\">Protezione dell'elettronica grazie a un'efficiente dissipazione del calore e a un cablaggio interno organizzato<\/p>\n<\/li>\n<li data-start=\"800\" data-end=\"876\">\n<p data-start=\"802\" data-end=\"876\">Supportare percorsi pi\u00f9 sicuri con una luminosit\u00e0 costante e punti caldi ridotti al minimo<\/p>\n<\/li>\n<li data-start=\"878\" data-end=\"905\">\n<p data-start=\"880\" data-end=\"905\">Opzioni e personalizzazione<\/p>\n<\/li>\n<li data-start=\"906\" data-end=\"995\">\n<p data-start=\"908\" data-end=\"995\">Dimensioni personalizzate \/ Dimensioni del corpo e profondit\u00e0 di sporgenza disponibili su richiesta.<\/p>\n<\/li>\n<li data-start=\"996\" data-end=\"1060\">\n<p data-start=\"998\" data-end=\"1060\">Scelte di distribuzione verso l'alto, verso il basso o verso l'alto e verso il basso, a seconda delle necessit\u00e0.<\/p>\n<\/li>\n<li data-start=\"1061\" data-end=\"1132\">\n<p data-start=\"1063\" data-end=\"1132\">Selezione di lenti\/diffusori per regolare il cut-off e il comfort visivo<\/p>\n<\/li>\n<li data-start=\"1133\" data-end=\"1201\">\n<p data-start=\"1135\" data-end=\"1201\">CCT\/CRI e opzioni di driver\/dimming configurabili in base alle specifiche di progetto<\/p>\n<\/li>\n<li data-start=\"1202\" data-end=\"1283\">\n<p data-start=\"1204\" data-end=\"1283\">Shop Drawing e supporto di disegno disponibili per il coordinamento di facciate e cablaggi<\/p>\n<\/li>\n<li data-start=\"1285\" data-end=\"1465\">\n<p data-start=\"1287\" data-end=\"1465\">Applicazioni tipiche<br data-start=\"1307\" data-end=\"1310\" \/>Pareti di giardini, facciate di ville, ingressi di cortili, illuminazione di percorsi, perimetri di patio, linee di recinzione, illuminazione di elementi paesaggistici, corridoi esterni.<\/p>\n<\/li>\n<li data-start=\"1467\" data-end=\"1734\">\n<p data-start=\"1469\" data-end=\"1734\">Fornitura e assistenza<br data-start=\"1485\" data-end=\"1488\" \/>La fornitura diretta in fabbrica supporta i programmi di fornitura in serie con una pianificazione stabile dei tempi di consegna. Il controllo qualit\u00e0 interno e la tracciabilit\u00e0 della qualit\u00e0 vengono applicati durante l'assemblaggio e si pu\u00f2 organizzare l'imballaggio per l'esportazione \/ l'imballaggio in casse. La conformit\u00e0 agli standard \u00e8 disponibile su richiesta.<\/p>\n<\/li>\n<\/ul>","protected":false},"excerpt":{"rendered":"<p>Robuste applique a LED nere costruite per l'esposizione all'esterno, caratterizzate da fasci controllati e da una finitura resistente alla corrosione per mantenere in ordine le facciate durante la notte. Vengono comunemente installati lungo i muri dei giardini e i vialetti d'ingresso per fornire un'illuminazione di guida affidabile e mettere in risalto il paesaggio.<\/p>","protected":false},"featured_media":718,"template":"","meta":{"_gspb_post_css":""},"product_brand":[],"product_cat":[20],"product_tag":[195,346,38,37,349,352,347,348,350,196,351],"class_list":{"0":"post-713","1":"product","2":"type-product","3":"status-publish","4":"has-post-thumbnail","6":"product_cat-outdoor-led-lighting","7":"product_tag-architectural-wall-lighting","8":"product_tag-black-wall-lights-are-suitable-for-outdoor-garden-use","9":"product_tag-bulk-supply","10":"product_tag-custom-size","11":"product_tag-garden-lighting","12":"product_tag-landscape-lighting","13":"product_tag-led-wall-lights","14":"product_tag-outdoor-wall-light","15":"product_tag-pathway-lighting","16":"product_tag-up-down-wall-light","17":"product_tag-villa-facade-lighting","19":"first","20":"instock","21":"shipping-taxable","22":"purchasable","23":"product-type-simple"},"_links":{"self":[{"href":"https:\/\/chineseledlight.com\/it\/wp-json\/wp\/v2\/product\/713","targetHints":{"allow":["GET"]}}],"collection":[{"href":"https:\/\/chineseledlight.com\/it\/wp-json\/wp\/v2\/product"}],"about":[{"href":"https:\/\/chineseledlight.com\/it\/wp-json\/wp\/v2\/types\/product"}],"wp:featuredmedia":[{"embeddable":true,"href":"https:\/\/chineseledlight.com\/it\/wp-json\/wp\/v2\/media\/718"}],"wp:attachment":[{"href":"https:\/\/chineseledlight.com\/it\/wp-json\/wp\/v2\/media?parent=713"}],"wp:term":[{"taxonomy":"product_brand","embeddable":true,"href":"https:\/\/chineseledlight.com\/it\/wp-json\/wp\/v2\/product_brand?post=713"},{"taxonomy":"product_cat","embeddable":true,"href":"https:\/\/chineseledlight.com\/it\/wp-json\/wp\/v2\/product_cat?post=713"},{"taxonomy":"product_tag","embeddable":true,"href":"https:\/\/chineseledlight.com\/it\/wp-json\/wp\/v2\/product_tag?post=713"}],"curies":[{"name":"wp","href":"https:\/\/api.w.org\/{rel}","templated":true}]}}