{"id":677,"date":"2026-02-01T02:44:16","date_gmt":"2026-02-01T02:44:16","guid":{"rendered":"https:\/\/chineseledlight.com\/?post_type=product&#038;p=677"},"modified":"2026-02-01T02:44:16","modified_gmt":"2026-02-01T02:44:16","slug":"led-ceiling-lights-use-a-metal-base-for-commercial-use","status":"publish","type":"product","link":"https:\/\/chineseledlight.com\/it\/led-ceiling-lights-use-a-metal-base-for-commercial-use\/","title":{"rendered":"Le plafoniere LED utilizzano una base metallica per uso commerciale"},"content":{"rendered":"<p data-start=\"59\" data-end=\"422\">Panoramica<br data-start=\"72\" data-end=\"75\" \/>Gli interni commerciali illuminati a giorno richiedono un'illuminazione a soffitto che sia confortevole senza sprechi di energia. Queste plafoniere a LED utilizzano una base metallica per migliorare il trasferimento del calore e fornire un'interfaccia di montaggio rigida, per garantire prestazioni costanti in spazi ad alto traffico. La diffusione uniforme aiuta a ridurre i contrasti nelle aree prospicienti le finestre e le facciate continue.<\/p>\n<p data-start=\"424\" data-end=\"438\">Caratteristiche principali<\/p>\n<ul data-start=\"439\" data-end=\"827\">\n<li data-start=\"439\" data-end=\"516\">\n<p data-start=\"441\" data-end=\"516\">Riduzione del consumo energetico con schede LED efficienti e driver ottimizzati<\/p>\n<\/li>\n<li data-start=\"517\" data-end=\"587\">\n<p data-start=\"519\" data-end=\"587\">Distribuisce una luce ambiente morbida per ridurre al minimo l'abbagliamento e l'affaticamento visivo.<\/p>\n<\/li>\n<li data-start=\"588\" data-end=\"671\">\n<p data-start=\"590\" data-end=\"671\">Stabilizza il montaggio dell'apparecchio grazie a una base metallica rinforzata e a una disposizione sicura dei cavi.<\/p>\n<\/li>\n<li data-start=\"672\" data-end=\"742\">\n<p data-start=\"674\" data-end=\"742\">Proteggere le prestazioni a lungo termine grazie a un'efficace conduzione termica<\/p>\n<\/li>\n<li data-start=\"743\" data-end=\"827\">\n<p data-start=\"745\" data-end=\"827\">Semplificare la manutenzione con una struttura interna pulita per una sostituzione pi\u00f9 rapida<\/p>\n<\/li>\n<\/ul>\n<p data-start=\"829\" data-end=\"854\">Opzioni e personalizzazione<\/p>\n<ul data-start=\"855\" data-end=\"1301\">\n<li data-start=\"855\" data-end=\"925\">\n<p data-start=\"857\" data-end=\"925\">I formati per il montaggio a superficie e a soffitto a basso profilo sono disponibili su richiesta.<\/p>\n<\/li>\n<li data-start=\"926\" data-end=\"994\">\n<p data-start=\"928\" data-end=\"994\">Selezione CCT\/CRI e opzioni di interfaccia di dimmerazione secondo le specifiche del progetto<\/p>\n<\/li>\n<li data-start=\"995\" data-end=\"1075\">\n<p data-start=\"997\" data-end=\"1075\">Possibilit\u00e0 di scelta del diffusore (opale, microprismatico o antiabbagliamento) a seconda delle esigenze<\/p>\n<\/li>\n<li data-start=\"1076\" data-end=\"1159\">\n<p data-start=\"1078\" data-end=\"1159\">Dimensioni personalizzate \/ Realizzazione su ordinazione di dimensioni, ritagli e finiture per adattarsi alle griglie del soffitto<\/p>\n<\/li>\n<li data-start=\"1160\" data-end=\"1225\">\n<p data-start=\"1162\" data-end=\"1225\">Disegno d'officina e supporto al disegno forniti per l'approvazione del layout<\/p>\n<\/li>\n<li data-start=\"1226\" data-end=\"1301\">\n<p data-start=\"1228\" data-end=\"1301\">Servizio OEM\/ODM per etichette private, grafica del cartone ed etichettatura del prodotto<\/p>\n<\/li>\n<\/ul>\n<p data-start=\"1303\" data-end=\"1492\">Applicazioni tipiche<br data-start=\"1323\" data-end=\"1326\" \/>Aree aperte di uffici, sale riunioni, piani di vendita al dettaglio, corridoi di centri commerciali, atrii di reception, aule scolastiche, cliniche, corridoi del back-of-house, showroom vetrati<\/p>\n<p data-start=\"1494\" data-end=\"1798\">Fornitura e assistenza<br data-start=\"1510\" data-end=\"1513\" \/>La fornitura di massa diretta dalla fabbrica supporta una pianificazione stabile dei tempi di consegna, con opzioni di consegna rapida per le configurazioni standard. Il controllo qualit\u00e0 interno e la tracciabilit\u00e0 della qualit\u00e0 sono applicati durante la produzione e possono essere organizzati imballaggi per l'esportazione o in casse. La conformit\u00e0 agli standard \u00e8 disponibile su richiesta.<\/p>","protected":false},"excerpt":{"rendered":"<p>Plafoniere a LED con base metallica progettate per garantire un montaggio stabile e un efficiente trasferimento di calore, offrendo un'illuminazione ambientale uniforme e poco abbagliante con una resa costante per lunghe ore di funzionamento. Una scelta pratica per uffici commerciali e negozi che necessitano di una luminosit\u00e0 confortevole nelle zone illuminate a giorno.<\/p>","protected":false},"featured_media":679,"template":"","meta":{"_gspb_post_css":""},"product_brand":[],"product_cat":[15],"product_tag":[38,322,325,39,324,69,321,79,323,46,35,150],"class_list":{"0":"post-677","1":"product","2":"type-product","3":"status-publish","4":"has-post-thumbnail","6":"product_cat-led-commercial-lighting","7":"product_tag-bulk-supply","8":"product_tag-commercial-ceiling-light","9":"product_tag-curtain-wall-interiors","10":"product_tag-factory-direct","11":"product_tag-glare-control-diffuser","12":"product_tag-led-ceiling-lighting","13":"product_tag-led-ceiling-lights-use-a-metal-base-for-commercial-use","14":"product_tag-made-to-order","15":"product_tag-metal-base-housing","16":"product_tag-office-lighting","17":"product_tag-retail-lighting","18":"product_tag-surface-mount-ceiling-light","20":"first","21":"instock","22":"shipping-taxable","23":"purchasable","24":"product-type-simple"},"_links":{"self":[{"href":"https:\/\/chineseledlight.com\/it\/wp-json\/wp\/v2\/product\/677","targetHints":{"allow":["GET"]}}],"collection":[{"href":"https:\/\/chineseledlight.com\/it\/wp-json\/wp\/v2\/product"}],"about":[{"href":"https:\/\/chineseledlight.com\/it\/wp-json\/wp\/v2\/types\/product"}],"wp:featuredmedia":[{"embeddable":true,"href":"https:\/\/chineseledlight.com\/it\/wp-json\/wp\/v2\/media\/679"}],"wp:attachment":[{"href":"https:\/\/chineseledlight.com\/it\/wp-json\/wp\/v2\/media?parent=677"}],"wp:term":[{"taxonomy":"product_brand","embeddable":true,"href":"https:\/\/chineseledlight.com\/it\/wp-json\/wp\/v2\/product_brand?post=677"},{"taxonomy":"product_cat","embeddable":true,"href":"https:\/\/chineseledlight.com\/it\/wp-json\/wp\/v2\/product_cat?post=677"},{"taxonomy":"product_tag","embeddable":true,"href":"https:\/\/chineseledlight.com\/it\/wp-json\/wp\/v2\/product_tag?post=677"}],"curies":[{"name":"wp","href":"https:\/\/api.w.org\/{rel}","templated":true}]}}