{"id":672,"date":"2026-02-01T02:36:51","date_gmt":"2026-02-01T02:36:51","guid":{"rendered":"https:\/\/chineseledlight.com\/?post_type=product&#038;p=672"},"modified":"2026-02-01T02:36:51","modified_gmt":"2026-02-01T02:36:51","slug":"led-decorative-wall-light-used-to-illuminate-hotel-corridors","status":"publish","type":"product","link":"https:\/\/chineseledlight.com\/it\/led-decorative-wall-light-used-to-illuminate-hotel-corridors\/","title":{"rendered":"Lampada da parete decorativa a LED utilizzata per illuminare i corridoi degli hotel"},"content":{"rendered":"<p data-start=\"65\" data-end=\"350\">Panoramica<br data-start=\"80\" data-end=\"83\" \/>Progettata per i corridoi lunghi, questa applique decorativa a LED fornisce un'illuminazione di guida efficiente, tenendo conto del comfort visivo. La distribuzione controllata dell'abbagliamento aiuta a rendere i corridoi pi\u00f9 tranquilli e navigabili, soprattutto in prossimit\u00e0 delle porte delle camere e delle aree di passaggio.<\/p>\n<ul data-start=\"352\" data-end=\"1730\">\n<li data-start=\"352\" data-end=\"368\">\n<p data-start=\"354\" data-end=\"368\">Caratteristiche principali<\/p>\n<\/li>\n<li data-start=\"369\" data-end=\"423\">\n<p data-start=\"371\" data-end=\"423\">Guida all'orientamento grazie alla distribuzione della luce a basso abbagliamento<\/p>\n<\/li>\n<li data-start=\"424\" data-end=\"484\">\n<p data-start=\"426\" data-end=\"484\">Riduzione dell'energia di esercizio grazie all'efficienza dei LED<\/p>\n<\/li>\n<li data-start=\"485\" data-end=\"553\">\n<p data-start=\"487\" data-end=\"553\">Bilanciamento dell'ambiente e della visibilit\u00e0 con spegnimento e spegnimento controllati<\/p>\n<\/li>\n<li data-start=\"554\" data-end=\"623\">\n<p data-start=\"556\" data-end=\"623\">Mantenere un aspetto coerente con finiture durevoli e bordi puliti<\/p>\n<\/li>\n<li data-start=\"624\" data-end=\"696\">\n<p data-start=\"626\" data-end=\"696\">Supporto per un uso affidabile grazie al design termico e al cablaggio interno sicuro<\/p>\n<\/li>\n<li data-start=\"698\" data-end=\"725\">\n<p data-start=\"700\" data-end=\"725\">Opzioni e personalizzazione<\/p>\n<\/li>\n<li data-start=\"726\" data-end=\"801\">\n<p data-start=\"728\" data-end=\"801\">Disponibili su ordinazione le dimensioni del corpo, la profondit\u00e0 di sporgenza e le opzioni di finitura.<\/p>\n<\/li>\n<li data-start=\"802\" data-end=\"861\">\n<p data-start=\"804\" data-end=\"861\">CCT\/CRI e selezioni di dimmerazione offerte in base alle specifiche del progetto<\/p>\n<\/li>\n<li data-start=\"862\" data-end=\"934\">\n<p data-start=\"864\" data-end=\"934\">Diffusori, griglie e opzioni di schermatura della luce disponibili su richiesta.<\/p>\n<\/li>\n<li data-start=\"935\" data-end=\"1012\">\n<p data-start=\"937\" data-end=\"1012\">Posizione della piastra di montaggio e dell'ingresso del cablaggio configurabile per il retrofit delle pareti<\/p>\n<\/li>\n<li data-start=\"1013\" data-end=\"1081\">\n<p data-start=\"1015\" data-end=\"1081\">Supporto per i disegni di officina e i disegni per i flussi di lavoro di approvazione<\/p>\n<\/li>\n<li data-start=\"1082\" data-end=\"1147\">\n<p data-start=\"1084\" data-end=\"1147\">Servizio OEM\/ODM per il marchio, l'etichettatura e la grafica dell'imballaggio<\/p>\n<\/li>\n<li data-start=\"1149\" data-end=\"1173\">\n<p data-start=\"1151\" data-end=\"1173\">Applicazioni tipiche<\/p>\n<\/li>\n<li data-start=\"1174\" data-end=\"1203\">\n<p data-start=\"1176\" data-end=\"1203\">Corridoi delle camere d'albergo<\/p>\n<\/li>\n<li data-start=\"1204\" data-end=\"1239\">\n<p data-start=\"1206\" data-end=\"1239\">Lobby degli ascensori e sale di risalita<\/p>\n<\/li>\n<li data-start=\"1240\" data-end=\"1278\">\n<p data-start=\"1242\" data-end=\"1278\">Androni di appartamenti e condomini<\/p>\n<\/li>\n<li data-start=\"1279\" data-end=\"1313\">\n<p data-start=\"1281\" data-end=\"1313\">Pianerottoli e transizioni delle scale<\/p>\n<\/li>\n<li data-start=\"1314\" data-end=\"1348\">\n<p data-start=\"1316\" data-end=\"1348\">Illuminazione delle vie di fuga<\/p>\n<\/li>\n<li data-start=\"1349\" data-end=\"1388\">\n<p data-start=\"1351\" data-end=\"1388\">Corridoi di servizio e back-of-house<\/p>\n<\/li>\n<li data-start=\"1389\" data-end=\"1417\">\n<p data-start=\"1391\" data-end=\"1417\">Percorsi di avvicinamento alla reception<\/p>\n<\/li>\n<li data-start=\"1418\" data-end=\"1451\">\n<p data-start=\"1420\" data-end=\"1451\">Zone di circolazione dell'ospitalit\u00e0<\/p>\n<\/li>\n<li data-start=\"1453\" data-end=\"1730\">\n<p data-start=\"1455\" data-end=\"1730\">Fornitura e assistenza<br data-start=\"1471\" data-end=\"1474\" \/>La produzione in serie supporta programmi di progetto stabili, con opzioni di tempi di consegna rapidi in base alla configurazione. Il controllo qualit\u00e0 interno e la tracciabilit\u00e0 della qualit\u00e0 vengono applicati durante la produzione e si pu\u00f2 organizzare l'imballaggio per l'esportazione. La conformit\u00e0 agli standard \u00e8 disponibile su richiesta.<\/p>\n<\/li>\n<\/ul>","protected":false},"excerpt":{"rendered":"<p>Lampada decorativa a parete a LED progettata per un'illuminazione uniforme dei corridoi efficiente e controllata, che aiuta gli hotel a mantenere un'atmosfera notturna tranquilla con una minore richiesta di energia. Ideale per i corridoi delle camere degli ospiti e gli atri degli ascensori, dove \u00e8 richiesta un'illuminazione di orientamento costante.<\/p>","protected":false},"featured_media":676,"template":"","meta":{"_gspb_post_css":""},"product_brand":[],"product_cat":[15],"product_tag":[34,72,37,318,74,36,320,319,316,317,63],"class_list":{"0":"post-672","1":"product","2":"type-product","3":"status-publish","4":"has-post-thumbnail","6":"product_cat-led-commercial-lighting","7":"product_tag-commercial-lighting","8":"product_tag-corridor-lighting","9":"product_tag-custom-size","10":"product_tag-decorative-wall-sconce","11":"product_tag-fast-lead-time","12":"product_tag-hospitality-lighting","13":"product_tag-hotel-corridor-light","14":"product_tag-indoor-wall-lighting","15":"product_tag-led-decorative-wall-light-used-to-illuminate-hotel-corridors","16":"product_tag-led-wall-light","17":"product_tag-volume-production","19":"first","20":"instock","21":"shipping-taxable","22":"purchasable","23":"product-type-simple"},"_links":{"self":[{"href":"https:\/\/chineseledlight.com\/it\/wp-json\/wp\/v2\/product\/672","targetHints":{"allow":["GET"]}}],"collection":[{"href":"https:\/\/chineseledlight.com\/it\/wp-json\/wp\/v2\/product"}],"about":[{"href":"https:\/\/chineseledlight.com\/it\/wp-json\/wp\/v2\/types\/product"}],"wp:featuredmedia":[{"embeddable":true,"href":"https:\/\/chineseledlight.com\/it\/wp-json\/wp\/v2\/media\/676"}],"wp:attachment":[{"href":"https:\/\/chineseledlight.com\/it\/wp-json\/wp\/v2\/media?parent=672"}],"wp:term":[{"taxonomy":"product_brand","embeddable":true,"href":"https:\/\/chineseledlight.com\/it\/wp-json\/wp\/v2\/product_brand?post=672"},{"taxonomy":"product_cat","embeddable":true,"href":"https:\/\/chineseledlight.com\/it\/wp-json\/wp\/v2\/product_cat?post=672"},{"taxonomy":"product_tag","embeddable":true,"href":"https:\/\/chineseledlight.com\/it\/wp-json\/wp\/v2\/product_tag?post=672"}],"curies":[{"name":"wp","href":"https:\/\/api.w.org\/{rel}","templated":true}]}}