{"id":644,"date":"2026-02-01T02:09:50","date_gmt":"2026-02-01T02:09:50","guid":{"rendered":"https:\/\/chineseledlight.com\/?post_type=product&#038;p=644"},"modified":"2026-02-01T02:09:50","modified_gmt":"2026-02-01T02:09:50","slug":"magnetic-zoom-led-track-lights-are-easy-to-install","status":"publish","type":"product","link":"https:\/\/chineseledlight.com\/it\/magnetic-zoom-led-track-lights-are-easy-to-install\/","title":{"rendered":"I binari magnetici Zoom LED sono facili da installare"},"content":{"rendered":"<p data-start=\"63\" data-end=\"432\">Panoramica<br data-start=\"71\" data-end=\"74\" \/>Per gli spazi in cui la presentazione \u00e8 importante, la luce deve essere adattabile come l'esposizione. Le luci a binario LED con zoom magnetico conferiscono un aspetto pulito e moderno, consentendo al contempo un rapido riposizionamento e la modellazione del fascio luminoso per adattarsi a layout mutevoli, senza dover ricorrere a strumenti in loco. Il collegamento magnetico aiuta a mantenere in ordine la linea del soffitto e a semplificare il processo di installazione.<\/p>\n<p data-start=\"436\" data-end=\"806\">Caratteristiche principali<br data-start=\"448\" data-end=\"451\" \/>- Inserimento\/disinserimento a scatto su binario magnetico compatibile per un rapido cambio di attrezzatura<br data-start=\"518\" data-end=\"521\" \/>- Rifocalizzare il fascio di luce con l'ottica zoom per evidenziare prodotti o opere d'arte<br data-start=\"589\" data-end=\"592\" \/>- Mira con precisione grazie all'inclinazione\/rotazione fluida per accenti controllati<br data-start=\"656\" data-end=\"659\" \/>- Tenete conto del comfort visivo con gli accessori antiabbagliamento opzionali<br data-start=\"728\" data-end=\"731\" \/>- Sostenere una qualit\u00e0 di costruzione costante attraverso il controllo di qualit\u00e0 interno e i controlli di processo.<\/p>\n<p data-start=\"810\" data-end=\"1161\">Opzioni e personalizzazione<br data-start=\"833\" data-end=\"836\" \/>- CCT, livello CRI e raggio d'azione selezionabili in base alle specifiche del progetto.<br data-start=\"896\" data-end=\"899\" \/>- Colore dell'alloggiamento, struttura della superficie e stile delle finiture disponibili su ordinazione<br data-start=\"971\" data-end=\"974\" \/>- Opzioni dell'interfaccia guidatore\/anabbagliante disponibili a richiesta<br data-start=\"1027\" data-end=\"1030\" \/>- Pianificazione della lunghezza dei binari e del layout del sistema con il supporto per il disegno<br data-start=\"1092\" data-end=\"1095\" \/>- Servizio OEM\/ODM per marchi, etichettature e set di documentazione<\/p>\n<p data-start=\"1165\" data-end=\"1318\">Applicazioni tipiche<br data-start=\"1185\" data-end=\"1188\" \/>Vetrine di negozi al dettaglio, boutique, gallerie, esposizioni museali, showroom, caffetterie, aree di accoglienza, negozi pop-up, scaffali di esposizione per la casa<\/p>\n<p data-start=\"1322\" data-end=\"1605\">Fornitura e assistenza<br data-start=\"1338\" data-end=\"1341\" \/>Sono disponibili forniture di massa per progetti di rollout con pianificazione di tempi rapidi in base alla quantit\u00e0 ordinata. \u00c8 possibile organizzare l'imballaggio per l'esportazione per consegne in siti misti. La tracciabilit\u00e0 della qualit\u00e0 viene mantenuta per i componenti chiave e la conformit\u00e0 agli standard \u00e8 disponibile su richiesta.<\/p>","protected":false},"excerpt":{"rendered":"<p>Per creare la scena senza bisogno di ricablare: queste luci a binario LED con zoom magnetico si inseriscono rapidamente nel binario e consentono di regolare con precisione la messa a fuoco del fascio di luce per accenti o attivit\u00e0. Una scelta pratica per esposizioni al dettaglio e pareti di gallerie d'arte in cui i layout cambiano spesso.<\/p>","protected":false},"featured_media":657,"template":"","meta":{"_gspb_post_css":""},"product_brand":[],"product_cat":[17],"product_tag":[304,38,34,37,224,302,301,35,238,295,303],"class_list":{"0":"post-644","1":"product","2":"type-product","3":"status-publish","4":"has-post-thumbnail","6":"product_cat-led-track-lighting","7":"product_tag-adjustable-beam-angle","8":"product_tag-bulk-supply","9":"product_tag-commercial-lighting","10":"product_tag-custom-size","11":"product_tag-gallery-lighting","12":"product_tag-magnetic-track-lighting","13":"product_tag-magnetic-zoom-led-track-lights-are-easy-to-install","14":"product_tag-retail-lighting","15":"product_tag-showroom-lighting","16":"product_tag-track-spotlights","17":"product_tag-zoom-led-spotlight","19":"first","20":"instock","21":"shipping-taxable","22":"purchasable","23":"product-type-simple"},"_links":{"self":[{"href":"https:\/\/chineseledlight.com\/it\/wp-json\/wp\/v2\/product\/644","targetHints":{"allow":["GET"]}}],"collection":[{"href":"https:\/\/chineseledlight.com\/it\/wp-json\/wp\/v2\/product"}],"about":[{"href":"https:\/\/chineseledlight.com\/it\/wp-json\/wp\/v2\/types\/product"}],"wp:featuredmedia":[{"embeddable":true,"href":"https:\/\/chineseledlight.com\/it\/wp-json\/wp\/v2\/media\/657"}],"wp:attachment":[{"href":"https:\/\/chineseledlight.com\/it\/wp-json\/wp\/v2\/media?parent=644"}],"wp:term":[{"taxonomy":"product_brand","embeddable":true,"href":"https:\/\/chineseledlight.com\/it\/wp-json\/wp\/v2\/product_brand?post=644"},{"taxonomy":"product_cat","embeddable":true,"href":"https:\/\/chineseledlight.com\/it\/wp-json\/wp\/v2\/product_cat?post=644"},{"taxonomy":"product_tag","embeddable":true,"href":"https:\/\/chineseledlight.com\/it\/wp-json\/wp\/v2\/product_tag?post=644"}],"curies":[{"name":"wp","href":"https:\/\/api.w.org\/{rel}","templated":true}]}}