{"id":643,"date":"2026-02-01T02:09:53","date_gmt":"2026-02-01T02:09:53","guid":{"rendered":"https:\/\/chineseledlight.com\/?post_type=product&#038;p=643"},"modified":"2026-02-01T02:09:53","modified_gmt":"2026-02-01T02:09:53","slug":"led-track-spotlights-commercial-led-track-lights","status":"publish","type":"product","link":"https:\/\/chineseledlight.com\/it\/led-track-spotlights-commercial-led-track-lights\/","title":{"rendered":"Faretti a binario LED Luci a binario LED commerciali"},"content":{"rendered":"<p data-start=\"61\" data-end=\"332\">Panoramica<br data-start=\"69\" data-end=\"72\" \/>Quando le ore di funzionamento sono lunghe, l'efficienza e il comfort visivo diventano i veri fattori di costo. Questi faretti a binario LED sono progettati per fornire una forte luce d'accento con una potenza inferiore e un abbagliamento ridotto, aiutando gli interni commerciali a rimanere invitanti e coerenti.<\/p>\n<p data-start=\"336\" data-end=\"350\">Caratteristiche principali<\/p>\n<p data-start=\"353\" data-end=\"420\">Riduce il consumo energetico grazie ai LED ad alta efficienza e all'ottica ottimizzata<\/p>\n<p data-start=\"423\" data-end=\"492\">Mantenere uno stretto controllo del fascio di luce per ridurre la fuoriuscita su vetrate e insegne.<\/p>\n<p data-start=\"495\" data-end=\"571\">Bilanciamento della luminosit\u00e0 e del comfort per le zone rivolte al personale e ai clienti<\/p>\n<p data-start=\"574\" data-end=\"648\">Supporta il riorientamento frequente senza strumenti per un rapido aggiornamento del merchandising<\/p>\n<p data-start=\"651\" data-end=\"710\">Stabilizza l'emissione luminosa con un'efficace gestione termica<\/p>\n<p data-start=\"714\" data-end=\"739\">Opzioni e personalizzazione<\/p>\n<p data-start=\"742\" data-end=\"816\">Distribuzione del fascio selezionabile per la guida in evidenza, wallwash o in corsia<\/p>\n<p data-start=\"819\" data-end=\"864\">Accessori antiriflesso disponibili su richiesta<\/p>\n<p data-start=\"867\" data-end=\"950\">Opzioni di temperatura del colore e di resa cromatica offerte in base alle categorie di prodotti.<\/p>\n<p data-start=\"953\" data-end=\"1013\">Interfacce di dimmerazione per adattarsi ai sistemi di controllo pi\u00f9 comuni<\/p>\n<p data-start=\"1016\" data-end=\"1074\">Adattatori per binari configurabili per diverse famiglie di binari<\/p>\n<p data-start=\"1077\" data-end=\"1148\">Servizio OEM\/ODM disponibile per l'allineamento del marchio e la pianificazione dell'assortimento<\/p>\n<p data-start=\"1152\" data-end=\"1327\">Applicazioni tipiche<br data-start=\"1172\" data-end=\"1175\" \/>Negozi al dettaglio, scaffalature di boutique, corsie di supermercati, showroom di marchi, espositori di vetrine, gallerie, aree di accoglienza, caff\u00e8, stand espositivi<\/p>\n<p data-start=\"1331\" data-end=\"1640\">Fornitura e assistenza<br data-start=\"1347\" data-end=\"1350\" \/>Le forniture di massa con tempi di consegna rapidi supportano il rollout della catena, mentre il supporto per i disegni e i file delle specifiche di progetto consentono di ottenere le approvazioni. Il controllo qualit\u00e0 interno e la tracciabilit\u00e0 della qualit\u00e0 aiutano a mantenere lotti coerenti, mentre l'imballaggio per l'esportazione protegge le spedizioni di unit\u00e0 di produzione miste. La conformit\u00e0 agli standard \u00e8 disponibile su richiesta.<\/p>","protected":false},"excerpt":{"rendered":"<p>Faretti LED a binario ad alta efficienza che riducono il consumo energetico mantenendo i colori della merce uniformi e l'abbagliamento sotto controllo. Sono comunemente richiesti per le luci a binario LED commerciali nei punti vendita al dettaglio, nelle vetrine e nelle gallerie d'arte, dove la flessibilit\u00e0 di puntamento \u00e8 importante.<\/p>","protected":false},"featured_media":651,"template":"","meta":{"_gspb_post_css":""},"product_brand":[],"product_cat":[17],"product_tag":[38,307,34,74,278,306,305,48,35,238,83],"class_list":{"0":"post-643","1":"product","2":"type-product","3":"status-publish","4":"has-post-thumbnail","6":"product_cat-led-track-lighting","7":"product_tag-bulk-supply","8":"product_tag-ceiling-track-system","9":"product_tag-commercial-lighting","10":"product_tag-fast-lead-time","11":"product_tag-gallery-accent-lighting","12":"product_tag-led-track-spotlights","13":"product_tag-led-track-spotlights-commercial-led-track-lights","14":"product_tag-oem-odm-service","15":"product_tag-retail-lighting","16":"product_tag-showroom-lighting","17":"product_tag-track-lighting","19":"first","20":"instock","21":"shipping-taxable","22":"purchasable","23":"product-type-simple"},"_links":{"self":[{"href":"https:\/\/chineseledlight.com\/it\/wp-json\/wp\/v2\/product\/643","targetHints":{"allow":["GET"]}}],"collection":[{"href":"https:\/\/chineseledlight.com\/it\/wp-json\/wp\/v2\/product"}],"about":[{"href":"https:\/\/chineseledlight.com\/it\/wp-json\/wp\/v2\/types\/product"}],"wp:featuredmedia":[{"embeddable":true,"href":"https:\/\/chineseledlight.com\/it\/wp-json\/wp\/v2\/media\/651"}],"wp:attachment":[{"href":"https:\/\/chineseledlight.com\/it\/wp-json\/wp\/v2\/media?parent=643"}],"wp:term":[{"taxonomy":"product_brand","embeddable":true,"href":"https:\/\/chineseledlight.com\/it\/wp-json\/wp\/v2\/product_brand?post=643"},{"taxonomy":"product_cat","embeddable":true,"href":"https:\/\/chineseledlight.com\/it\/wp-json\/wp\/v2\/product_cat?post=643"},{"taxonomy":"product_tag","embeddable":true,"href":"https:\/\/chineseledlight.com\/it\/wp-json\/wp\/v2\/product_tag?post=643"}],"curies":[{"name":"wp","href":"https:\/\/api.w.org\/{rel}","templated":true}]}}