{"id":615,"date":"2026-02-01T01:27:57","date_gmt":"2026-02-01T01:27:57","guid":{"rendered":"https:\/\/chineseledlight.com\/?post_type=product&#038;p=615"},"modified":"2026-02-01T01:27:57","modified_gmt":"2026-02-01T01:27:57","slug":"trimless-recessed-grille-spotlight-for-commercial-lighting","status":"publish","type":"product","link":"https:\/\/chineseledlight.com\/it\/trimless-recessed-grille-spotlight-for-commercial-lighting\/","title":{"rendered":"Faretto a griglia da incasso senza cornice per l'illuminazione commerciale"},"content":{"rendered":"<p data-start=\"71\" data-end=\"378\">Panoramica<br data-start=\"79\" data-end=\"82\" \/>Progettato per scomparire nel soffitto, questo faretto da incasso con griglia trimless offre una finitura architettonica nitida con un controllo del fascio luminoso disciplinato e confortevole. La griglia a celle profonde aiuta a schermare la sorgente luminosa, favorendo accenti precisi senza distrarre l'abbagliamento negli spazi commerciali attivi.<\/p>\n<p data-start=\"382\" data-end=\"396\">Caratteristiche principali<\/p>\n<p data-start=\"399\" data-end=\"461\">Si integrano perfettamente con il cartongesso per un vero e proprio effetto \"trimless\".<\/p>\n<p data-start=\"464\" data-end=\"518\">Accenti mirati alla forma grazie all'ottica della griglia antiriflesso<\/p>\n<p data-start=\"521\" data-end=\"588\">Mantenere la coerenza visiva dei soffitti con aperture allineate e modulari<\/p>\n<p data-start=\"591\" data-end=\"659\">Organizzare pi\u00f9 testine in un'unica zona di incasso per ridurre il disordine<\/p>\n<p data-start=\"662\" data-end=\"727\">Semplificare la manutenzione attraverso un design accessibile del driver\/modulo<\/p>\n<p data-start=\"731\" data-end=\"756\">Opzioni e personalizzazione<\/p>\n<p data-start=\"759\" data-end=\"824\">Dimensioni personalizzate \/ layout delle griglie su ordinazione per i soffitti di progetto<\/p>\n<p data-start=\"827\" data-end=\"893\">Selezioni CCT\/CRI e scelte di distribuzione disponibili su richiesta<\/p>\n<p data-start=\"896\" data-end=\"974\">Profondit\u00e0 dell'alloggiamento, metodo di ritaglio e opzioni di cornice in gesso per adattarsi alle costruzioni<\/p>\n<p data-start=\"977\" data-end=\"1044\">Interfacce di dimmerazione e controllo disponibili per soddisfare i requisiti del sito<\/p>\n<p data-start=\"1047\" data-end=\"1118\">Finiture a colori per la griglia e la carrozzeria, comprese le opzioni a bassa riflettenza<\/p>\n<p data-start=\"1122\" data-end=\"1289\">Applicazioni tipiche<br data-start=\"1142\" data-end=\"1145\" \/>Negozi al dettaglio, boutique, showroom di marchi, gallerie, atrii di uffici, corridoi, aree di ricevimento, sale riunioni, ristoranti, zone pubbliche di hotel<\/p>\n<p data-start=\"1293\" data-end=\"1611\">Fornitura e assistenza<br data-start=\"1309\" data-end=\"1312\" \/>\u00c8 possibile organizzare una produzione in serie diretta in fabbrica con tempi di consegna stabili per i programmi di rollout e multi-sito. Sono disponibili specifiche di progetto e disegni di officina, con il supporto del controllo qualit\u00e0 interno e della tracciabilit\u00e0 della qualit\u00e0. \u00c8 disponibile l'imballaggio per l'esportazione o in casse; la conformit\u00e0 agli standard \u00e8 disponibile su richiesta.<\/p>","protected":false},"excerpt":{"rendered":"<p>Un faretto da incasso a griglia senza cornice che si integra nei soffitti in gesso offrendo accenti controllati e a basso abbagliamento. Ideale per l'illuminazione di espositori al dettaglio e per le aree funzionali degli uffici, dove le linee pulite e il comfort visivo sono importanti.<\/p>","protected":false},"featured_media":619,"template":"","meta":{"_gspb_post_css":""},"product_brand":[],"product_cat":[15],"product_tag":[38,221,34,37,39,36,283,46,282,35,281,280],"class_list":{"0":"post-615","1":"product","2":"type-product","3":"status-publish","4":"has-post-thumbnail","6":"product_cat-led-commercial-lighting","7":"product_tag-bulk-supply","8":"product_tag-ceiling-spotlights","9":"product_tag-commercial-lighting","10":"product_tag-custom-size","11":"product_tag-factory-direct","12":"product_tag-hospitality-lighting","13":"product_tag-led-grille-spotlights","14":"product_tag-office-lighting","15":"product_tag-plaster-in-ceiling-frame","16":"product_tag-retail-lighting","17":"product_tag-trimless-recessed-downlight","18":"product_tag-trimless-recessed-grille-spotlight-for-commercial-lighting","20":"first","21":"instock","22":"shipping-taxable","23":"purchasable","24":"product-type-simple"},"_links":{"self":[{"href":"https:\/\/chineseledlight.com\/it\/wp-json\/wp\/v2\/product\/615","targetHints":{"allow":["GET"]}}],"collection":[{"href":"https:\/\/chineseledlight.com\/it\/wp-json\/wp\/v2\/product"}],"about":[{"href":"https:\/\/chineseledlight.com\/it\/wp-json\/wp\/v2\/types\/product"}],"wp:featuredmedia":[{"embeddable":true,"href":"https:\/\/chineseledlight.com\/it\/wp-json\/wp\/v2\/media\/619"}],"wp:attachment":[{"href":"https:\/\/chineseledlight.com\/it\/wp-json\/wp\/v2\/media?parent=615"}],"wp:term":[{"taxonomy":"product_brand","embeddable":true,"href":"https:\/\/chineseledlight.com\/it\/wp-json\/wp\/v2\/product_brand?post=615"},{"taxonomy":"product_cat","embeddable":true,"href":"https:\/\/chineseledlight.com\/it\/wp-json\/wp\/v2\/product_cat?post=615"},{"taxonomy":"product_tag","embeddable":true,"href":"https:\/\/chineseledlight.com\/it\/wp-json\/wp\/v2\/product_tag?post=615"}],"curies":[{"name":"wp","href":"https:\/\/api.w.org\/{rel}","templated":true}]}}