{"id":594,"date":"2026-01-31T07:25:45","date_gmt":"2026-01-31T07:25:45","guid":{"rendered":"https:\/\/chineseledlight.com\/?post_type=product&#038;p=594"},"modified":"2026-01-31T07:25:45","modified_gmt":"2026-01-31T07:25:45","slug":"aluminum-ceiling-track-light-suitable-for-offices","status":"publish","type":"product","link":"https:\/\/chineseledlight.com\/it\/aluminum-ceiling-track-light-suitable-for-offices\/","title":{"rendered":"Alluminio soffitto traccia luce adatto per uffici"},"content":{"rendered":"<p data-start=\"62\" data-end=\"394\">Panoramica<br data-start=\"70\" data-end=\"73\" \/>Negli ambienti di lavoro moderni, la luce giusta \u00e8 quella che si nota meno. Questa plafoniera in alluminio offre un'illuminazione controllata con ottiche a basso abbagliamento per rendere leggibili gli schermi e confortevoli le riunioni. Il profilo sottile del binario mantiene il soffitto visivamente silenzioso, consentendo al contempo di riorientare gli apparecchi in base all'evoluzione del layout.<\/p>\n<p data-start=\"398\" data-end=\"802\">Caratteristiche principali<br data-start=\"410\" data-end=\"413\" \/>- Indirizza la luce con precisione sulle aree di lavoro e sulle superfici verticali<br data-start=\"473\" data-end=\"476\" \/>- Riduzione del fastidioso abbagliamento grazie alla lente antiriflesso e al design cut-off<br data-start=\"541\" data-end=\"544\" \/>- Mantenere una produzione costante grazie a prestazioni stabili del driver<br data-start=\"606\" data-end=\"609\" \/>- Supporto per un'installazione pulita con un alloggiamento rigido in alluminio per il controllo del calore<br data-start=\"684\" data-end=\"687\" \/>- Abilita la compatibilit\u00e0 con il dimming regolare quando necessario<br data-start=\"738\" data-end=\"741\" \/>- Semplificare la manutenzione con componenti modulari per una rapida assistenza<\/p>\n<p data-start=\"806\" data-end=\"1250\">Opzioni e personalizzazione<br data-start=\"829\" data-end=\"832\" \/>- Distribuzioni del fascio e ottiche disponibili su richiesta per diverse altezze di scrivania<br data-start=\"911\" data-end=\"914\" \/>- Selezioni CCT\/CRI e opzioni di regolazione del bianco caldo-neutro<br data-start=\"972\" data-end=\"975\" \/>- Lunghezza del binario, parti di giunzione e metodi di montaggio (incassato\/superficiale\/sospeso) su richiesta.<br data-start=\"1066\" data-end=\"1069\" \/>- Interfacce di dimmerazione e controllo, comprese le configurazioni predisposte per i sensori<br data-start=\"1140\" data-end=\"1143\" \/>- Colori di finitura e finiture su ordinazione<br data-start=\"1185\" data-end=\"1188\" \/>- Servizio OEM\/ODM con supporto di specifiche di progetto e disegni d'officina<\/p>\n<p data-start=\"1254\" data-end=\"1427\">Applicazioni tipiche<br data-start=\"1274\" data-end=\"1277\" \/>Uffici open space, sale conferenze, aree di accoglienza, hub di coworking, uffici privati, aule di formazione, corridoi, sale relax, zone per fotocopie\/stampa<\/p>\n<p data-start=\"1431\" data-end=\"1746\">Fornitura e assistenza<br data-start=\"1447\" data-end=\"1450\" \/>La produzione diretta in fabbrica supporta la fornitura di grandi quantit\u00e0 e la produzione in serie con tempi di consegna stabili per i progetti. Ogni lotto \u00e8 verificato dal controllo qualit\u00e0 interno con tracciabilit\u00e0 della qualit\u00e0 e sono disponibili imballaggi per l'esportazione o imballaggi in casse per le spedizioni a lunga distanza. La conformit\u00e0 agli standard \u00e8 disponibile su richiesta.<\/p>","protected":false},"excerpt":{"rendered":"<p>Lampada a binario da soffitto in alluminio progettata per il comfort visivo, che offre un controllo preciso del fascio luminoso per ridurre l'abbagliamento di monitor e scrivanie. Ideale per uffici open space, sale riunioni e corridoi dove la flessibilit\u00e0 di puntamento favorisce frequenti cambiamenti di layout.<\/p>","protected":false},"featured_media":598,"template":"","meta":{"_gspb_post_css":""},"product_brand":[],"product_cat":[17],"product_tag":[261,256,257,38,258,259,37,39,135,260,46],"class_list":{"0":"post-594","1":"product","2":"type-product","3":"status-publish","4":"has-post-thumbnail","6":"product_cat-led-track-lighting","7":"product_tag-adjustable-track-heads","8":"product_tag-aluminum-ceiling-track-light-suitable-for-offices","9":"product_tag-aluminum-track-light","10":"product_tag-bulk-supply","11":"product_tag-ceiling-track-lighting","12":"product_tag-commercial-ceiling-lighting","13":"product_tag-custom-size","14":"product_tag-factory-direct","15":"product_tag-led-spotlights","16":"product_tag-low-glare-track-light","17":"product_tag-office-lighting","19":"first","20":"instock","21":"shipping-taxable","22":"purchasable","23":"product-type-simple"},"_links":{"self":[{"href":"https:\/\/chineseledlight.com\/it\/wp-json\/wp\/v2\/product\/594","targetHints":{"allow":["GET"]}}],"collection":[{"href":"https:\/\/chineseledlight.com\/it\/wp-json\/wp\/v2\/product"}],"about":[{"href":"https:\/\/chineseledlight.com\/it\/wp-json\/wp\/v2\/types\/product"}],"wp:featuredmedia":[{"embeddable":true,"href":"https:\/\/chineseledlight.com\/it\/wp-json\/wp\/v2\/media\/598"}],"wp:attachment":[{"href":"https:\/\/chineseledlight.com\/it\/wp-json\/wp\/v2\/media?parent=594"}],"wp:term":[{"taxonomy":"product_brand","embeddable":true,"href":"https:\/\/chineseledlight.com\/it\/wp-json\/wp\/v2\/product_brand?post=594"},{"taxonomy":"product_cat","embeddable":true,"href":"https:\/\/chineseledlight.com\/it\/wp-json\/wp\/v2\/product_cat?post=594"},{"taxonomy":"product_tag","embeddable":true,"href":"https:\/\/chineseledlight.com\/it\/wp-json\/wp\/v2\/product_tag?post=594"}],"curies":[{"name":"wp","href":"https:\/\/api.w.org\/{rel}","templated":true}]}}