{"id":568,"date":"2026-01-31T07:05:42","date_gmt":"2026-01-31T07:05:42","guid":{"rendered":"https:\/\/chineseledlight.com\/?post_type=product&#038;p=568"},"modified":"2026-01-31T07:05:43","modified_gmt":"2026-01-31T07:05:43","slug":"led-recessed-ceiling-light-suitable-for-offices","status":"publish","type":"product","link":"https:\/\/chineseledlight.com\/it\/led-recessed-ceiling-light-suitable-for-offices\/","title":{"rendered":"Plafoniera da incasso a LED adatta agli uffici"},"content":{"rendered":"<p data-start=\"52\" data-end=\"339\">Panoramica<br data-start=\"66\" data-end=\"69\" \/>Progettata per gestire il funzionamento continuo in ufficio, questa plafoniera da incasso si concentra su prestazioni affidabili e integrazione pulita. Il gruppo ottico sigillato aiuta a tenere la polvere lontana dalle superfici critiche, mentre gli efficienti percorsi di calore favoriscono il mantenimento dei lumen nel tempo.<\/p>\n<p data-start=\"341\" data-end=\"355\">Caratteristiche principali<\/p>\n<ul data-start=\"356\" data-end=\"773\">\n<li data-start=\"356\" data-end=\"437\">\n<p data-start=\"358\" data-end=\"437\">Rafforza la sicurezza del soffitto con un profilo incassato che riduce l'esposizione agli urti<\/p>\n<\/li>\n<li data-start=\"438\" data-end=\"522\">\n<p data-start=\"440\" data-end=\"522\">Offrono una luminosit\u00e0 uniforme e una distribuzione controllata per il comfort a livello di scrivania.<\/p>\n<\/li>\n<li data-start=\"523\" data-end=\"603\">\n<p data-start=\"525\" data-end=\"603\">Mantenimento di un'uscita stabile grazie al design termico in alluminio e alla protezione del driver<\/p>\n<\/li>\n<li data-start=\"604\" data-end=\"683\">\n<p data-start=\"606\" data-end=\"683\">Limitare l'affaticamento visivo con ottiche a basso abbagliamento adatte alle aree ad alta intensit\u00e0 di schermo<\/p>\n<\/li>\n<li data-start=\"684\" data-end=\"773\">\n<p data-start=\"686\" data-end=\"773\">Semplificano la manutenzione riducendo al minimo le parti visibili e supportando una rapida routine di sostituzione.<\/p>\n<\/li>\n<\/ul>\n<p data-start=\"775\" data-end=\"800\">Opzioni e personalizzazione<\/p>\n<ul data-start=\"801\" data-end=\"1179\">\n<li data-start=\"801\" data-end=\"882\">\n<p data-start=\"803\" data-end=\"882\">Su richiesta sono disponibili finiture tonde o quadrate, profondit\u00e0 della lunetta e stili di diffusori.<\/p>\n<\/li>\n<li data-start=\"883\" data-end=\"951\">\n<p data-start=\"885\" data-end=\"951\">CCT e selezioni di color-rendering configurabili in base alle specifiche del progetto<\/p>\n<\/li>\n<li data-start=\"952\" data-end=\"1034\">\n<p data-start=\"954\" data-end=\"1034\">Compatibilit\u00e0 di dimmerazione e controllo offerta come richiesto dal programma di illuminazione.<\/p>\n<\/li>\n<li data-start=\"1035\" data-end=\"1106\">\n<p data-start=\"1037\" data-end=\"1106\">Ritaglio e dettagli dell'alloggiamento supportati come dimensioni personalizzate \/ su ordinazione<\/p>\n<\/li>\n<li data-start=\"1107\" data-end=\"1179\">\n<p data-start=\"1109\" data-end=\"1179\">L'etichettatura, i manuali e l'imballaggio possono essere organizzati tramite il servizio OEM\/ODM.<\/p>\n<\/li>\n<\/ul>\n<p data-start=\"1181\" data-end=\"1329\">Applicazioni tipiche<br data-start=\"1201\" data-end=\"1204\" \/>Uffici open space, uffici privati, sale riunioni, corridoi, aree di ricevimento, zone di copia\/stampa, aree di dispensa, aule di formazione<\/p>\n<p data-start=\"1331\" data-end=\"1641\">Fornitura e assistenza<br data-start=\"1347\" data-end=\"1350\" \/>Sono disponibili forniture di massa e produzione in serie, con una pianificazione dei tempi di consegna rapida per le installazioni graduali. Il controllo qualit\u00e0 interno e la tracciabilit\u00e0 della qualit\u00e0 supportano consegne costanti, con il supporto di disegni di officina per il coordinamento. \u00c8 possibile fornire imballaggi per l'esportazione; la conformit\u00e0 agli standard \u00e8 disponibile su richiesta.<\/p>","protected":false},"excerpt":{"rendered":"<p>Una plafoniera LED da incasso costruita per gli orari di lavoro pi\u00f9 impegnativi, che offre un'illuminazione costante e controllata dallo sfarfallio con un alloggiamento resistente progettato per lunghi intervalli di manutenzione. \u00c8 comunemente richiesta per uffici open space, sale riunioni e corridoi, dove la luce costante e la bassa manutenzione sono le priorit\u00e0.<\/p>","protected":false},"featured_media":569,"template":"","meta":{"_gspb_post_css":""},"product_brand":[],"product_cat":[18],"product_tag":[38,229,37,255,74,42,251,254,252,51,253],"class_list":{"0":"post-568","1":"product","2":"type-product","3":"status-publish","4":"has-post-thumbnail","6":"product_cat-led-ceiling-lighting","7":"product_tag-bulk-supply","8":"product_tag-commercial-office-lighting","9":"product_tag-custom-size","10":"product_tag-dimmable-recessed-downlight","11":"product_tag-fast-lead-time","12":"product_tag-led-downlights","13":"product_tag-led-recessed-ceiling-light-suitable-for-offices","14":"product_tag-low-glare-recessed-light","15":"product_tag-office-ceiling-light","16":"product_tag-recessed-ceiling-lighting","17":"product_tag-workstation-lighting","19":"first","20":"instock","21":"shipping-taxable","22":"purchasable","23":"product-type-simple"},"_links":{"self":[{"href":"https:\/\/chineseledlight.com\/it\/wp-json\/wp\/v2\/product\/568","targetHints":{"allow":["GET"]}}],"collection":[{"href":"https:\/\/chineseledlight.com\/it\/wp-json\/wp\/v2\/product"}],"about":[{"href":"https:\/\/chineseledlight.com\/it\/wp-json\/wp\/v2\/types\/product"}],"wp:featuredmedia":[{"embeddable":true,"href":"https:\/\/chineseledlight.com\/it\/wp-json\/wp\/v2\/media\/569"}],"wp:attachment":[{"href":"https:\/\/chineseledlight.com\/it\/wp-json\/wp\/v2\/media?parent=568"}],"wp:term":[{"taxonomy":"product_brand","embeddable":true,"href":"https:\/\/chineseledlight.com\/it\/wp-json\/wp\/v2\/product_brand?post=568"},{"taxonomy":"product_cat","embeddable":true,"href":"https:\/\/chineseledlight.com\/it\/wp-json\/wp\/v2\/product_cat?post=568"},{"taxonomy":"product_tag","embeddable":true,"href":"https:\/\/chineseledlight.com\/it\/wp-json\/wp\/v2\/product_tag?post=568"}],"curies":[{"name":"wp","href":"https:\/\/api.w.org\/{rel}","templated":true}]}}