{"id":419,"date":"2026-01-31T03:33:03","date_gmt":"2026-01-31T03:33:03","guid":{"rendered":"https:\/\/chineseledlight.com\/?post_type=product&#038;p=419"},"modified":"2026-01-31T03:33:17","modified_gmt":"2026-01-31T03:33:17","slug":"modern-minimalist-led-ceiling-spotlights-led-ceiling-lights","status":"publish","type":"product","link":"https:\/\/chineseledlight.com\/it\/modern-minimalist-led-ceiling-spotlights-led-ceiling-lights\/","title":{"rendered":"Faretti da soffitto moderni e minimalisti Faretti da soffitto a LED"},"content":{"rendered":"<p data-start=\"72\" data-end=\"381\">Panoramica<br \/>\nProgettati per garantire prestazioni affidabili, questi moderni e minimalisti faretti LED da soffitto combinano ottiche precise con una robusta gestione termica. La forma a basso profilo si integra perfettamente nei soffitti contemporanei e contribuisce a mantenere stabile l'emissione luminosa per lunghe ore di funzionamento.<\/p>\n<p data-start=\"385\" data-end=\"951\">Caratteristiche principali<br \/>\n- Dirigere la luce in modo preciso con ottiche raffinate di riflettori\/lenti per fasci definiti<br data-start=\"499\" data-end=\"502\" \/>- Mantenere la stabilit\u00e0 del flusso luminoso grazie a un dissipatore di calore in alluminio progettato per un'efficiente dissipazione.<br data-start=\"593\" data-end=\"596\" \/>- Riducete l'affaticamento visivo grazie alle finiture antiriflesso opzionali e al comodo controllo del cut-off<br data-start=\"682\" data-end=\"685\" \/>- Si integra in modo pulito in interni moderni con dettagli minimi e linee visive pulite.<br data-start=\"772\" data-end=\"775\" \/>- Supporto di un funzionamento affidabile con driver a basso rumore e scelte di controllo attente allo sfarfallio<br data-start=\"864\" data-end=\"867\" \/>- Semplificare la manutenzione grazie ai componenti modulari e al design di montaggio di facile manutenzione<\/p>\n<p data-start=\"955\" data-end=\"1504\">Opzioni e personalizzazione<br \/>\n- Opzioni di distribuzione del fascio (da spot a spread pi\u00f9 ampi) disponibili su richiesta<br data-start=\"1087\" data-end=\"1090\" \/>- Selezioni multiple di CCT e supporto per la corrispondenza dei progetti per un aspetto coerente<br data-start=\"1170\" data-end=\"1173\" \/>- Soluzioni di dimmerazione\/controllo (a taglio di fase, 0-10V, compatibili con DALI) disponibili su richiesta<br data-start=\"1257\" data-end=\"1260\" \/>- Finiture della carrozzeria e dei rivestimenti, comprese le tonalit\u00e0 opache e i colori personalizzati; su ordinazione<br data-start=\"1335\" data-end=\"1338\" \/>- Varianti fisse o regolabili (tilt\/gimbal); stili da incasso o da superficie su richiesta<br data-start=\"1421\" data-end=\"1424\" \/>- Coordinamento delle specifiche di progetto con il supporto ai disegni e i disegni di officina da consegnare<\/p>\n<p data-start=\"1508\" data-end=\"1750\">Applicazioni tipiche<br \/>\nSoffitti espositivi per la vendita al dettaglio, punti di forza delle boutique, gallerie d'arte, esposizioni museali, corridoi di hotel, zone caratteristiche delle lobby, showroom, aree di ricevimento, salotti residenziali, cucine e isole<\/p>\n<p data-start=\"1754\" data-end=\"2103\">Fornitura e assistenza<br \/>\nLa pianificazione diretta in fabbrica supporta la produzione di volumi e la fornitura di grandi quantit\u00e0 con tempi di consegna stabili per progetti e ordini ripetuti. Il controllo qualit\u00e0 interno con tracciabilit\u00e0 della qualit\u00e0 viene applicato a tutti i lotti e si possono organizzare imballaggi per l'esportazione\/confezioni in casse per un trasporto pi\u00f9 sicuro. La conformit\u00e0 agli standard \u00e8 disponibile su richiesta.<\/p>","protected":false},"excerpt":{"rendered":"<p>I moderni e minimalisti faretti LED da soffitto offrono una definizione nitida del fascio luminoso e prestazioni termiche stabili in una forma discreta di montaggio a soffitto. Una scelta pratica per esposizioni al dettaglio e soffitti di gallerie dove il controllo dell'abbagliamento e l'architettura pulita sono ugualmente importanti.<\/p>","protected":false},"featured_media":542,"template":"","meta":{"_gspb_post_css":""},"product_brand":[],"product_cat":[18],"product_tag":[222,223,221,37,39,224,45,53,220,60,47,35],"class_list":{"0":"post-419","1":"product","2":"type-product","3":"status-publish","4":"has-post-thumbnail","6":"product_cat-led-ceiling-lighting","7":"product_tag-anti-glare-trim","8":"product_tag-beam-angle-options","9":"product_tag-ceiling-spotlights","10":"product_tag-custom-size","11":"product_tag-factory-direct","12":"product_tag-gallery-lighting","13":"product_tag-hotel-lighting","14":"product_tag-led-ceiling-lights","15":"product_tag-modern-minimalist-led-ceiling-spotlights","16":"product_tag-recessed-downlights","17":"product_tag-residential-lighting","18":"product_tag-retail-lighting","20":"first","21":"instock","22":"shipping-taxable","23":"purchasable","24":"product-type-simple"},"_links":{"self":[{"href":"https:\/\/chineseledlight.com\/it\/wp-json\/wp\/v2\/product\/419","targetHints":{"allow":["GET"]}}],"collection":[{"href":"https:\/\/chineseledlight.com\/it\/wp-json\/wp\/v2\/product"}],"about":[{"href":"https:\/\/chineseledlight.com\/it\/wp-json\/wp\/v2\/types\/product"}],"wp:featuredmedia":[{"embeddable":true,"href":"https:\/\/chineseledlight.com\/it\/wp-json\/wp\/v2\/media\/542"}],"wp:attachment":[{"href":"https:\/\/chineseledlight.com\/it\/wp-json\/wp\/v2\/media?parent=419"}],"wp:term":[{"taxonomy":"product_brand","embeddable":true,"href":"https:\/\/chineseledlight.com\/it\/wp-json\/wp\/v2\/product_brand?post=419"},{"taxonomy":"product_cat","embeddable":true,"href":"https:\/\/chineseledlight.com\/it\/wp-json\/wp\/v2\/product_cat?post=419"},{"taxonomy":"product_tag","embeddable":true,"href":"https:\/\/chineseledlight.com\/it\/wp-json\/wp\/v2\/product_tag?post=419"}],"curies":[{"name":"wp","href":"https:\/\/api.w.org\/{rel}","templated":true}]}}