{"id":414,"date":"2026-01-31T03:26:09","date_gmt":"2026-01-31T03:26:09","guid":{"rendered":"https:\/\/chineseledlight.com\/?post_type=product&#038;p=414"},"modified":"2026-01-31T03:26:09","modified_gmt":"2026-01-31T03:26:09","slug":"modern-metal-led-wall-lights-suitable-for-hotel-decoration","status":"publish","type":"product","link":"https:\/\/chineseledlight.com\/it\/modern-metal-led-wall-lights-suitable-for-hotel-decoration\/","title":{"rendered":"Moderne luci da parete a LED in metallo adatte alla decorazione dell'hotel"},"content":{"rendered":"<p data-start=\"71\" data-end=\"361\">Panoramica<br data-start=\"79\" data-end=\"82\" \/>Date un tono agli spazi dell'ospitalit\u00e0 contemporanea con le moderne applique LED in metallo che abbinano una geometria nitida a finiture superficiali raffinate. Il profilo a parete aggiunge un'illuminazione stratificata senza ingombro visivo, mentre il corpo in metallo supporta l'uso a lungo termine in aree ad alto traffico.<\/p>\n<p data-start=\"365\" data-end=\"793\">Caratteristiche principali<br data-start=\"377\" data-end=\"380\" \/>- Forma un'accogliente luce decorativa con un abbagliamento ridotto<br data-start=\"435\" data-end=\"438\" \/>- Evidenzia texture, segnaletica o opere d'arte grazie alla direzione controllata della luce.<br data-start=\"515\" data-end=\"518\" \/>- Migliora la rigidit\u00e0 e la dissipazione del calore con un alloggiamento in metallo<br data-start=\"579\" data-end=\"582\" \/>- Semplifica la manutenzione grazie alle superfici esterne lisce e pulibili<br data-start=\"646\" data-end=\"649\" \/>- Garantisce una produzione coerente grazie al controllo qualit\u00e0 interno e alla tracciabilit\u00e0 della qualit\u00e0.<br data-start=\"717\" data-end=\"720\" \/>- Si integra con gli interni moderni grazie alle linee pulite e all'ingombro ridotto.<\/p>\n<p data-start=\"797\" data-end=\"1188\">Opzioni e personalizzazione<br data-start=\"820\" data-end=\"823\" \/>- Specificare le dimensioni e i dettagli di montaggio su misura per adattarli alle condizioni della parete.<br data-start=\"903\" data-end=\"906\" \/>- Abbinamento di finiture su richiesta per un design coesivo degli interni dell'hotel<br data-start=\"968\" data-end=\"971\" \/>- Selezionare la tonalit\u00e0 della luce e lo stile di diffusione per adattarsi agli obiettivi dell'ambiente.<br data-start=\"1032\" data-end=\"1035\" \/>- Configurazione dell'ingresso del cablaggio e del posizionamento dei driver in base al layout del progetto<br data-start=\"1104\" data-end=\"1107\" \/>- Richiesta di servizio OEM\/ODM con supporto di disegno d'officina per il coordinamento dell'appaltatore<\/p>\n<p data-start=\"1192\" data-end=\"1377\">Applicazioni tipiche<br data-start=\"1212\" data-end=\"1215\" \/>Corridoi di hotel, illuminazione dei comodini delle camere degli ospiti, pareti caratteristiche di hall, atrii di ascensori, suite di hotel boutique, sfondi di reception, pianerottoli di scale, aree lounge.<\/p>\n<p data-start=\"1381\" data-end=\"1696\">Fornitura e assistenza<br data-start=\"1397\" data-end=\"1400\" \/>Produzione diretta di volumi in fabbrica con tempi di consegna stabili, supportata dall'allineamento dei disegni prima del rilascio della produzione. \u00c8 possibile organizzare l'imballaggio per l'esportazione e l'imballaggio in casse per una consegna internazionale sicura. La conformit\u00e0 agli standard \u00e8 disponibile su richiesta, con registri di ispezione forniti dal controllo qualit\u00e0 interno.<\/p>","protected":false},"excerpt":{"rendered":"<p>Progettate per gli interni contemporanei dell'ospitalit\u00e0, queste moderne applique a LED in metallo offrono un raffinato bagliore decorativo da un involucro rigido che gestisce il calore. Ideali per i corridoi degli hotel e le camere degli ospiti, dove \u00e8 importante che l'ambiente sia omogeneo e la manutenzione sia semplice.<\/p>","protected":false},"featured_media":521,"template":"","meta":{"_gspb_post_css":""},"product_brand":[],"product_cat":[23],"product_tag":[191,38,37,190,39,178,192,45,188,189,187],"class_list":{"0":"post-414","1":"product","2":"type-product","3":"status-publish","4":"has-post-thumbnail","6":"product_cat-led-spotlights","7":"product_tag-architectural-lighting","8":"product_tag-bulk-supply","9":"product_tag-custom-size","10":"product_tag-decorative-wall-lighting","11":"product_tag-factory-direct","12":"product_tag-guest-room-lighting","13":"product_tag-hospitality-corridor-lighting","14":"product_tag-hotel-lighting","15":"product_tag-led-wall-lighting","16":"product_tag-metal-wall-sconce","17":"product_tag-modern-metal-led-wall-lights-suitable-for-hotel-decoration","19":"first","20":"instock","21":"shipping-taxable","22":"purchasable","23":"product-type-simple"},"_links":{"self":[{"href":"https:\/\/chineseledlight.com\/it\/wp-json\/wp\/v2\/product\/414","targetHints":{"allow":["GET"]}}],"collection":[{"href":"https:\/\/chineseledlight.com\/it\/wp-json\/wp\/v2\/product"}],"about":[{"href":"https:\/\/chineseledlight.com\/it\/wp-json\/wp\/v2\/types\/product"}],"wp:featuredmedia":[{"embeddable":true,"href":"https:\/\/chineseledlight.com\/it\/wp-json\/wp\/v2\/media\/521"}],"wp:attachment":[{"href":"https:\/\/chineseledlight.com\/it\/wp-json\/wp\/v2\/media?parent=414"}],"wp:term":[{"taxonomy":"product_brand","embeddable":true,"href":"https:\/\/chineseledlight.com\/it\/wp-json\/wp\/v2\/product_brand?post=414"},{"taxonomy":"product_cat","embeddable":true,"href":"https:\/\/chineseledlight.com\/it\/wp-json\/wp\/v2\/product_cat?post=414"},{"taxonomy":"product_tag","embeddable":true,"href":"https:\/\/chineseledlight.com\/it\/wp-json\/wp\/v2\/product_tag?post=414"}],"curies":[{"name":"wp","href":"https:\/\/api.w.org\/{rel}","templated":true}]}}