{"id":410,"date":"2026-01-31T03:21:14","date_gmt":"2026-01-31T03:21:14","guid":{"rendered":"https:\/\/chineseledlight.com\/?post_type=product&#038;p=410"},"modified":"2026-01-31T03:21:14","modified_gmt":"2026-01-31T03:21:14","slug":"new-graffiti-smart-downlights-anti-glare-led-downlights","status":"publish","type":"product","link":"https:\/\/chineseledlight.com\/it\/new-graffiti-smart-downlights-anti-glare-led-downlights\/","title":{"rendered":"Nuovi Downlights intelligenti Graffiti Downlights LED antiriflesso"},"content":{"rendered":"<p data-start=\"60\" data-end=\"404\"><strong data-start=\"66\" data-end=\"78\">Panoramica<\/strong><br data-start=\"78\" data-end=\"81\" \/>L'obiettivo \u00e8 una luce calda e controllata: il design antiriflesso riduce l'impatto visivo e contribuisce a rendere gli interni pi\u00f9 tranquilli e riservati. La finitura \u201cgraffiti\u201d aggiunge un sottile tocco decorativo senza sovrastare i soffitti architettonici. L'integrazione del controllo intelligente pu\u00f2 essere specificata per adattarsi alle scene di illuminazione del progetto.<\/p>\n<p data-start=\"406\" data-end=\"424\"><strong data-start=\"406\" data-end=\"422\">Caratteristiche principali<\/strong><\/p>\n<ul data-start=\"425\" data-end=\"810\">\n<li data-start=\"425\" data-end=\"501\">\n<p data-start=\"427\" data-end=\"501\">Attenua i riflessi per un angolo di visione confortevole nelle zone in cui si \u00e8 seduti e si cammina.<\/p>\n<\/li>\n<li data-start=\"502\" data-end=\"581\">\n<p data-start=\"504\" data-end=\"581\">Luce sagomata con controllo raffinato del fascio luminoso per accenti e illuminazione generale<\/p>\n<\/li>\n<li data-start=\"582\" data-end=\"650\">\n<p data-start=\"584\" data-end=\"650\">Mantiene pulite le linee del soffitto con un aspetto da incasso a basso profilo<\/p>\n<\/li>\n<li data-start=\"651\" data-end=\"737\">\n<p data-start=\"653\" data-end=\"737\">Mantiene un aspetto coerente in tutte le stanze con opzioni di uniformit\u00e0 di colore su richiesta.<\/p>\n<\/li>\n<li data-start=\"738\" data-end=\"810\">\n<p data-start=\"740\" data-end=\"810\">Semplifica la manutenzione grazie alle finiture e alla struttura dei moduli di facile manutenzione<\/p>\n<\/li>\n<\/ul>\n<p data-start=\"812\" data-end=\"841\"><strong data-start=\"812\" data-end=\"839\">Opzioni e personalizzazione<\/strong><\/p>\n<ul data-start=\"842\" data-end=\"1175\">\n<li data-start=\"842\" data-end=\"915\">\n<p data-start=\"844\" data-end=\"915\">Opzioni di driver e interfaccia di controllo smart-ready disponibili su richiesta<\/p>\n<\/li>\n<li data-start=\"916\" data-end=\"986\">\n<p data-start=\"918\" data-end=\"986\">Stili di finiture e finiture superficiali, compresi i modelli Made-to-Order<\/p>\n<\/li>\n<li data-start=\"987\" data-end=\"1057\">\n<p data-start=\"989\" data-end=\"1057\">Selezione dell'uscita e del fascio di luce per adattarsi ai livelli di attivit\u00e0, ambiente o accento<\/p>\n<\/li>\n<li data-start=\"1058\" data-end=\"1123\">\n<p data-start=\"1060\" data-end=\"1123\">Coordinamento di ritagli di dimensioni personalizzate per diversi sistemi di controsoffitti<\/p>\n<\/li>\n<li data-start=\"1124\" data-end=\"1175\">\n<p data-start=\"1126\" data-end=\"1175\">Supporto alle specifiche di progetto e ai disegni di officina, se necessario<\/p>\n<\/li>\n<\/ul>\n<p data-start=\"1177\" data-end=\"1348\"><strong data-start=\"1177\" data-end=\"1201\">Applicazioni tipiche<\/strong><br data-start=\"1201\" data-end=\"1204\" \/>Lobby di hotel, corridoi delle camere, uffici, sale riunioni, aree di ricevimento, soggiorni residenziali, appartamenti, boutique, gallerie, saloni.<\/p>\n<p data-start=\"1350\" data-end=\"1590\"><strong data-start=\"1350\" data-end=\"1370\">Fornitura e assistenza<\/strong><br data-start=\"1370\" data-end=\"1373\" \/>Produzione diretta in fabbrica di volumi con pianificazione stabile dei tempi di consegna. Il controllo qualit\u00e0 interno e la tracciabilit\u00e0 della qualit\u00e0 sono applicati a ogni lotto, con imballaggio per l'esportazione disponibile per la spedizione. Conformit\u00e0 agli standard disponibile su richiesta.<\/p>","protected":false},"excerpt":{"rendered":"<p>Progettati per il comfort visivo, questi downlight intelligenti con finitura graffiti utilizzano ottiche antiriflesso per mantenere i soffitti calmi e al contempo accenti nitidi. Una scelta solida per i corridoi degli hotel e le aree di ricevimento, dove l'atmosfera, l'illuminazione di orientamento e le linee pulite dei soffitti sono importanti.<\/p>","protected":false},"featured_media":500,"template":"","meta":{"_gspb_post_css":""},"product_brand":[],"product_cat":[22],"product_tag":[168,38,33,37,36,56,166,46,60,47,167],"class_list":{"0":"post-410","1":"product","2":"type-product","3":"status-publish","4":"has-post-thumbnail","6":"product_cat-led-downlights","7":"product_tag-anti-glare-downlight","8":"product_tag-bulk-supply","9":"product_tag-ceiling-lighting","10":"product_tag-custom-size","11":"product_tag-hospitality-lighting","12":"product_tag-hotel-lobby-lighting","13":"product_tag-new-graffiti-smart-downlights-anti-glare-led-downlights","14":"product_tag-office-lighting","15":"product_tag-recessed-downlights","16":"product_tag-residential-lighting","17":"product_tag-smart-lighting","19":"first","20":"instock","21":"shipping-taxable","22":"purchasable","23":"product-type-simple"},"_links":{"self":[{"href":"https:\/\/chineseledlight.com\/it\/wp-json\/wp\/v2\/product\/410","targetHints":{"allow":["GET"]}}],"collection":[{"href":"https:\/\/chineseledlight.com\/it\/wp-json\/wp\/v2\/product"}],"about":[{"href":"https:\/\/chineseledlight.com\/it\/wp-json\/wp\/v2\/types\/product"}],"wp:featuredmedia":[{"embeddable":true,"href":"https:\/\/chineseledlight.com\/it\/wp-json\/wp\/v2\/media\/500"}],"wp:attachment":[{"href":"https:\/\/chineseledlight.com\/it\/wp-json\/wp\/v2\/media?parent=410"}],"wp:term":[{"taxonomy":"product_brand","embeddable":true,"href":"https:\/\/chineseledlight.com\/it\/wp-json\/wp\/v2\/product_brand?post=410"},{"taxonomy":"product_cat","embeddable":true,"href":"https:\/\/chineseledlight.com\/it\/wp-json\/wp\/v2\/product_cat?post=410"},{"taxonomy":"product_tag","embeddable":true,"href":"https:\/\/chineseledlight.com\/it\/wp-json\/wp\/v2\/product_tag?post=410"}],"curies":[{"name":"wp","href":"https:\/\/api.w.org\/{rel}","templated":true}]}}