{"id":409,"date":"2026-01-31T03:20:11","date_gmt":"2026-01-31T03:20:11","guid":{"rendered":"https:\/\/chineseledlight.com\/?post_type=product&#038;p=409"},"modified":"2026-01-31T03:20:11","modified_gmt":"2026-01-31T03:20:11","slug":"factory-custom-led-engineering-lighting-recessed-spotlights","status":"publish","type":"product","link":"https:\/\/chineseledlight.com\/it\/factory-custom-led-engineering-lighting-recessed-spotlights\/","title":{"rendered":"Fabbrica Custom LED Ingegneria illuminazione Faretti da incasso"},"content":{"rendered":"<p data-start=\"72\" data-end=\"329\">Panoramica<br data-start=\"80\" data-end=\"83\" \/>Costruiti per funzionare in ambienti esigenti, questi faretti LED da incasso forniscono una luce d'accento mirata, mantenendo pulito il piano del soffitto. L'alloggiamento robusto e il percorso termico ben gestito contribuiscono a mantenere stabile la resa negli spazi commerciali ad alto utilizzo.<\/p>\n<p data-start=\"333\" data-end=\"708\">Caratteristiche principali<br data-start=\"345\" data-end=\"348\" \/>- Luce concentrata con una definizione coerente del fascio di luce per un'accentuazione reale<br data-start=\"418\" data-end=\"421\" \/>- Controllo dell'abbagliamento grazie a ottiche incassate e gestite dall'abbagliamento<br data-start=\"484\" data-end=\"487\" \/>- Stabilizzazione delle prestazioni grazie a un design efficiente di dissipazione del calore<br data-start=\"552\" data-end=\"555\" \/>- Semplificare la manutenzione con opzioni di accesso per i conducenti<br data-start=\"623\" data-end=\"626\" \/>- Rafforzare la durata della finitura con scelte di alloggiamento e finiture resistenti alla corrosione<\/p>\n<p data-start=\"712\" data-end=\"1073\">Opzioni e personalizzazione<br data-start=\"735\" data-end=\"738\" \/>- Profili di taglio, profondit\u00e0 e rifinitura su misura per adattarsi ai sistemi di controsoffitto<br data-start=\"811\" data-end=\"814\" \/>- Le selezioni CCT e high-CRI sono disponibili su richiesta<br data-start=\"864\" data-end=\"867\" \/>- Angoli del fascio e accessori per lenti per effetti d'accento o di lavaggio delle pareti<br data-start=\"933\" data-end=\"936\" \/>- Opzioni di interfaccia di dimmerazione (taglio di fase, 0-10V, DALI) su richiesta<br data-start=\"999\" data-end=\"1002\" \/>- Supporto per il coordinamento e l'approvazione di specifiche di progetto e disegni d'officina<\/p>\n<p data-start=\"1077\" data-end=\"1243\">Applicazioni tipiche<br data-start=\"1097\" data-end=\"1100\" \/>Espositori per la vendita al dettaglio, musei e gallerie, hall di alberghi, aree di ricevimento, corridoi, sale riunioni, ristoranti, showroom, residenze di alto livello.<\/p>\n<p data-start=\"1247\" data-end=\"1531\">Fornitura e assistenza<br data-start=\"1263\" data-end=\"1266\" \/>Il servizio OEM\/ODM diretto dalla fabbrica supporta la campionatura fino alla produzione in serie con una pianificazione stabile dei tempi di consegna. Il controllo qualit\u00e0 interno con tracciabilit\u00e0 della qualit\u00e0 viene applicato a ogni lotto e l'imballaggio per l'esportazione pu\u00f2 essere organizzato per un trasporto pi\u00f9 sicuro. La conformit\u00e0 agli standard \u00e8 disponibile su richiesta.<\/p>","protected":false},"excerpt":{"rendered":"<p>Costruiti per interni di livello progettuale, questi faretti LED da incasso forniscono una luce d'accento controllata con ottica antiriflesso incassata e una finitura ordinata del soffitto. Ideali per esposizioni al dettaglio e mostre museali, dove \u00e8 richiesta un'evidenziazione accurata, un funzionamento stabile e un'integrazione discreta.<\/p>","protected":false},"featured_media":491,"template":"","meta":{"_gspb_post_css":""},"product_brand":[],"product_cat":[23],"product_tag":[38,33,34,37,164,165,42,96,48,31,35],"class_list":{"0":"post-409","1":"product","2":"type-product","3":"status-publish","4":"has-post-thumbnail","6":"product_cat-led-spotlights","7":"product_tag-bulk-supply","8":"product_tag-ceiling-lighting","9":"product_tag-commercial-lighting","10":"product_tag-custom-size","11":"product_tag-factory-custom-led-engineering-lighting-recessed-spotlights","12":"product_tag-glare-control-optics","13":"product_tag-led-downlights","14":"product_tag-museum-lighting","15":"product_tag-oem-odm-service","16":"product_tag-recessed-spotlights","17":"product_tag-retail-lighting","19":"first","20":"instock","21":"shipping-taxable","22":"purchasable","23":"product-type-simple"},"_links":{"self":[{"href":"https:\/\/chineseledlight.com\/it\/wp-json\/wp\/v2\/product\/409","targetHints":{"allow":["GET"]}}],"collection":[{"href":"https:\/\/chineseledlight.com\/it\/wp-json\/wp\/v2\/product"}],"about":[{"href":"https:\/\/chineseledlight.com\/it\/wp-json\/wp\/v2\/types\/product"}],"wp:featuredmedia":[{"embeddable":true,"href":"https:\/\/chineseledlight.com\/it\/wp-json\/wp\/v2\/media\/491"}],"wp:attachment":[{"href":"https:\/\/chineseledlight.com\/it\/wp-json\/wp\/v2\/media?parent=409"}],"wp:term":[{"taxonomy":"product_brand","embeddable":true,"href":"https:\/\/chineseledlight.com\/it\/wp-json\/wp\/v2\/product_brand?post=409"},{"taxonomy":"product_cat","embeddable":true,"href":"https:\/\/chineseledlight.com\/it\/wp-json\/wp\/v2\/product_cat?post=409"},{"taxonomy":"product_tag","embeddable":true,"href":"https:\/\/chineseledlight.com\/it\/wp-json\/wp\/v2\/product_tag?post=409"}],"curies":[{"name":"wp","href":"https:\/\/api.w.org\/{rel}","templated":true}]}}