{"id":407,"date":"2026-01-31T03:17:36","date_gmt":"2026-01-31T03:17:36","guid":{"rendered":"https:\/\/chineseledlight.com\/?post_type=product&#038;p=407"},"modified":"2026-01-31T03:17:36","modified_gmt":"2026-01-31T03:17:36","slug":"recessed-mini-led-downlights-dimmable-ceiling-spotlights","status":"publish","type":"product","link":"https:\/\/chineseledlight.com\/it\/recessed-mini-led-downlights-dimmable-ceiling-spotlights\/","title":{"rendered":"Mini faretti da incasso a LED Faretti da soffitto dimmerabili"},"content":{"rendered":"<p data-start=\"69\" data-end=\"308\">Panoramica<br data-start=\"77\" data-end=\"80\" \/>Un'apertura discreta e una finitura raffinata rendono questi mini downlight LED da incasso ideali quando il soffitto ha bisogno di un aspetto ordinato e architettonico. Le prestazioni dimmerabili consentono ai progettisti di regolare l'atmosfera e le luci senza dover cambiare gli apparecchi.<\/p>\n<p data-start=\"312\" data-end=\"623\">Caratteristiche principali<br data-start=\"324\" data-end=\"327\" \/>- Accenti focalizzati sulla forma con un controllo ottico stabile<br data-start=\"378\" data-end=\"381\" \/>- Si integrano nei soffitti grazie all'estetica delle finiture a basso profilo<br data-start=\"435\" data-end=\"438\" \/>- Attenua le transizioni di luminosit\u00e0 grazie a una risposta omogenea alla regolazione della luminosit\u00e0.<br data-start=\"501\" data-end=\"504\" \/>- Riducono l'abbagliamento per una comoda visione da vicino<br data-start=\"554\" data-end=\"557\" \/>- Mantenere un aspetto coerente nelle aree di installazione miste<\/p>\n<p data-start=\"627\" data-end=\"1010\">Opzioni e personalizzazione<br data-start=\"650\" data-end=\"653\" \/>- Sono disponibili stili di rifinitura e finiture di superficie che si adattano alle palette degli interni.<br data-start=\"724\" data-end=\"727\" \/>- Diffusione del fascio e scelta delle lenti per ottenere diversi effetti di illuminazione a spot<br data-start=\"798\" data-end=\"801\" \/>- Temperatura di colore e gradi di resa cromatica selezionabili su richiesta<br data-start=\"869\" data-end=\"872\" \/>- Opzioni di driver e interfaccia di dimmerazione per adattarsi ai metodi di cablaggio del progetto<br data-start=\"941\" data-end=\"944\" \/>- Dimensioni personalizzate \/ supporto per ritagli e dettagli di montaggio su ordinazione<\/p>\n<p data-start=\"1014\" data-end=\"1187\">Applicazioni tipiche<br data-start=\"1034\" data-end=\"1037\" \/>Espositori per vetrine, scaffalature per boutique, gallerie d'arte, corridoi di hotel, pareti per hall, nicchie residenziali, isole da cucina, vetrine.<\/p>\n<p data-start=\"1191\" data-end=\"1567\">Fornitura e assistenza<br data-start=\"1207\" data-end=\"1210\" \/>La fornitura diretta in fabbrica con la pianificazione della produzione in volumi supporta tempi di consegna stabili e le spedizioni possono essere organizzate con imballaggi per l'esportazione\/confezioni in casse. Il controllo qualit\u00e0 interno, la tracciabilit\u00e0 della qualit\u00e0 e il supporto per le specifiche di progetto e i disegni d'officina aiutano a mantenere i dettagli dell'installazione allineati; il servizio OEM\/ODM \u00e8 disponibile per l'etichettatura privata. La conformit\u00e0 agli standard \u00e8 disponibile su richiesta.<\/p>","protected":false},"excerpt":{"rendered":"<p>Mini downlight LED compatti da incasso, caratterizzati da un controllo regolare della dimmerazione e da una precisa modellazione del fascio luminoso in un profilo pulito. Ideale per l'illuminazione d'accento a soffitto di boutique, gallerie e corridoi di hotel, dove sono richiesti un apparecchio discreto e un'emissione luminosa costante.<\/p>","protected":false},"featured_media":484,"template":"","meta":{"_gspb_post_css":""},"product_brand":[],"product_cat":[23],"product_tag":[38,32,37,156,158,45,155,89,154,157,35],"class_list":{"0":"post-407","1":"product","2":"type-product","3":"status-publish","4":"has-post-thumbnail","6":"product_cat-led-spotlights","7":"product_tag-bulk-supply","8":"product_tag-ceiling-downlights","9":"product_tag-custom-size","10":"product_tag-dimmable-ceiling-spotlights","11":"product_tag-factory-direct-lighting","12":"product_tag-hotel-lighting","13":"product_tag-mini-led-spotlights","14":"product_tag-recessed-lighting","15":"product_tag-recessed-mini-led-downlights-dimmable-ceiling-spotlights","16":"product_tag-residential-accent-lighting","17":"product_tag-retail-lighting","19":"first","20":"instock","21":"shipping-taxable","22":"purchasable","23":"product-type-simple"},"_links":{"self":[{"href":"https:\/\/chineseledlight.com\/it\/wp-json\/wp\/v2\/product\/407","targetHints":{"allow":["GET"]}}],"collection":[{"href":"https:\/\/chineseledlight.com\/it\/wp-json\/wp\/v2\/product"}],"about":[{"href":"https:\/\/chineseledlight.com\/it\/wp-json\/wp\/v2\/types\/product"}],"wp:featuredmedia":[{"embeddable":true,"href":"https:\/\/chineseledlight.com\/it\/wp-json\/wp\/v2\/media\/484"}],"wp:attachment":[{"href":"https:\/\/chineseledlight.com\/it\/wp-json\/wp\/v2\/media?parent=407"}],"wp:term":[{"taxonomy":"product_brand","embeddable":true,"href":"https:\/\/chineseledlight.com\/it\/wp-json\/wp\/v2\/product_brand?post=407"},{"taxonomy":"product_cat","embeddable":true,"href":"https:\/\/chineseledlight.com\/it\/wp-json\/wp\/v2\/product_cat?post=407"},{"taxonomy":"product_tag","embeddable":true,"href":"https:\/\/chineseledlight.com\/it\/wp-json\/wp\/v2\/product_tag?post=407"}],"curies":[{"name":"wp","href":"https:\/\/api.w.org\/{rel}","templated":true}]}}