{"id":404,"date":"2026-01-31T03:13:51","date_gmt":"2026-01-31T03:13:51","guid":{"rendered":"https:\/\/chineseledlight.com\/?post_type=product&#038;p=404"},"modified":"2026-01-31T03:13:51","modified_gmt":"2026-01-31T03:13:51","slug":"square-recessed-adjustable-downlights-for-offices","status":"publish","type":"product","link":"https:\/\/chineseledlight.com\/it\/square-recessed-adjustable-downlights-for-offices\/","title":{"rendered":"Faretti orientabili da incasso quadrati per uffici"},"content":{"rendered":"<p data-start=\"62\" data-end=\"361\">Panoramica<br data-start=\"70\" data-end=\"73\" \/>L'illuminazione orientata al comfort inizia dall'alto. Questi downlight quadrati da incasso regolabili sono stati progettati per ridurre l'abbagliamento e controllare il fascio di luce, contribuendo a rendere gli uffici pi\u00f9 tranquilli e a mantenere le superfici di lavoro ben illuminate. La testa regolabile consente di orientare la luce con precisione per zone e layout variabili.<\/p>\n<p data-start=\"365\" data-end=\"741\">Caratteristiche principali<br data-start=\"377\" data-end=\"380\" \/>- Riducete l'abbagliamento grazie a un'ottica controllata e a una fonte di luce profonda.<br data-start=\"456\" data-end=\"459\" \/>- Orientare e bloccare la direzione del fascio di luce per le aree di lavoro, le pareti o i percorsi di circolazione.<br data-start=\"536\" data-end=\"539\" \/>- Mantenere i soffitti puliti con un profilo quadrato e un taglio stretto<br data-start=\"608\" data-end=\"611\" \/>- Mantenere un aspetto coerente dei colori per un look unificato dell'ufficio.<br data-start=\"675\" data-end=\"678\" \/>- Supporto di una lunga durata grazie a una gestione termica efficiente<\/p>\n<p data-start=\"745\" data-end=\"1109\">Opzioni e personalizzazione<br data-start=\"768\" data-end=\"771\" \/>- Angoli di fascio e tipi di lenti offerti in base ai requisiti del progetto<br data-start=\"830\" data-end=\"833\" \/>- Temperatura di colore e interfacce di dimmerazione disponibili su richiesta<br data-start=\"896\" data-end=\"899\" \/>- Colori delle finiture, riflettori e accessori antiriflesso selezionabili<br data-start=\"963\" data-end=\"966\" \/>- Dimensioni su misura e coordinamento dei tagli per i sistemi a soffitto<br data-start=\"1031\" data-end=\"1034\" \/>- Supporto alla progettazione e alle specifiche di progetto per i team di progettazione e installazione.<\/p>\n<p data-start=\"1113\" data-end=\"1281\">Applicazioni tipiche<br data-start=\"1133\" data-end=\"1136\" \/>Uffici open space, uffici privati, sale riunioni, scrivanie per la reception, corridoi, sale riunioni, cabine telefoniche, sale per la formazione, suite executive<\/p>\n<p data-start=\"1285\" data-end=\"1584\">Fornitura e assistenza<br data-start=\"1301\" data-end=\"1304\" \/>La produzione diretta in fabbrica supporta la fornitura di grandi quantit\u00e0 con una pianificazione stabile dei tempi di consegna. Il controllo qualit\u00e0 interno e la tracciabilit\u00e0 della qualit\u00e0 sono applicati dai materiali in entrata all'imballaggio finale; per la spedizione \u00e8 possibile organizzare l'imballaggio per l'esportazione e l'imballaggio in casse. La conformit\u00e0 agli standard \u00e8 disponibile su richiesta.<\/p>","protected":false},"excerpt":{"rendered":"<p>Progettati per il comfort visivo, questi downlight quadrati da incasso regolabili utilizzano un'ottica a basso abbagliamento e un meccanismo di puntamento morbido per illuminare le scrivanie senza punti caldi. Ideali per l'allestimento di uffici come aree di lavoro open space, corridoi e sale riunioni, dove la pulizia dei soffitti e la direzione controllata del fascio di luce sono importanti.<\/p>","protected":false},"featured_media":424,"template":"","meta":{"_gspb_post_css":""},"product_brand":[],"product_cat":[22],"product_tag":[139,38,33,34,37,142,140,141,46,60,104,138],"class_list":{"0":"post-404","1":"product","2":"type-product","3":"status-publish","4":"has-post-thumbnail","6":"product_cat-led-downlights","7":"product_tag-adjustable-spotlights","8":"product_tag-bulk-supply","9":"product_tag-ceiling-lighting","10":"product_tag-commercial-lighting","11":"product_tag-custom-size","12":"product_tag-glare-control","13":"product_tag-led-downlight","14":"product_tag-meeting-room-lighting","15":"product_tag-office-lighting","16":"product_tag-recessed-downlights","17":"product_tag-shop-drawing-support","18":"product_tag-square-recessed-adjustable-downlights-for-offices","20":"first","21":"instock","22":"shipping-taxable","23":"purchasable","24":"product-type-simple"},"_links":{"self":[{"href":"https:\/\/chineseledlight.com\/it\/wp-json\/wp\/v2\/product\/404","targetHints":{"allow":["GET"]}}],"collection":[{"href":"https:\/\/chineseledlight.com\/it\/wp-json\/wp\/v2\/product"}],"about":[{"href":"https:\/\/chineseledlight.com\/it\/wp-json\/wp\/v2\/types\/product"}],"wp:featuredmedia":[{"embeddable":true,"href":"https:\/\/chineseledlight.com\/it\/wp-json\/wp\/v2\/media\/424"}],"wp:attachment":[{"href":"https:\/\/chineseledlight.com\/it\/wp-json\/wp\/v2\/media?parent=404"}],"wp:term":[{"taxonomy":"product_brand","embeddable":true,"href":"https:\/\/chineseledlight.com\/it\/wp-json\/wp\/v2\/product_brand?post=404"},{"taxonomy":"product_cat","embeddable":true,"href":"https:\/\/chineseledlight.com\/it\/wp-json\/wp\/v2\/product_cat?post=404"},{"taxonomy":"product_tag","embeddable":true,"href":"https:\/\/chineseledlight.com\/it\/wp-json\/wp\/v2\/product_tag?post=404"}],"curies":[{"name":"wp","href":"https:\/\/api.w.org\/{rel}","templated":true}]}}