{"id":398,"date":"2026-01-31T02:15:16","date_gmt":"2026-01-31T02:15:16","guid":{"rendered":"https:\/\/chineseledlight.com\/?post_type=product&#038;p=398"},"modified":"2026-01-31T02:15:16","modified_gmt":"2026-01-31T02:15:16","slug":"modern-design-dimmable-led-spotlights-for-indoor-use","status":"publish","type":"product","link":"https:\/\/chineseledlight.com\/it\/modern-design-dimmable-led-spotlights-for-indoor-use\/","title":{"rendered":"Faretti LED dimmerabili dal design moderno per uso interno"},"content":{"rendered":"<p data-start=\"65\" data-end=\"347\">Panoramica<br data-start=\"73\" data-end=\"76\" \/>L'illuminazione di precisione cambia l'atmosfera di una stanza. Questi faretti LED dimmerabili dal design moderno offrono una luminosit\u00e0 controllata e confortevole per gli ambienti interni, aiutandovi a dirigere l'attenzione senza ingombri visivi. Il profilo pulito si adatta sia agli allestimenti minimalisti che a quelli di pregio.<\/p>\n<p data-start=\"351\" data-end=\"669\">Caratteristiche principali<br data-start=\"363\" data-end=\"366\" \/>- Luce d'accento e luce d'azione a forma di sagoma con controllo regolare dell'oscuramento<br data-start=\"423\" data-end=\"426\" \/>- Mantenere un aspetto cromatico coerente per un tono visivo raffinato<br data-start=\"490\" data-end=\"493\" \/>- Ridurre al minimo l'abbagliamento grazie a un design ottico ottimizzato<br data-start=\"542\" data-end=\"545\" \/>- Supporto di una lunga durata con un'efficace gestione termica<br data-start=\"606\" data-end=\"609\" \/>- Si integrano perfettamente con i layout di illuminazione a soffitto e a binario<\/p>\n<p data-start=\"673\" data-end=\"1036\">Opzioni e personalizzazione<br data-start=\"696\" data-end=\"699\" \/>- Angoli di fascio e schemi di distribuzione della luce disponibili su richiesta<br data-start=\"765\" data-end=\"768\" \/>- Finiture degli alloggi, stili di rifinitura e abbinamento dei colori per gli interni<br data-start=\"833\" data-end=\"836\" \/>- Opzioni di compatibilit\u00e0 dei driver e dei controlli per le specifiche del progetto<br data-start=\"896\" data-end=\"899\" \/>- Configurazioni su ordinazione, comprese le dimensioni personalizzate per spazi speciali<br data-start=\"971\" data-end=\"974\" \/>- Disegno di officina e supporto al disegno forniti per il coordinamento<\/p>\n<p data-start=\"1040\" data-end=\"1226\">Applicazioni tipiche<br data-start=\"1060\" data-end=\"1063\" \/>Espositori per la vendita al dettaglio, gallerie d'arte, hall di alberghi, soggiorni residenziali, corridoi e foyer, ristoranti e bar, aree di ricevimento, showroom, vetrine espositive<\/p>\n<p data-start=\"1230\" data-end=\"1459\">Fornitura e assistenza<br data-start=\"1246\" data-end=\"1249\" \/>Produzione in serie diretta dalla fabbrica con tempi di consegna stabili e controllo qualit\u00e0 interno per la tracciabilit\u00e0 della qualit\u00e0. \u00c8 possibile organizzare l'imballaggio per l'esportazione e l'imballaggio in casse per una spedizione pi\u00f9 sicura. Conformit\u00e0 agli standard disponibile su richiesta.<\/p>","protected":false},"excerpt":{"rendered":"<p>Create un'illuminazione d'accento pulita e regolabile con i faretti LED dimmerabili dal design moderno, che si integrano negli interni contemporanei offrendo un controllo preciso dell'atmosfera e della messa a fuoco. Ideali per mettere in risalto opere d'arte e merci in boutique, gallerie e altri spazi interni.<\/p>","protected":false},"featured_media":399,"template":"","meta":{"_gspb_post_css":""},"product_brand":[],"product_cat":[23],"product_tag":[38,33,37,136,39,36,137,135,134,47,35,83],"class_list":{"0":"post-398","1":"product","2":"type-product","3":"status-publish","4":"has-post-thumbnail","6":"product_cat-led-spotlights","7":"product_tag-bulk-supply","8":"product_tag-ceiling-lighting","9":"product_tag-custom-size","10":"product_tag-dimmable-spotlight","11":"product_tag-factory-direct","12":"product_tag-hospitality-lighting","13":"product_tag-indoor-accent-lighting","14":"product_tag-led-spotlights","15":"product_tag-modern-design-dimmable-led-spotlights-for-indoor-use","16":"product_tag-residential-lighting","17":"product_tag-retail-lighting","18":"product_tag-track-lighting","20":"first","21":"instock","22":"shipping-taxable","23":"purchasable","24":"product-type-simple"},"_links":{"self":[{"href":"https:\/\/chineseledlight.com\/it\/wp-json\/wp\/v2\/product\/398","targetHints":{"allow":["GET"]}}],"collection":[{"href":"https:\/\/chineseledlight.com\/it\/wp-json\/wp\/v2\/product"}],"about":[{"href":"https:\/\/chineseledlight.com\/it\/wp-json\/wp\/v2\/types\/product"}],"wp:featuredmedia":[{"embeddable":true,"href":"https:\/\/chineseledlight.com\/it\/wp-json\/wp\/v2\/media\/399"}],"wp:attachment":[{"href":"https:\/\/chineseledlight.com\/it\/wp-json\/wp\/v2\/media?parent=398"}],"wp:term":[{"taxonomy":"product_brand","embeddable":true,"href":"https:\/\/chineseledlight.com\/it\/wp-json\/wp\/v2\/product_brand?post=398"},{"taxonomy":"product_cat","embeddable":true,"href":"https:\/\/chineseledlight.com\/it\/wp-json\/wp\/v2\/product_cat?post=398"},{"taxonomy":"product_tag","embeddable":true,"href":"https:\/\/chineseledlight.com\/it\/wp-json\/wp\/v2\/product_tag?post=398"}],"curies":[{"name":"wp","href":"https:\/\/api.w.org\/{rel}","templated":true}]}}