{"id":385,"date":"2026-01-30T09:31:10","date_gmt":"2026-01-30T09:31:10","guid":{"rendered":"https:\/\/chineseledlight.com\/?post_type=product&#038;p=385"},"modified":"2026-01-30T09:31:10","modified_gmt":"2026-01-30T09:31:10","slug":"modern-led-grid-ceiling-light-with-dimmable-function","status":"publish","type":"product","link":"https:\/\/chineseledlight.com\/it\/modern-led-grid-ceiling-light-with-dimmable-function\/","title":{"rendered":"Moderna plafoniera a griglia LED con funzione dimmerabile"},"content":{"rendered":"<p data-start=\"65\" data-end=\"398\">Panoramica<br data-start=\"73\" data-end=\"76\" \/>Avete bisogno di una plafoniera che sembri un'architettura, non una ferramenta? Questa moderna plafoniera a griglia LED fornisce un'illuminazione strutturata e uniformemente distribuita e consente ai team di regolare la luminosit\u00e0 attraverso la dimmerazione per le diverse scene. Il concetto di griglia modulare supporta layout coerenti in campate ripetute e grandi superfici.<\/p>\n<p data-start=\"401\" data-end=\"761\">Caratteristiche principali<br data-start=\"413\" data-end=\"416\" \/>- Creare una luce ambientale uniforme con un aspetto a griglia ordinata<br data-start=\"474\" data-end=\"477\" \/>- Consente il controllo della scena tramite prestazioni di dimmerazione stabili<br data-start=\"530\" data-end=\"533\" \/>- Mantenere i soffitti visivamente puliti con la struttura integrata a basso profilo<br data-start=\"605\" data-end=\"608\" \/>- Migliorare la coerenza a lungo termine con il controllo qualit\u00e0 interno e la tracciabilit\u00e0 della qualit\u00e0<br data-start=\"680\" data-end=\"683\" \/>- Supporto di un funzionamento affidabile grazie a un design termico bilanciato per un utilizzo continuo<\/p>\n<p data-start=\"764\" data-end=\"1276\">Opzioni e personalizzazione<br data-start=\"787\" data-end=\"790\" \/>- Schema a griglia, disposizione dei moduli e formati personalizzati \/ Made-to-Order disponibili su richiesta.<br data-start=\"886\" data-end=\"889\" \/>- CCT, gamma CRI e interfaccia di dimmerazione offerti secondo le specifiche di progetto.<br data-start=\"953\" data-end=\"956\" \/>- Opzioni di montaggio (incasso, superficie, sospensione) fornite secondo necessit\u00e0<br data-start=\"1031\" data-end=\"1034\" \/>- Tipo di diffusore e dettagli di controllo dell'abbagliamento selezionabili per obiettivi di comfort visivo<br data-start=\"1113\" data-end=\"1116\" \/>- Posizionamento del driver, cablaggio e selezioni dei connettori configurabili in base alle condizioni del sito<br data-start=\"1201\" data-end=\"1204\" \/>- Pacchetti di disegni di officina e di supporto ai disegni disponibili per il coordinamento<\/p>\n<p data-start=\"1279\" data-end=\"1433\">Applicazioni tipiche<br data-start=\"1299\" data-end=\"1302\" \/>Uffici open space, spazi di co-working, aule, sale riunioni, boutique di vendita al dettaglio, aree di accoglienza, corridoi, biblioteche, studi<\/p>\n<p data-start=\"1436\" data-end=\"1754\">Fornitura e assistenza<br data-start=\"1452\" data-end=\"1455\" \/>La produzione diretta in fabbrica supporta la produzione di volumi per il rollout di pi\u00f9 siti con una pianificazione stabile dei tempi di consegna. \u00c8 possibile organizzare l'imballaggio per l'esportazione per spedizioni via mare\/aerea e consegne di lotti misti. La conformit\u00e0 agli standard \u00e8 disponibile su richiesta, con registri di ispezione e documentazione forniti in base alle esigenze.<\/p>","protected":false},"excerpt":{"rendered":"<p>La moderna plafoniera a griglia LED con funzione dimmerabile combina una griglia architettonica nitida con un controllo fluido della luminosit\u00e0 per adattarsi alle diverse attivit\u00e0 e all'ambiente. Ideale per uffici aperti e aule scolastiche, dove \u00e8 richiesta un'illuminazione uniforme del soffitto e un'impostazione flessibile della scena.<\/p>","protected":false},"featured_media":386,"template":"","meta":{"_gspb_post_css":""},"product_brand":[],"product_cat":[18],"product_tag":[124,38,122,125,34,37,121,39,120,123,119,46],"class_list":{"0":"post-385","1":"product","2":"type-product","3":"status-publish","4":"has-post-thumbnail","6":"product_cat-led-ceiling-lighting","7":"product_tag-architectural-grid-lighting","8":"product_tag-bulk-supply","9":"product_tag-ceiling-lighting-system","10":"product_tag-classroom-lighting","11":"product_tag-commercial-lighting","12":"product_tag-custom-size","13":"product_tag-dimmable-ceiling-lighting","14":"product_tag-factory-direct","15":"product_tag-led-grid-ceiling-light","16":"product_tag-linear-lighting-modules","17":"product_tag-modern-led-grid-ceiling-light-with-dimmable-function","18":"product_tag-office-lighting","20":"first","21":"instock","22":"shipping-taxable","23":"purchasable","24":"product-type-simple"},"_links":{"self":[{"href":"https:\/\/chineseledlight.com\/it\/wp-json\/wp\/v2\/product\/385","targetHints":{"allow":["GET"]}}],"collection":[{"href":"https:\/\/chineseledlight.com\/it\/wp-json\/wp\/v2\/product"}],"about":[{"href":"https:\/\/chineseledlight.com\/it\/wp-json\/wp\/v2\/types\/product"}],"wp:featuredmedia":[{"embeddable":true,"href":"https:\/\/chineseledlight.com\/it\/wp-json\/wp\/v2\/media\/386"}],"wp:attachment":[{"href":"https:\/\/chineseledlight.com\/it\/wp-json\/wp\/v2\/media?parent=385"}],"wp:term":[{"taxonomy":"product_brand","embeddable":true,"href":"https:\/\/chineseledlight.com\/it\/wp-json\/wp\/v2\/product_brand?post=385"},{"taxonomy":"product_cat","embeddable":true,"href":"https:\/\/chineseledlight.com\/it\/wp-json\/wp\/v2\/product_cat?post=385"},{"taxonomy":"product_tag","embeddable":true,"href":"https:\/\/chineseledlight.com\/it\/wp-json\/wp\/v2\/product_tag?post=385"}],"curies":[{"name":"wp","href":"https:\/\/api.w.org\/{rel}","templated":true}]}}