{"id":372,"date":"2026-01-30T08:37:23","date_gmt":"2026-01-30T08:37:23","guid":{"rendered":"https:\/\/chineseledlight.com\/?post_type=product&#038;p=372"},"modified":"2026-01-30T08:37:23","modified_gmt":"2026-01-30T08:37:23","slug":"temperature-adjustable-high-efficiency-led-downlight","status":"publish","type":"product","link":"https:\/\/chineseledlight.com\/it\/temperature-adjustable-high-efficiency-led-downlight\/","title":{"rendered":"Downlight LED ad alta efficienza regolabile in temperatura"},"content":{"rendered":"<p data-start=\"65\" data-end=\"426\">Panoramica<br data-start=\"73\" data-end=\"76\" \/>Coordinare la CCT in un allestimento \u00e8 pi\u00f9 semplice quando il downlight pu\u00f2 essere regolato in loco senza cambiare l'apparecchio. Questo downlight LED da incasso ad alta efficienza e regolabile in temperatura consente di ottenere un'illuminazione omogenea tenendo sotto controllo il consumo energetico. \u00c8 progettato per soffitti puliti, dove la luce uniforme e la temperatura di colore flessibile sono importanti.<\/p>\n<p data-start=\"429\" data-end=\"820\">Caratteristiche principali<br data-start=\"441\" data-end=\"444\" \/>- Allineare il tono dell'illuminazione stanza per stanza con la regolazione della temperatura<br data-start=\"506\" data-end=\"509\" \/>- Cambio di scene senza problemi, mantenendo una luminosit\u00e0 confortevole<br data-start=\"573\" data-end=\"576\" \/>- Mantenere una produzione efficiente con un design termostabile<br data-start=\"632\" data-end=\"635\" \/>- Limita l'abbagliamento grazie al fascio controllato e all'ottica incassata<br data-start=\"689\" data-end=\"692\" \/>- Semplificare la manutenzione con un layout del driver di facile manutenzione<br data-start=\"752\" data-end=\"755\" \/>- Sostenere l'affidabilit\u00e0 con il controllo qualit\u00e0 interno e la tracciabilit\u00e0 della qualit\u00e0<\/p>\n<p data-start=\"823\" data-end=\"1221\">Opzioni e personalizzazione<br data-start=\"846\" data-end=\"849\" \/>- Metodo di selezione CCT (commutabile o basato sul controllo) disponibile su richiesta<br data-start=\"922\" data-end=\"925\" \/>- Opzioni di interfacciamento per la dimmerazione fornite in base alle specifiche del progetto<br data-start=\"978\" data-end=\"981\" \/>- Stile, finitura e taglio coordinati con il supporto per il disegno.<br data-start=\"1056\" data-end=\"1059\" \/>- Angoli del fascio e diffusori selezionabili per adattarsi all'altezza e alla distanza del soffitto<br data-start=\"1133\" data-end=\"1136\" \/>- Driver remoto, lunghezza del cablaggio e scelta dei connettori configurabili per l'installazione<\/p>\n<p data-start=\"1224\" data-end=\"1384\">Applicazioni tipiche<br data-start=\"1244\" data-end=\"1247\" \/>Uffici aperti, aule scolastiche, corsie di vendita al dettaglio, supermercati, corridoi di hotel, aree di attesa per la sanit\u00e0, zone di accoglienza, cucine residenziali<\/p>\n<p data-start=\"1387\" data-end=\"1689\">Fornitura e assistenza<br data-start=\"1403\" data-end=\"1406\" \/>Produzione diretta in fabbrica con capacit\u00e0 di produzione in serie e pianificazione di tempi di consegna stabili per consegne graduali. \u00c8 possibile organizzare l'imballaggio per l'esportazione o l'imballaggio in casse per la spedizione globale. La conformit\u00e0 agli standard \u00e8 disponibile su richiesta, con file di disegni di officina e registri del controllo qualit\u00e0 forniti secondo necessit\u00e0.<\/p>","protected":false},"excerpt":{"rendered":"<p>Il Downlight LED ad alta efficienza regolabile in temperatura consente di regolare con precisione la temperatura del colore in loco, mantenendo la resa efficiente e uniforme. \u00c8 ideale per i soffitti degli uffici e le corsie dei negozi, dove un unico apparecchio deve supportare la chiarezza del giorno e l'atmosfera pi\u00f9 calda della sera.<\/p>","protected":false},"featured_media":373,"template":"","meta":{"_gspb_post_css":""},"product_brand":[],"product_cat":[22],"product_tag":[33,108,39,107,46,109,60,35,106,105,63],"class_list":{"0":"post-372","1":"product","2":"type-product","3":"status-publish","4":"has-post-thumbnail","6":"product_cat-led-downlights","7":"product_tag-ceiling-lighting","8":"product_tag-education-lighting","9":"product_tag-factory-direct","10":"product_tag-led-downlight-fixture","11":"product_tag-office-lighting","12":"product_tag-project-spec","13":"product_tag-recessed-downlights","14":"product_tag-retail-lighting","15":"product_tag-temperature-adjustable-downlight","16":"product_tag-temperature-adjustable-high-efficiency-led-downlight","17":"product_tag-volume-production","19":"first","20":"instock","21":"shipping-taxable","22":"purchasable","23":"product-type-simple"},"_links":{"self":[{"href":"https:\/\/chineseledlight.com\/it\/wp-json\/wp\/v2\/product\/372","targetHints":{"allow":["GET"]}}],"collection":[{"href":"https:\/\/chineseledlight.com\/it\/wp-json\/wp\/v2\/product"}],"about":[{"href":"https:\/\/chineseledlight.com\/it\/wp-json\/wp\/v2\/types\/product"}],"wp:featuredmedia":[{"embeddable":true,"href":"https:\/\/chineseledlight.com\/it\/wp-json\/wp\/v2\/media\/373"}],"wp:attachment":[{"href":"https:\/\/chineseledlight.com\/it\/wp-json\/wp\/v2\/media?parent=372"}],"wp:term":[{"taxonomy":"product_brand","embeddable":true,"href":"https:\/\/chineseledlight.com\/it\/wp-json\/wp\/v2\/product_brand?post=372"},{"taxonomy":"product_cat","embeddable":true,"href":"https:\/\/chineseledlight.com\/it\/wp-json\/wp\/v2\/product_cat?post=372"},{"taxonomy":"product_tag","embeddable":true,"href":"https:\/\/chineseledlight.com\/it\/wp-json\/wp\/v2\/product_tag?post=372"}],"curies":[{"name":"wp","href":"https:\/\/api.w.org\/{rel}","templated":true}]}}