{"id":355,"date":"2026-01-30T08:02:46","date_gmt":"2026-01-30T08:02:46","guid":{"rendered":"https:\/\/chineseledlight.com\/?post_type=product&#038;p=355"},"modified":"2026-01-30T08:02:46","modified_gmt":"2026-01-30T08:02:46","slug":"square-led-downlight-dimmable-led-spotlight","status":"publish","type":"product","link":"https:\/\/chineseledlight.com\/it\/square-led-downlight-dimmable-led-spotlight\/","title":{"rendered":"Downlight LED quadrato Faretto LED dimmerabile"},"content":{"rendered":"<p data-start=\"56\" data-end=\"371\">Panoramica<br data-start=\"64\" data-end=\"67\" \/>Il fattore di forma quadrato mantiene ordinata la disposizione dei soffitti, mentre il controllo della regolazione della luminosit\u00e0 aiuta a mantenere un ambiente tranquillo e confortevole per tutto il giorno. Questo faretto in stile downlight utilizza un'ottica con gestione dell'abbagliamento per fornire luci mirate senza una luminosit\u00e0 eccessiva, ideale per gli interni di strutture ricettive e ambienti di lavoro.<\/p>\n<p data-start=\"374\" data-end=\"713\">Caratteristiche principali<br data-start=\"386\" data-end=\"389\" \/>- Riducete l'abbagliamento da disagio con il controllo della luce da incasso<br data-start=\"442\" data-end=\"445\" \/>- Fornisce un'oscuramento uniforme per le scene da \u201cbenvenuto\u201d a \u201cattivit\u00e0\u201d.\u201d<br data-start=\"505\" data-end=\"508\" \/>- Mantenere una produzione stabile e un aspetto uniforme del colore nell'uso quotidiano<br data-start=\"577\" data-end=\"580\" \/>- Si integrano perfettamente nelle griglie del soffitto con un nitido assetto quadrato<br data-start=\"642\" data-end=\"645\" \/>- Migliorare la coerenza attraverso il controllo qualit\u00e0 interno e la tracciabilit\u00e0 della qualit\u00e0<\/p>\n<p data-start=\"716\" data-end=\"1083\">Opzioni e personalizzazione<br data-start=\"739\" data-end=\"742\" \/>- Modellamento del fascio e selezioni di lenti disponibili su richiesta<br data-start=\"797\" data-end=\"800\" \/>- CCT, gamma CRI e interfaccia di dimmerazione offerti secondo le specifiche di progetto.<br data-start=\"864\" data-end=\"867\" \/>- Le dimensioni del foro, la profondit\u00e0 della cornice e la finitura del riflettore sono fornite su ordinazione.<br data-start=\"941\" data-end=\"944\" \/>- Il posizionamento del driver e il metodo di cablaggio possono essere adattati alle condizioni del sito.<br data-start=\"1011\" data-end=\"1014\" \/>- Pacchetti di supporto al disegno e disegni d'officina disponibili per le approvazioni<\/p>\n<p data-start=\"1086\" data-end=\"1259\">Applicazioni tipiche<br data-start=\"1106\" data-end=\"1109\" \/>Uffici open space, sale riunioni, camere d'albergo, corridoi d'albergo, aree residenziali, banconi della reception, espositori di boutique, pareti di gallerie.<\/p>\n<p data-start=\"1262\" data-end=\"1560\">Fornitura e assistenza<br data-start=\"1278\" data-end=\"1281\" \/>Per le configurazioni standard si possono prevedere tempi di consegna rapidi, mentre i programmi su ordinazione si adattano alle scadenze dei progetti. Per le spedizioni a lunga distanza sono disponibili opzioni di imballaggio per l'esportazione. La conformit\u00e0 agli standard \u00e8 disponibile su richiesta, supportata da documentazione e registri di ispezione.<\/p>","protected":false},"excerpt":{"rendered":"<p>Square LED Downlight Faretto LED dimmerabile abbina un taglio quadrato e pulito a un'ottica con controllo dell'abbagliamento e a una dimmerazione omogenea per accenti confortevoli e precisi. \u00c8 una scelta pratica per le sale riunioni degli uffici e per i corridoi degli alberghi, dove le scene di luce cambiano nel corso della giornata.<\/p>","protected":false},"featured_media":359,"template":"","meta":{"_gspb_post_css":""},"product_brand":[],"product_cat":[22],"product_tag":[90,32,37,88,74,45,46,89,47,86,87],"class_list":{"0":"post-355","1":"product","2":"type-product","3":"status-publish","4":"has-post-thumbnail","6":"product_cat-led-downlights","7":"product_tag-anti-glare-optics","8":"product_tag-ceiling-downlights","9":"product_tag-custom-size","10":"product_tag-dimmable-led-spotlight","11":"product_tag-fast-lead-time","12":"product_tag-hotel-lighting","13":"product_tag-office-lighting","14":"product_tag-recessed-lighting","15":"product_tag-residential-lighting","16":"product_tag-square-led-downlight-dimmable-led-spotlight","17":"product_tag-square-recessed-downlight","19":"first","20":"instock","21":"shipping-taxable","22":"purchasable","23":"product-type-simple"},"_links":{"self":[{"href":"https:\/\/chineseledlight.com\/it\/wp-json\/wp\/v2\/product\/355","targetHints":{"allow":["GET"]}}],"collection":[{"href":"https:\/\/chineseledlight.com\/it\/wp-json\/wp\/v2\/product"}],"about":[{"href":"https:\/\/chineseledlight.com\/it\/wp-json\/wp\/v2\/types\/product"}],"wp:featuredmedia":[{"embeddable":true,"href":"https:\/\/chineseledlight.com\/it\/wp-json\/wp\/v2\/media\/359"}],"wp:attachment":[{"href":"https:\/\/chineseledlight.com\/it\/wp-json\/wp\/v2\/media?parent=355"}],"wp:term":[{"taxonomy":"product_brand","embeddable":true,"href":"https:\/\/chineseledlight.com\/it\/wp-json\/wp\/v2\/product_brand?post=355"},{"taxonomy":"product_cat","embeddable":true,"href":"https:\/\/chineseledlight.com\/it\/wp-json\/wp\/v2\/product_cat?post=355"},{"taxonomy":"product_tag","embeddable":true,"href":"https:\/\/chineseledlight.com\/it\/wp-json\/wp\/v2\/product_tag?post=355"}],"curies":[{"name":"wp","href":"https:\/\/api.w.org\/{rel}","templated":true}]}}