{"id":342,"date":"2026-01-30T07:24:40","date_gmt":"2026-01-30T07:24:40","guid":{"rendered":"https:\/\/chineseledlight.com\/?post_type=product&#038;p=342"},"modified":"2026-01-30T07:24:40","modified_gmt":"2026-01-30T07:24:40","slug":"useful-decorative-led-down-light-mini-star-spotlight","status":"publish","type":"product","link":"https:\/\/chineseledlight.com\/it\/useful-decorative-led-down-light-mini-star-spotlight\/","title":{"rendered":"Utile luce decorativa LED Down Light Mini Star Spotlight"},"content":{"rendered":"<p data-start=\"67\" data-end=\"389\">Panoramica: I punti di luce possono trasformare una superficie semplice in un soffitto d'effetto. Questo mini faretto a stella \u00e8 un faretto a LED compatto per accenti decorativi, che produce un'impressione di \u201cstella\u201d nitida mantenendo la finitura del soffitto pulita e minimale. L'ottica controllata consente di evitare scintillii nelle aree di osservazione ravvicinata.<\/p>\n<p data-start=\"392\" data-end=\"756\">Caratteristiche principali\uff1aCaratteristiche principali<br data-start=\"405\" data-end=\"408\" \/>- Creare un micro-raggio nitido per ottenere riflessi stellari ed enfatizzare i dettagli<br data-start=\"479\" data-end=\"482\" \/>- Nascondere la sorgente luminosa con un'apertura incassata per ridurre l'abbagliamento.<br data-start=\"551\" data-end=\"554\" \/>- Mantenere la coerenza del motivo decorativo con una resa e un colore stabile<br data-start=\"625\" data-end=\"628\" \/>- Gestire il calore in modo efficiente per supportare lunghe ore di funzionamento<br data-start=\"687\" data-end=\"690\" \/>- Si integra in modo discreto con un'apertura ridotta e un bordo pulito.<\/p>\n<p data-start=\"759\" data-end=\"1131\">Opzioni e personalizzazione: opzioni e personalizzazione<br data-start=\"783\" data-end=\"786\" \/>- Modelli di fascio e stili di lenti disponibili su richiesta<br data-start=\"840\" data-end=\"843\" \/>- Sono disponibili selezioni di CCT e CRI per adattarsi ad ambienti caldi o neutri.<br data-start=\"911\" data-end=\"914\" \/>- Opzioni di compatibilit\u00e0 con la dimmerazione fornite in base alle necessit\u00e0 per il controllo della scena<br data-start=\"984\" data-end=\"987\" \/>- Dimensioni personalizzate \/ ritagli e finiture su ordinazione per i soffitti<br data-start=\"1057\" data-end=\"1060\" \/>- Servizio OEM\/ODM con supporto di specifiche di progetto e disegni per i layout<\/p>\n<p data-start=\"1134\" data-end=\"1305\">Applicazioni tipiche: soffitti stellari, nicchie, saloni d'albergo, cocktail bar, espositori di boutique, home cinema, camere per bambini, accenti per corridoi, pareti caratteristiche per reception.<\/p>\n<p data-start=\"1308\" data-end=\"1609\">Fornitura e assistenza: La programmazione rapida dei tempi di consegna supporta i progetti decorativi ripetuti e la produzione in serie quando i rollout aumentano. Il controllo qualit\u00e0 interno con tracciabilit\u00e0 della qualit\u00e0 viene applicato per ogni lotto e per le spedizioni all'esportazione \u00e8 possibile organizzare l'imballaggio\/confezionamento in casse. La conformit\u00e0 agli standard \u00e8 disponibile su richiesta.<\/p>","protected":false},"excerpt":{"rendered":"<p>Aggiungete un raffinato scintillio stellare con una mini-luce a LED con ottica controllata e un'apertura incassata per una visione a basso abbagliamento. Comunemente utilizzata per i soffitti stellati delle sale d'albergo o degli home cinema, dove piccoli punti luce creano atmosfera senza ingombrare.<\/p>","protected":false},"featured_media":347,"template":"","meta":{"_gspb_post_css":""},"product_brand":[],"product_cat":[23],"product_tag":[33,54,74,36,78,79,76,48,77,47,75],"class_list":{"0":"post-342","1":"product","2":"type-product","3":"status-publish","4":"has-post-thumbnail","6":"product_cat-led-spotlights","7":"product_tag-ceiling-lighting","8":"product_tag-decorative-lighting","9":"product_tag-fast-lead-time","10":"product_tag-hospitality-lighting","11":"product_tag-led-down-light","12":"product_tag-made-to-order","13":"product_tag-mini-led-spotlight","14":"product_tag-oem-odm-service","15":"product_tag-recessed-spotlight","16":"product_tag-residential-lighting","17":"product_tag-useful-decorative-led-down-light-mini-star-spotlight","19":"first","20":"instock","21":"shipping-taxable","22":"purchasable","23":"product-type-simple"},"_links":{"self":[{"href":"https:\/\/chineseledlight.com\/it\/wp-json\/wp\/v2\/product\/342","targetHints":{"allow":["GET"]}}],"collection":[{"href":"https:\/\/chineseledlight.com\/it\/wp-json\/wp\/v2\/product"}],"about":[{"href":"https:\/\/chineseledlight.com\/it\/wp-json\/wp\/v2\/types\/product"}],"wp:featuredmedia":[{"embeddable":true,"href":"https:\/\/chineseledlight.com\/it\/wp-json\/wp\/v2\/media\/347"}],"wp:attachment":[{"href":"https:\/\/chineseledlight.com\/it\/wp-json\/wp\/v2\/media?parent=342"}],"wp:term":[{"taxonomy":"product_brand","embeddable":true,"href":"https:\/\/chineseledlight.com\/it\/wp-json\/wp\/v2\/product_brand?post=342"},{"taxonomy":"product_cat","embeddable":true,"href":"https:\/\/chineseledlight.com\/it\/wp-json\/wp\/v2\/product_cat?post=342"},{"taxonomy":"product_tag","embeddable":true,"href":"https:\/\/chineseledlight.com\/it\/wp-json\/wp\/v2\/product_tag?post=342"}],"curies":[{"name":"wp","href":"https:\/\/api.w.org\/{rel}","templated":true}]}}