{"id":336,"date":"2026-01-30T07:14:44","date_gmt":"2026-01-30T07:14:44","guid":{"rendered":"https:\/\/chineseledlight.com\/?post_type=product&#038;p=336"},"modified":"2026-01-30T07:14:44","modified_gmt":"2026-01-30T07:14:44","slug":"high-quality-ceiling-light-with-adjustable-brightness","status":"publish","type":"product","link":"https:\/\/chineseledlight.com\/it\/high-quality-ceiling-light-with-adjustable-brightness\/","title":{"rendered":"Plafoniera di alta qualit\u00e0 con luminosit\u00e0 regolabile"},"content":{"rendered":"<p data-start=\"68\" data-end=\"464\">Panoramica: Costruita per l'affidabilit\u00e0 quotidiana, questa plafoniera abbina una robusta struttura termica a una luminosit\u00e0 regolabile per spazi sempre occupati e attivi. La camera ottica mantiene la luce sotto controllo, mentre il driver supporta i cambiamenti di livello per un movimento pi\u00f9 sicuro e una visibilit\u00e0 costante. Il profilo pulito del controsoffitto consente di integrarla in layout pratici senza distrazioni visive.<\/p>\n<p data-start=\"467\" data-end=\"896\">Caratteristiche principali:<br data-start=\"480\" data-end=\"483\" \/>- Rafforza la durata grazie a un alloggiamento stabile e a un design a diffusione termica<br data-start=\"555\" data-end=\"558\" \/>- Mantenere un'uscita costante grazie al funzionamento affidabile del driver su tutti i livelli di dimmerazione.<br data-start=\"642\" data-end=\"645\" \/>- Riduzione dell'affaticamento visivo grazie alla distribuzione controllata e al taglio consapevole dell'abbagliamento<br data-start=\"722\" data-end=\"725\" \/>- Favorisce una circolazione pi\u00f9 sicura regolando la luminosit\u00e0 in base alle scene diurne\/notturne o alle attivit\u00e0\/ambientali.<br data-start=\"812\" data-end=\"815\" \/>- Semplificare la manutenzione grazie al montaggio accessibile e al design dei componenti sostituibili<\/p>\n<p data-start=\"899\" data-end=\"1323\">Opzioni e personalizzazione:<br data-start=\"923\" data-end=\"926\" \/>- Opzioni di compatibilit\u00e0 con la dimmerazione fornite come richiesto dal sistema di controllo<br data-start=\"1002\" data-end=\"1005\" \/>- Le selezioni di CCT e CRI sono disponibili su richiesta per le diverse finiture degli ambienti.<br data-start=\"1080\" data-end=\"1083\" \/>- Possibilit\u00e0 di scegliere il colore dei rivestimenti e la finitura superficiale per abbinare i dettagli del soffitto<br data-start=\"1157\" data-end=\"1160\" \/>- Dimensioni personalizzate \/ Dimensioni e ritagli su ordinazione per progetti di ristrutturazione<br data-start=\"1238\" data-end=\"1241\" \/>- Servizio OEM\/ODM con disegno di officina e supporto al disegno per i flussi di lavoro di approvazione<\/p>\n<p data-start=\"1326\" data-end=\"1543\">Applicazioni tipiche: Scale e pianerottoli, corridoi e passaggi, soggiorni di appartamenti, cucine e sale da pranzo, dispense di uffici, aule scolastiche, cliniche e aree di attesa, back-of-house di alberghi, locali di servizio.<\/p>\n<p data-start=\"1546\" data-end=\"1846\">Fornitura e assistenza: La produzione diretta in fabbrica con una pianificazione rapida dei tempi di consegna supporta progetti graduali e ordini ripetuti. Ogni lotto viene controllato con un controllo di qualit\u00e0 interno e, su richiesta, \u00e8 possibile organizzare l'imballaggio per l'esportazione o l'imballaggio in casse per la consegna all'estero. La conformit\u00e0 agli standard \u00e8 disponibile su richiesta.<\/p>","protected":false},"excerpt":{"rendered":"<p>La luminosit\u00e0 regolabile e l'ottica antiabbagliamento rendono questa plafoniera di alta qualit\u00e0 confortevole a qualsiasi ora del giorno. Utilizzatela nei corridoi o nelle scale per mantenere una chiara visibilit\u00e0 e per impostare facilmente livelli pi\u00f9 bassi per la circolazione a tarda notte.<\/p>","protected":false},"featured_media":337,"template":"","meta":{"_gspb_post_css":""},"product_brand":[],"product_cat":[18],"product_tag":[71,33,34,72,37,70,39,74,68,69,47,73],"class_list":{"0":"post-336","1":"product","2":"type-product","3":"status-publish","4":"has-post-thumbnail","6":"product_cat-led-ceiling-lighting","7":"product_tag-adjustable-brightness-lighting","8":"product_tag-ceiling-lighting","9":"product_tag-commercial-lighting","10":"product_tag-corridor-lighting","11":"product_tag-custom-size","12":"product_tag-dimmable-ceiling-light","13":"product_tag-factory-direct","14":"product_tag-fast-lead-time","15":"product_tag-high-quality-ceiling-light-with-adjustable-brightness","16":"product_tag-led-ceiling-lighting","17":"product_tag-residential-lighting","18":"product_tag-stairwell-lighting","20":"first","21":"instock","22":"shipping-taxable","23":"purchasable","24":"product-type-simple"},"_links":{"self":[{"href":"https:\/\/chineseledlight.com\/it\/wp-json\/wp\/v2\/product\/336","targetHints":{"allow":["GET"]}}],"collection":[{"href":"https:\/\/chineseledlight.com\/it\/wp-json\/wp\/v2\/product"}],"about":[{"href":"https:\/\/chineseledlight.com\/it\/wp-json\/wp\/v2\/types\/product"}],"wp:featuredmedia":[{"embeddable":true,"href":"https:\/\/chineseledlight.com\/it\/wp-json\/wp\/v2\/media\/337"}],"wp:attachment":[{"href":"https:\/\/chineseledlight.com\/it\/wp-json\/wp\/v2\/media?parent=336"}],"wp:term":[{"taxonomy":"product_brand","embeddable":true,"href":"https:\/\/chineseledlight.com\/it\/wp-json\/wp\/v2\/product_brand?post=336"},{"taxonomy":"product_cat","embeddable":true,"href":"https:\/\/chineseledlight.com\/it\/wp-json\/wp\/v2\/product_cat?post=336"},{"taxonomy":"product_tag","embeddable":true,"href":"https:\/\/chineseledlight.com\/it\/wp-json\/wp\/v2\/product_tag?post=336"}],"curies":[{"name":"wp","href":"https:\/\/api.w.org\/{rel}","templated":true}]}}