{"id":318,"date":"2026-01-30T06:28:02","date_gmt":"2026-01-30T06:28:02","guid":{"rendered":"https:\/\/chineseledlight.com\/?post_type=product&#038;p=318"},"modified":"2026-01-30T06:28:02","modified_gmt":"2026-01-30T06:28:02","slug":"recessed-circular-ceiling-lights-for-decorative-lighting","status":"publish","type":"product","link":"https:\/\/chineseledlight.com\/it\/recessed-circular-ceiling-lights-for-decorative-lighting\/","title":{"rendered":"Plafoniere circolari da incasso per l'illuminazione decorativa"},"content":{"rendered":"<p data-start=\"71\" data-end=\"433\">Panoramica: Quando il soffitto ha bisogno di una firma discreta, queste plafoniere circolari da incasso aggiungono un'illuminazione decorativa senza ingombro visivo. L'apertura rotonda e le finiture raffinate creano un'impressione di aureola ordinata, mentre la luce rimane uniforme e confortevole in tutta l'area di osservazione. Le finiture e le ottiche sono state scelte per assecondare lo stile degli interni piuttosto che sovrastarlo.<\/p>\n<p data-start=\"436\" data-end=\"851\">Caratteristiche principali:<br data-start=\"449\" data-end=\"452\" \/>- Incornicia i dettagli interni con un bagliore morbido e uniforme e una definizione pulita dei bordi<br data-start=\"530\" data-end=\"533\" \/>- Si integra nei soffitti moderni grazie al profilo sottile e alla geometria ordinata delle finiture.<br data-start=\"609\" data-end=\"612\" \/>- Riducete il luccichio intenso grazie alla diffusione controllata e al taglio consapevole dell'abbagliamento<br data-start=\"687\" data-end=\"690\" \/>- Preservano l'aspetto del colore con una resa stabile per tonalit\u00e0 di arredamento uniformi<br data-start=\"765\" data-end=\"768\" \/>- Supportare la manutenzione ordinaria con un accesso pratico per l'assistenza e la sostituzione<\/p>\n<p data-start=\"854\" data-end=\"1271\">Opzioni e personalizzazione:<br data-start=\"878\" data-end=\"881\" \/>- Le gamme CCT e CRI sono disponibili su richiesta per adattarsi ai materiali e alle opere d'arte.<br data-start=\"956\" data-end=\"959\" \/>- Colori dei rivestimenti, texture delle superfici e riflettori offerti per il coordinamento del progetto<br data-start=\"1040\" data-end=\"1043\" \/>- Compatibilit\u00e0 dei driver e dei dimmer, come richiesto dal progetto.<br data-start=\"1115\" data-end=\"1118\" \/>- Dimensioni personalizzate \/ Ritagli, diametri degli anelli e dettagli di montaggio su ordinazione<br data-start=\"1195\" data-end=\"1198\" \/>- Specifiche di progetto \/ Shop Drawing e supporto alla stesura di disegni per la disposizione dei soffitti<\/p>\n<p data-start=\"1274\" data-end=\"1483\">Applicazioni tipiche: Accenti decorativi a soffitto, hall di alberghi, zone di vendita al dettaglio, caff\u00e8 e saloni, atri residenziali, gallerie, corridoi con temi di design, aree di ricevimento, nicchie espositive.<\/p>\n<p data-start=\"1486\" data-end=\"1773\">Fornitura e assistenza: La produzione diretta in fabbrica supporta la fornitura di grandi volumi con una pianificazione stabile dei tempi di consegna. Ogni lotto \u00e8 sottoposto a un controllo qualit\u00e0 interno con tracciabilit\u00e0 della qualit\u00e0 e per le spedizioni all'estero \u00e8 disponibile l'imballaggio per l'esportazione. La conformit\u00e0 agli standard \u00e8 disponibile su richiesta.<\/p>","protected":false},"excerpt":{"rendered":"<p>Create un anello decorativo pulito sul soffitto con luci circolari da incasso che offrono una luce omogenea e bilanciata e linee di finitura ordinate. Sono comunemente richiesti per le hall degli hotel e per le aree di vendita al dettaglio dove l'atmosfera e i dettagli visivi sono importanti.<\/p>","protected":false},"featured_media":321,"template":"","meta":{"_gspb_post_css":""},"product_brand":[],"product_cat":[18],"product_tag":[57,38,52,37,54,39,56,55,53,51,50],"class_list":{"0":"post-318","1":"product","2":"type-product","3":"status-publish","4":"has-post-thumbnail","6":"product_cat-led-ceiling-lighting","7":"product_tag-boutique-retail-lighting","8":"product_tag-bulk-supply","9":"product_tag-circular-downlight","10":"product_tag-custom-size","11":"product_tag-decorative-lighting","12":"product_tag-factory-direct","13":"product_tag-hotel-lobby-lighting","14":"product_tag-interior-accent-lighting","15":"product_tag-led-ceiling-lights","16":"product_tag-recessed-ceiling-lighting","17":"product_tag-recessed-circular-ceiling-lights-for-decorative-lighting","19":"first","20":"instock","21":"shipping-taxable","22":"purchasable","23":"product-type-simple"},"_links":{"self":[{"href":"https:\/\/chineseledlight.com\/it\/wp-json\/wp\/v2\/product\/318","targetHints":{"allow":["GET"]}}],"collection":[{"href":"https:\/\/chineseledlight.com\/it\/wp-json\/wp\/v2\/product"}],"about":[{"href":"https:\/\/chineseledlight.com\/it\/wp-json\/wp\/v2\/types\/product"}],"wp:featuredmedia":[{"embeddable":true,"href":"https:\/\/chineseledlight.com\/it\/wp-json\/wp\/v2\/media\/321"}],"wp:attachment":[{"href":"https:\/\/chineseledlight.com\/it\/wp-json\/wp\/v2\/media?parent=318"}],"wp:term":[{"taxonomy":"product_brand","embeddable":true,"href":"https:\/\/chineseledlight.com\/it\/wp-json\/wp\/v2\/product_brand?post=318"},{"taxonomy":"product_cat","embeddable":true,"href":"https:\/\/chineseledlight.com\/it\/wp-json\/wp\/v2\/product_cat?post=318"},{"taxonomy":"product_tag","embeddable":true,"href":"https:\/\/chineseledlight.com\/it\/wp-json\/wp\/v2\/product_tag?post=318"}],"curies":[{"name":"wp","href":"https:\/\/api.w.org\/{rel}","templated":true}]}}