{"id":310,"date":"2026-01-30T06:16:16","date_gmt":"2026-01-30T06:16:16","guid":{"rendered":"https:\/\/chineseledlight.com\/?post_type=product&#038;p=310"},"modified":"2026-01-30T06:16:16","modified_gmt":"2026-01-30T06:16:16","slug":"adjustable-dimming-recessed-rectangular-downlight","status":"publish","type":"product","link":"https:\/\/chineseledlight.com\/it\/adjustable-dimming-recessed-rectangular-downlight\/","title":{"rendered":"Downlight rettangolare da incasso regolabile e dimmerabile"},"content":{"rendered":"<p data-start=\"64\" data-end=\"311\">Panoramica: Regolare l'ambiente e la messa a fuoco senza modificare la disposizione del soffitto. Questo downlight rettangolare da incasso a dimmerazione regolabile favorisce il comfort visivo grazie a un cut-off controllato e a una distribuzione equilibrata, adattandosi a interni tranquilli e incentrati sulle persone.<\/p>\n<p data-start=\"314\" data-end=\"731\">Caratteristiche principali:<br data-start=\"327\" data-end=\"330\" \/>- Modellare il fascio di luce con un puntamento regolabile per evidenziare le zone e ridurre la fuoriuscita di liquido<br data-start=\"407\" data-end=\"410\" \/>- Mantenere un campo visivo tranquillo grazie alle ottiche incassate a basso abbagliamento<br data-start=\"473\" data-end=\"476\" \/>- Consente un'impostazione flessibile delle scene con configurazioni in grado di regolare la luminosit\u00e0 (in opzione).<br data-start=\"557\" data-end=\"560\" \/>- Stabilizzazione delle prestazioni grazie a una gestione termica efficiente per lunghe ore di funzionamento<br data-start=\"647\" data-end=\"650\" \/>- Si integrano perfettamente nelle aperture rettangolari del soffitto per un look pulito e lineare.<\/p>\n<p data-start=\"734\" data-end=\"1214\">Opzioni e personalizzazione:<br data-start=\"758\" data-end=\"761\" \/>- Angolo del fascio e distribuzione disponibili su richiesta<br data-start=\"821\" data-end=\"824\" \/>- Selezione di CCT e CRI per adattarsi alle finiture interne e alle tonalit\u00e0 dei prodotti.<br data-start=\"899\" data-end=\"902\" \/>- Le opzioni di compatibilit\u00e0 con i driver e la dimmerazione sono fornite in base alle esigenze.<br data-start=\"965\" data-end=\"968\" \/>- Colori di rifinitura e finiture dei riflettori offerti per il coordinamento del soffitto<br data-start=\"1039\" data-end=\"1042\" \/>- Dimensioni personalizzate \/ ritagli e alloggiamenti su ordinazione per soffitti retrofit o di nuova costruzione<br data-start=\"1129\" data-end=\"1132\" \/>- Servizio OEM\/ODM con specifiche di progetto\/supporto al disegno e servizio di disegno in officina<\/p>\n<p data-start=\"1217\" data-end=\"1430\">Applicazioni tipiche: Camere d'albergo, corridoi d'albergo, sale riunioni di uffici, uffici direzionali, soggiorni di appartamenti, cucine residenziali, espositori di boutique, gallerie e pareti attrezzate, aree lounge.<\/p>\n<p data-start=\"1433\" data-end=\"1650\">Fornitura e assistenza: La pianificazione dei tempi di consegna rapidi supporta l'avvio del programma, con un controllo qualit\u00e0 interno applicato a ciascun lotto di produzione. L'imballaggio per l'esportazione \u00e8 disponibile per le consegne all'estero e la conformit\u00e0 agli standard \u00e8 disponibile su richiesta.<\/p>","protected":false},"excerpt":{"rendered":"<p>Un downlight rettangolare da incasso regolabile, con regolazione della luminosit\u00e0 e ottica antiabbagliamento, per una luce precisa e confortevole negli interni. Una scelta pratica per i corridoi degli hotel o per le sale riunioni degli uffici, dove \u00e8 necessario creare una scena e mantenere pulite le linee del soffitto.<\/p>","protected":false},"featured_media":311,"template":"","meta":{"_gspb_post_css":""},"product_brand":[],"product_cat":[22],"product_tag":[40,43,33,37,44,45,42,48,46,41,47,49],"class_list":{"0":"post-310","1":"product","2":"type-product","3":"status-publish","4":"has-post-thumbnail","6":"product_cat-led-downlights","7":"product_tag-adjustable-dimming-recessed-rectangular-downlight","8":"product_tag-adjustable-downlight","9":"product_tag-ceiling-lighting","10":"product_tag-custom-size","11":"product_tag-dimmable-downlight","12":"product_tag-hotel-lighting","13":"product_tag-led-downlights","14":"product_tag-oem-odm-service","15":"product_tag-office-lighting","16":"product_tag-recessed-rectangular-downlight","17":"product_tag-residential-lighting","18":"product_tag-shop-drawing","20":"first","21":"instock","22":"shipping-taxable","23":"purchasable","24":"product-type-simple"},"_links":{"self":[{"href":"https:\/\/chineseledlight.com\/it\/wp-json\/wp\/v2\/product\/310","targetHints":{"allow":["GET"]}}],"collection":[{"href":"https:\/\/chineseledlight.com\/it\/wp-json\/wp\/v2\/product"}],"about":[{"href":"https:\/\/chineseledlight.com\/it\/wp-json\/wp\/v2\/types\/product"}],"wp:featuredmedia":[{"embeddable":true,"href":"https:\/\/chineseledlight.com\/it\/wp-json\/wp\/v2\/media\/311"}],"wp:attachment":[{"href":"https:\/\/chineseledlight.com\/it\/wp-json\/wp\/v2\/media?parent=310"}],"wp:term":[{"taxonomy":"product_brand","embeddable":true,"href":"https:\/\/chineseledlight.com\/it\/wp-json\/wp\/v2\/product_brand?post=310"},{"taxonomy":"product_cat","embeddable":true,"href":"https:\/\/chineseledlight.com\/it\/wp-json\/wp\/v2\/product_cat?post=310"},{"taxonomy":"product_tag","embeddable":true,"href":"https:\/\/chineseledlight.com\/it\/wp-json\/wp\/v2\/product_tag?post=310"}],"curies":[{"name":"wp","href":"https:\/\/api.w.org\/{rel}","templated":true}]}}