{"id":756,"date":"2026-02-01T04:11:36","date_gmt":"2026-02-01T04:11:36","guid":{"rendered":"https:\/\/chineseledlight.com\/?post_type=product&#038;p=756"},"modified":"2026-02-01T04:11:36","modified_gmt":"2026-02-01T04:11:36","slug":"anti-glare-led-surface-mounted-linear-grille-light","status":"publish","type":"product","link":"https:\/\/chineseledlight.com\/fr\/anti-glare-led-surface-mounted-linear-grille-light\/","title":{"rendered":"Feu de grille lin\u00e9aire \u00e0 LED anti-\u00e9blouissement pour montage en saillie"},"content":{"rendered":"<p data-start=\"55\" data-end=\"379\">Vue d'ensemble<br data-start=\"70\" data-end=\"73\" \/>Un motif de grille net peut servir \u00e0 la fois d'\u00e9clairage et de d\u00e9tail de plafond. Cette grille lumineuse lin\u00e9aire \u00e0 LED anti-\u00e9blouissement pour montage en saillie offre un aspect lin\u00e9aire raffin\u00e9 tout en maintenant la luminosit\u00e9 directe hors des lignes de vue typiques. Il en r\u00e9sulte un rythme visuel net et un \u00e9clairage confortable pour les int\u00e9rieurs modernes.<\/p>\n<ul data-start=\"381\" data-end=\"1738\">\n<li data-start=\"381\" data-end=\"397\">\n<p data-start=\"383\" data-end=\"397\">Caract\u00e9ristiques principales<\/p>\n<\/li>\n<li data-start=\"398\" data-end=\"471\">\n<p data-start=\"400\" data-end=\"471\">Cr\u00e9ez un aspect architectural net avec une face de grille lin\u00e9aire align\u00e9e.<\/p>\n<\/li>\n<li data-start=\"472\" data-end=\"553\">\n<p data-start=\"474\" data-end=\"553\">R\u00e9duction de l'\u00e9blouissement d\u00fb \u00e0 l'inconfort gr\u00e2ce \u00e0 une coupure profonde des cellules et \u00e0 une distribution contr\u00f4l\u00e9e.<\/p>\n<\/li>\n<li data-start=\"554\" data-end=\"635\">\n<p data-start=\"556\" data-end=\"635\">Maintien d'un rendement constant gr\u00e2ce \u00e0 un chemin thermique efficace \u00e0 l'int\u00e9rieur du bo\u00eetier<\/p>\n<\/li>\n<li data-start=\"636\" data-end=\"708\">\n<p data-start=\"638\" data-end=\"708\">Am\u00e9liorer l'uniformit\u00e9 visuelle gr\u00e2ce \u00e0 une structure de m\u00e9lange optique optimis\u00e9e<\/p>\n<\/li>\n<li data-start=\"709\" data-end=\"795\">\n<p data-start=\"711\" data-end=\"795\">Simplifiez l'installation gr\u00e2ce \u00e0 une plaque arri\u00e8re compacte pour montage en surface et \u00e0 un espace de c\u00e2blage ordonn\u00e9.<\/p>\n<\/li>\n<li data-start=\"797\" data-end=\"824\">\n<p data-start=\"799\" data-end=\"824\">Options et personnalisation<\/p>\n<\/li>\n<li data-start=\"825\" data-end=\"892\">\n<p data-start=\"827\" data-end=\"892\">Longueurs et profils de bo\u00eetier sur mesure disponibles sur demande<\/p>\n<\/li>\n<li data-start=\"893\" data-end=\"980\">\n<p data-start=\"895\" data-end=\"980\">Profondeur de la cellule de la grille, style de la persienne et choix de diffuseurs en option, selon les besoins.<\/p>\n<\/li>\n<li data-start=\"981\" data-end=\"1052\">\n<p data-start=\"983\" data-end=\"1052\">CCT\/CRI et choix de l'interface de gradation configurables selon les sp\u00e9cifications du projet<\/p>\n<\/li>\n<li data-start=\"1053\" data-end=\"1129\">\n<p data-start=\"1055\" data-end=\"1129\">Mod\u00e8les d'embouts, raccords et d\u00e9tails de parcours continus disponibles sur demande<\/p>\n<\/li>\n<li data-start=\"1130\" data-end=\"1213\">\n<p data-start=\"1132\" data-end=\"1213\">Support de dessin et dessin d'atelier fournis pour la coordination et l'approbation du plafond<\/p>\n<\/li>\n<li data-start=\"1214\" data-end=\"1298\">\n<p data-start=\"1216\" data-end=\"1298\">Service OEM\/ODM disponible pour les \u00e9tiquettes priv\u00e9es, les illustrations sur les cartons et le marquage des produits.<\/p>\n<\/li>\n<li data-start=\"1300\" data-end=\"1466\">\n<p data-start=\"1302\" data-end=\"1466\">Applications typiques<br data-start=\"1322\" data-end=\"1325\" \/>Zones de travail des bureaux, salles de r\u00e9union, zones de r\u00e9ception, all\u00e9es de vente au d\u00e9tail, galeries, couloirs, salles de classe, zones d'attente des cliniques, espaces de travail en commun.<\/p>\n<\/li>\n<li data-start=\"1468\" data-end=\"1738\">\n<p data-start=\"1470\" data-end=\"1738\">Approvisionnement et soutien<br data-start=\"1486\" data-end=\"1489\" \/>Une planification stable des d\u00e9lais d'ex\u00e9cution est disponible pour les projets, soutenue par un contr\u00f4le de qualit\u00e9 interne et une tra\u00e7abilit\u00e9 de la qualit\u00e9 au cours de l'assemblage. L'emballage pour l'exportation ou l'emballage en caisse peut \u00eatre organis\u00e9 pour les exp\u00e9ditions internationales. Conformit\u00e9 aux normes sur demande.<\/p>\n<\/li>\n<\/ul>","protected":false},"excerpt":{"rendered":"<p>Un luminaire \u00e0 grille lin\u00e9aire en saillie anti-\u00e9blouissement qui allie une esth\u00e9tique de plafond nette \u00e0 une luminosit\u00e9 confortable et contr\u00f4l\u00e9e. La grille \u00e0 alv\u00e9oles profondes r\u00e9duit l'\u00e9blouissement direct tout en maintenant l'uniformit\u00e9 de l'\u00e9clairage, ce qui la rend bien adapt\u00e9e aux zones de travail des bureaux et aux couloirs qui n\u00e9cessitent un confort visuel pendant de longues heures.<\/p>","protected":false},"featured_media":757,"template":"","meta":{"_gspb_post_css":""},"product_brand":[],"product_cat":[19],"product_tag":[380,130,38,33,34,72,37,383,382,46,35,381],"class_list":{"0":"post-756","1":"product","2":"type-product","3":"status-publish","4":"has-post-thumbnail","6":"product_cat-led-linear-lighting","7":"product_tag-anti-glare-led-surface-mounted-linear-grille-light","8":"product_tag-anti-glare-louver","9":"product_tag-bulk-supply","10":"product_tag-ceiling-lighting","11":"product_tag-commercial-lighting","12":"product_tag-corridor-lighting","13":"product_tag-custom-size","14":"product_tag-led-linear-light","15":"product_tag-linear-grille-light","16":"product_tag-office-lighting","17":"product_tag-retail-lighting","18":"product_tag-surface-mounted-linear-lighting","20":"first","21":"instock","22":"shipping-taxable","23":"purchasable","24":"product-type-simple"},"_links":{"self":[{"href":"https:\/\/chineseledlight.com\/fr\/wp-json\/wp\/v2\/product\/756","targetHints":{"allow":["GET"]}}],"collection":[{"href":"https:\/\/chineseledlight.com\/fr\/wp-json\/wp\/v2\/product"}],"about":[{"href":"https:\/\/chineseledlight.com\/fr\/wp-json\/wp\/v2\/types\/product"}],"wp:featuredmedia":[{"embeddable":true,"href":"https:\/\/chineseledlight.com\/fr\/wp-json\/wp\/v2\/media\/757"}],"wp:attachment":[{"href":"https:\/\/chineseledlight.com\/fr\/wp-json\/wp\/v2\/media?parent=756"}],"wp:term":[{"taxonomy":"product_brand","embeddable":true,"href":"https:\/\/chineseledlight.com\/fr\/wp-json\/wp\/v2\/product_brand?post=756"},{"taxonomy":"product_cat","embeddable":true,"href":"https:\/\/chineseledlight.com\/fr\/wp-json\/wp\/v2\/product_cat?post=756"},{"taxonomy":"product_tag","embeddable":true,"href":"https:\/\/chineseledlight.com\/fr\/wp-json\/wp\/v2\/product_tag?post=756"}],"curies":[{"name":"wp","href":"https:\/\/api.w.org\/{rel}","templated":true}]}}