{"id":727,"date":"2026-02-01T03:45:16","date_gmt":"2026-02-01T03:45:16","guid":{"rendered":"https:\/\/chineseledlight.com\/?post_type=product&#038;p=727"},"modified":"2026-02-01T03:45:16","modified_gmt":"2026-02-01T03:45:16","slug":"commercial-spotlight-with-a-circular-surface-design","status":"publish","type":"product","link":"https:\/\/chineseledlight.com\/fr\/commercial-spotlight-with-a-circular-surface-design\/","title":{"rendered":"Spot commercial \u00e0 surface circulaire"},"content":{"rendered":"<p data-start=\"56\" data-end=\"471\">Vue d'ensemble<br data-start=\"69\" data-end=\"72\" \/>La coordination commence d\u00e8s le plan du plafond : un projecteur \u00e0 surface circulaire doit s'aligner proprement sur les finitions, les points de c\u00e2blage et les cibles de faisceau. Ce luminaire commercial conserve une empreinte ronde compacte tout en fournissant un \u00e9clairage d'accentuation contr\u00f4l\u00e9 pour le merchandising et les d\u00e9tails architecturaux. Il est pr\u00e9par\u00e9 pour des d\u00e9ploiements bas\u00e9s sur des sp\u00e9cifications o\u00f9 la coh\u00e9rence de l'apparence et la reproductibilit\u00e9 des performances sont importantes.<\/p>\n<p data-start=\"473\" data-end=\"487\">Caract\u00e9ristiques principales<\/p>\n<ul data-start=\"488\" data-end=\"897\">\n<li data-start=\"488\" data-end=\"573\">\n<p data-start=\"490\" data-end=\"573\">Aligner une silhouette circulaire affleurante avec des lignes d'habillage nettes et un encombrement visuel minimal.<\/p>\n<\/li>\n<li data-start=\"574\" data-end=\"645\">\n<p data-start=\"576\" data-end=\"645\">Focaliser la lumi\u00e8re avec pr\u00e9cision gr\u00e2ce \u00e0 une vis\u00e9e stable et \u00e0 un contr\u00f4le d\u00e9fini du faisceau<\/p>\n<\/li>\n<li data-start=\"646\" data-end=\"723\">\n<p data-start=\"648\" data-end=\"723\">Minimiser l'\u00e9blouissement gr\u00e2ce \u00e0 des optiques encastr\u00e9es et des \u00e9l\u00e9ments de protection contre la lumi\u00e8re en option<\/p>\n<\/li>\n<li data-start=\"724\" data-end=\"813\">\n<p data-start=\"726\" data-end=\"813\">Prot\u00e9ger la dur\u00e9e de vie des LED et du pilote gr\u00e2ce \u00e0 des chemins thermiques en aluminium et \u00e0 une disposition interne organis\u00e9e<\/p>\n<\/li>\n<li data-start=\"814\" data-end=\"897\">\n<p data-start=\"816\" data-end=\"897\">Simplification de la maintenance gr\u00e2ce \u00e0 l'accessibilit\u00e9 des composants et \u00e0 la s\u00e9curit\u00e9 des connexions aux bornes.<\/p>\n<\/li>\n<\/ul>\n<p data-start=\"899\" data-end=\"924\">Options et personnalisation<\/p>\n<ul data-start=\"925\" data-end=\"1308\">\n<li data-start=\"925\" data-end=\"1007\">\n<p data-start=\"927\" data-end=\"1007\">Possibilit\u00e9 d'obtenir sur demande la vo\u00fbte, le diam\u00e8tre du corps et la profondeur de projection.<\/p>\n<\/li>\n<li data-start=\"1008\" data-end=\"1087\">\n<p data-start=\"1010\" data-end=\"1087\">Angles de rayonnement, accessoires de nid d'abeilles et de persiennes, et types de lentilles propos\u00e9s selon les besoins<\/p>\n<\/li>\n<li data-start=\"1088\" data-end=\"1150\">\n<p data-start=\"1090\" data-end=\"1150\">CCT\/CRI et interfaces de gradation s\u00e9lectionnables selon les sp\u00e9cifications du projet<\/p>\n<\/li>\n<li data-start=\"1151\" data-end=\"1233\">\n<p data-start=\"1153\" data-end=\"1233\">Couleurs de finition et textures de surface configurables pour s'adapter aux palettes int\u00e9rieures<\/p>\n<\/li>\n<li data-start=\"1234\" data-end=\"1308\">\n<p data-start=\"1236\" data-end=\"1308\">Service OEM\/ODM disponible pour l'\u00e9tiquetage, le marquage et les pi\u00e8ces personnalis\u00e9es<\/p>\n<\/li>\n<\/ul>\n<p data-start=\"1310\" data-end=\"1511\">Applications typiques<br data-start=\"1330\" data-end=\"1333\" \/>Murs d'affichage des magasins, zones d'exposition des boutiques, mise en valeur des salles d'exposition, \u00e9clairage des galeries d'art, comptoirs de r\u00e9ception, accentuation des halls d'h\u00f4tels, points d'int\u00e9r\u00eat des restaurants, niches d'art dans les couloirs.<\/p>\n<p data-start=\"1513\" data-end=\"1849\">Approvisionnement et soutien<br data-start=\"1529\" data-end=\"1532\" \/>Les dessins d'atelier et le support de dessin sont fournis pour confirmer les points de montage, l'entr\u00e9e du c\u00e2blage et les notes d'orientation avant la production. La production en volume avec des d\u00e9lais d'ex\u00e9cution stables est soutenue par un contr\u00f4le de qualit\u00e9 interne et une tra\u00e7abilit\u00e9 de la qualit\u00e9 ; l'emballage pour l'exportation ou l'emballage en caisse peut \u00eatre organis\u00e9. La conformit\u00e9 aux normes est disponible sur demande.<\/p>","protected":false},"excerpt":{"rendered":"<p>Un projecteur commercial circulaire de surface con\u00e7u pour un profil de plafond soign\u00e9 et une vis\u00e9e pr\u00e9cise et peu \u00e9blouissante. Id\u00e9al pour les pr\u00e9sentoirs de vente au d\u00e9tail, il offre des options de faisceau et d'accessoires ainsi que des choix de pilotes sp\u00e9cifiques au projet pour une gradation en douceur et une pr\u00e9sentation coh\u00e9rente.<\/p>","protected":false},"featured_media":728,"template":"","meta":{"_gspb_post_css":""},"product_brand":[],"product_cat":[15],"product_tag":[221,358,357,224,165,360,79,35,104,238,359,63],"class_list":{"0":"post-727","1":"product","2":"type-product","3":"status-publish","4":"has-post-thumbnail","6":"product_cat-led-commercial-lighting","7":"product_tag-ceiling-spotlights","8":"product_tag-commercial-spotlight","9":"product_tag-commercial-spotlight-with-a-circular-surface-design","10":"product_tag-gallery-lighting","11":"product_tag-glare-control-optics","12":"product_tag-led-accent-lighting","13":"product_tag-made-to-order","14":"product_tag-retail-lighting","15":"product_tag-shop-drawing-support","16":"product_tag-showroom-lighting","17":"product_tag-surface-mount-spotlight","18":"product_tag-volume-production","20":"first","21":"instock","22":"shipping-taxable","23":"purchasable","24":"product-type-simple"},"_links":{"self":[{"href":"https:\/\/chineseledlight.com\/fr\/wp-json\/wp\/v2\/product\/727","targetHints":{"allow":["GET"]}}],"collection":[{"href":"https:\/\/chineseledlight.com\/fr\/wp-json\/wp\/v2\/product"}],"about":[{"href":"https:\/\/chineseledlight.com\/fr\/wp-json\/wp\/v2\/types\/product"}],"wp:featuredmedia":[{"embeddable":true,"href":"https:\/\/chineseledlight.com\/fr\/wp-json\/wp\/v2\/media\/728"}],"wp:attachment":[{"href":"https:\/\/chineseledlight.com\/fr\/wp-json\/wp\/v2\/media?parent=727"}],"wp:term":[{"taxonomy":"product_brand","embeddable":true,"href":"https:\/\/chineseledlight.com\/fr\/wp-json\/wp\/v2\/product_brand?post=727"},{"taxonomy":"product_cat","embeddable":true,"href":"https:\/\/chineseledlight.com\/fr\/wp-json\/wp\/v2\/product_cat?post=727"},{"taxonomy":"product_tag","embeddable":true,"href":"https:\/\/chineseledlight.com\/fr\/wp-json\/wp\/v2\/product_tag?post=727"}],"curies":[{"name":"wp","href":"https:\/\/api.w.org\/{rel}","templated":true}]}}