{"id":713,"date":"2026-02-01T03:33:28","date_gmt":"2026-02-01T03:33:28","guid":{"rendered":"https:\/\/chineseledlight.com\/?post_type=product&#038;p=713"},"modified":"2026-02-01T03:33:28","modified_gmt":"2026-02-01T03:33:28","slug":"black-wall-lights-are-suitable-for-outdoor-garden-use","status":"publish","type":"product","link":"https:\/\/chineseledlight.com\/fr\/black-wall-lights-are-suitable-for-outdoor-garden-use\/","title":{"rendered":"Les appliques murales noires sont adapt\u00e9es \u00e0 une utilisation en ext\u00e9rieur dans le jardin"},"content":{"rendered":"<p data-start=\"58\" data-end=\"442\">Vue d'ensemble<br data-start=\"73\" data-end=\"76\" \/>Con\u00e7ues pour une exposition ext\u00e9rieure et des cycles d'allumage et d'extinction fr\u00e9quents, ces appliques noires fournissent un \u00e9clairage fiable pour les jardins et les zones de circulation ext\u00e9rieures. Un bo\u00eetier rigide et une interface murale s\u00e9curis\u00e9e permettent de maintenir l'alignement au fil du temps, tandis que les optiques contr\u00f4l\u00e9es maintiennent la lumi\u00e8re l\u00e0 o\u00f9 elle est n\u00e9cessaire. La finition noire \u00e9pur\u00e9e compl\u00e8te les paysages modernes sans provoquer d'\u00e9blouissement.<\/p>\n<ul data-start=\"444\" data-end=\"1734\">\n<li data-start=\"444\" data-end=\"460\">\n<p data-start=\"446\" data-end=\"460\">Caract\u00e9ristiques principales<\/p>\n<\/li>\n<li data-start=\"461\" data-end=\"540\">\n<p data-start=\"463\" data-end=\"540\">Renforcer la durabilit\u00e9 gr\u00e2ce \u00e0 un corps m\u00e9tallique robuste et \u00e0 une plaque arri\u00e8re de montage stable<\/p>\n<\/li>\n<li data-start=\"541\" data-end=\"626\">\n<p data-start=\"543\" data-end=\"626\">Lumi\u00e8re directe avec contr\u00f4le d\u00e9fini du faisceau pour r\u00e9duire les d\u00e9bordements sur les fen\u00eatres et les voisins<\/p>\n<\/li>\n<li data-start=\"627\" data-end=\"714\">\n<p data-start=\"629\" data-end=\"714\">R\u00e9siste \u00e0 l'usure de la finition gr\u00e2ce \u00e0 un traitement de surface pr\u00eat pour l'ext\u00e9rieur, pour un aspect durable.<\/p>\n<\/li>\n<li data-start=\"715\" data-end=\"799\">\n<p data-start=\"717\" data-end=\"799\">Prot\u00e9ger l'\u00e9lectronique gr\u00e2ce \u00e0 une dissipation efficace de la chaleur et \u00e0 un c\u00e2blage interne organis\u00e9<\/p>\n<\/li>\n<li data-start=\"800\" data-end=\"876\">\n<p data-start=\"802\" data-end=\"876\">Favoriser des cheminements plus s\u00fbrs gr\u00e2ce \u00e0 une luminosit\u00e9 constante et \u00e0 la r\u00e9duction des points chauds<\/p>\n<\/li>\n<li data-start=\"878\" data-end=\"905\">\n<p data-start=\"880\" data-end=\"905\">Options et personnalisation<\/p>\n<\/li>\n<li data-start=\"906\" data-end=\"995\">\n<p data-start=\"908\" data-end=\"995\">Taille personnalis\u00e9e \/ Dimensions du corps et profondeur de projection disponibles sur demande<\/p>\n<\/li>\n<li data-start=\"996\" data-end=\"1060\">\n<p data-start=\"998\" data-end=\"1060\">Choix de distribution ascendante, descendante ou ascendante et descendante selon les besoins<\/p>\n<\/li>\n<li data-start=\"1061\" data-end=\"1132\">\n<p data-start=\"1063\" data-end=\"1132\">S\u00e9lection de lentilles\/diffuseurs permettant d'ajuster la coupure et le confort visuel<\/p>\n<\/li>\n<li data-start=\"1133\" data-end=\"1201\">\n<p data-start=\"1135\" data-end=\"1201\">CCT\/CRI et pilote\/options de gradation configurables selon les sp\u00e9cifications du projet<\/p>\n<\/li>\n<li data-start=\"1202\" data-end=\"1283\">\n<p data-start=\"1204\" data-end=\"1283\">Dessin d'atelier et support de dessin disponibles pour la coordination des fa\u00e7ades et du c\u00e2blage<\/p>\n<\/li>\n<li data-start=\"1285\" data-end=\"1465\">\n<p data-start=\"1287\" data-end=\"1465\">Applications typiques<br data-start=\"1307\" data-end=\"1310\" \/>Murs de jardins, fa\u00e7ades de villas, entr\u00e9es de cours, \u00e9clairage de guidage des all\u00e9es, p\u00e9rim\u00e8tres de patios, lignes de cl\u00f4tures, \u00e9clairage d'\u00e9l\u00e9ments paysagers, couloirs ext\u00e9rieurs<\/p>\n<\/li>\n<li data-start=\"1467\" data-end=\"1734\">\n<p data-start=\"1469\" data-end=\"1734\">Approvisionnement et soutien<br data-start=\"1485\" data-end=\"1488\" \/>L'approvisionnement direct en usine soutient les programmes d'approvisionnement en vrac avec une planification stable des d\u00e9lais d'ex\u00e9cution. Le contr\u00f4le de qualit\u00e9 interne et la tra\u00e7abilit\u00e9 de la qualit\u00e9 sont appliqu\u00e9s pendant l'assemblage, et l'emballage pour l'exportation \/ l'emballage en caisse peut \u00eatre organis\u00e9. La conformit\u00e9 aux normes est disponible sur demande.<\/p>\n<\/li>\n<\/ul>","protected":false},"excerpt":{"rendered":"<p>Appliques LED noires robustes con\u00e7ues pour l'exposition ext\u00e9rieure, dot\u00e9es de faisceaux contr\u00f4l\u00e9s et d'une finition r\u00e9sistante \u00e0 la corrosion pour garder les fa\u00e7ades propres la nuit. Elles sont couramment install\u00e9es le long des murs de jardin et des all\u00e9es d'entr\u00e9e pour fournir un \u00e9clairage d'orientation fiable et mettre en valeur l'am\u00e9nagement paysager.<\/p>","protected":false},"featured_media":718,"template":"","meta":{"_gspb_post_css":""},"product_brand":[],"product_cat":[20],"product_tag":[195,346,38,37,349,352,347,348,350,196,351],"class_list":{"0":"post-713","1":"product","2":"type-product","3":"status-publish","4":"has-post-thumbnail","6":"product_cat-outdoor-led-lighting","7":"product_tag-architectural-wall-lighting","8":"product_tag-black-wall-lights-are-suitable-for-outdoor-garden-use","9":"product_tag-bulk-supply","10":"product_tag-custom-size","11":"product_tag-garden-lighting","12":"product_tag-landscape-lighting","13":"product_tag-led-wall-lights","14":"product_tag-outdoor-wall-light","15":"product_tag-pathway-lighting","16":"product_tag-up-down-wall-light","17":"product_tag-villa-facade-lighting","19":"first","20":"instock","21":"shipping-taxable","22":"purchasable","23":"product-type-simple"},"_links":{"self":[{"href":"https:\/\/chineseledlight.com\/fr\/wp-json\/wp\/v2\/product\/713","targetHints":{"allow":["GET"]}}],"collection":[{"href":"https:\/\/chineseledlight.com\/fr\/wp-json\/wp\/v2\/product"}],"about":[{"href":"https:\/\/chineseledlight.com\/fr\/wp-json\/wp\/v2\/types\/product"}],"wp:featuredmedia":[{"embeddable":true,"href":"https:\/\/chineseledlight.com\/fr\/wp-json\/wp\/v2\/media\/718"}],"wp:attachment":[{"href":"https:\/\/chineseledlight.com\/fr\/wp-json\/wp\/v2\/media?parent=713"}],"wp:term":[{"taxonomy":"product_brand","embeddable":true,"href":"https:\/\/chineseledlight.com\/fr\/wp-json\/wp\/v2\/product_brand?post=713"},{"taxonomy":"product_cat","embeddable":true,"href":"https:\/\/chineseledlight.com\/fr\/wp-json\/wp\/v2\/product_cat?post=713"},{"taxonomy":"product_tag","embeddable":true,"href":"https:\/\/chineseledlight.com\/fr\/wp-json\/wp\/v2\/product_tag?post=713"}],"curies":[{"name":"wp","href":"https:\/\/api.w.org\/{rel}","templated":true}]}}