{"id":644,"date":"2026-02-01T02:09:50","date_gmt":"2026-02-01T02:09:50","guid":{"rendered":"https:\/\/chineseledlight.com\/?post_type=product&#038;p=644"},"modified":"2026-02-01T02:09:50","modified_gmt":"2026-02-01T02:09:50","slug":"magnetic-zoom-led-track-lights-are-easy-to-install","status":"publish","type":"product","link":"https:\/\/chineseledlight.com\/fr\/magnetic-zoom-led-track-lights-are-easy-to-install\/","title":{"rendered":"Les rails LED Magnetic Zoom sont faciles \u00e0 installer"},"content":{"rendered":"<p data-start=\"63\" data-end=\"432\">Vue d'ensemble<br data-start=\"71\" data-end=\"74\" \/>Pour les espaces o\u00f9 la pr\u00e9sentation est importante, l'\u00e9clairage doit \u00eatre aussi adaptable que l'affichage. Les rails LED \u00e0 zoom magn\u00e9tique apportent un aspect propre et moderne tout en permettant un repositionnement rapide et la formation de faisceaux pour s'adapter aux changements d'agencement, sans n\u00e9cessiter d'outils lourds sur le site. La connexion magn\u00e9tique permet de garder la ligne de plafond propre et le processus d'installation est simple.<\/p>\n<p data-start=\"436\" data-end=\"806\">Caract\u00e9ristiques principales<br data-start=\"448\" data-end=\"451\" \/>- S'embo\u00eete et se d\u00e9bo\u00eete sur un rail magn\u00e9tique compatible pour un changement rapide des appareils.<br data-start=\"518\" data-end=\"521\" \/>- Recentrer le faisceau gr\u00e2ce \u00e0 l'optique zoom pour mettre en valeur les produits ou les \u0153uvres d'art<br data-start=\"589\" data-end=\"592\" \/>- Viser avec pr\u00e9cision gr\u00e2ce \u00e0 une inclinaison\/rotation en douceur pour des accents contr\u00f4l\u00e9s<br data-start=\"656\" data-end=\"659\" \/>- Gardez le confort visuel \u00e0 l'esprit gr\u00e2ce aux accessoires de contr\u00f4le de l'\u00e9blouissement en option<br data-start=\"728\" data-end=\"731\" \/>- Assurer une qualit\u00e9 de construction constante gr\u00e2ce \u00e0 des contr\u00f4les internes de qualit\u00e9 et de processus.<\/p>\n<p data-start=\"810\" data-end=\"1161\">Options et personnalisation<br data-start=\"833\" data-end=\"836\" \/>- CCT, niveau CRI et port\u00e9e du faisceau s\u00e9lectionnables selon les sp\u00e9cifications du projet<br data-start=\"896\" data-end=\"899\" \/>- Couleur du bo\u00eetier, texture de la surface et style de garniture disponibles sur commande<br data-start=\"971\" data-end=\"974\" \/>- Interface conducteur\/obscurcisseur en option sur demande<br data-start=\"1027\" data-end=\"1030\" \/>- Planification de la longueur des voies et de l'agencement des syst\u00e8mes avec Drawing Support<br data-start=\"1092\" data-end=\"1095\" \/>- Service OEM\/ODM pour le marquage, l'\u00e9tiquetage et la documentation<\/p>\n<p data-start=\"1165\" data-end=\"1318\">Applications typiques<br data-start=\"1185\" data-end=\"1188\" \/>Vitrines de magasins de d\u00e9tail, boutiques, galeries, expositions de mus\u00e9es, salles d'exposition, caf\u00e9s, espaces d'accueil, magasins \u00e9ph\u00e9m\u00e8res, \u00e9tag\u00e8res d'exposition pour la maison<\/p>\n<p data-start=\"1322\" data-end=\"1605\">Approvisionnement et soutien<br data-start=\"1338\" data-end=\"1341\" \/>L'approvisionnement en vrac pour les projets de d\u00e9ploiement avec un d\u00e9lai d'ex\u00e9cution rapide est disponible sur la base de la quantit\u00e9 command\u00e9e. L'emballage pour l'exportation peut \u00eatre organis\u00e9 pour les livraisons sur des sites mixtes. La tra\u00e7abilit\u00e9 de la qualit\u00e9 est assur\u00e9e pour les principaux composants et la conformit\u00e9 aux normes est disponible sur demande.<\/p>","protected":false},"excerpt":{"rendered":"<p>Mettez en sc\u00e8ne sans refaire le c\u00e2blage : ces luminaires LED \u00e0 zoom magn\u00e9tique s'ins\u00e8rent rapidement dans le rail et vous permettent de r\u00e9gler avec pr\u00e9cision la focalisation du faisceau pour les accents ou les t\u00e2ches \u00e0 accomplir. C'est un choix pratique pour les pr\u00e9sentoirs de vente au d\u00e9tail et les murs de galeries d'art o\u00f9 les dispositions changent souvent.<\/p>","protected":false},"featured_media":657,"template":"","meta":{"_gspb_post_css":""},"product_brand":[],"product_cat":[17],"product_tag":[304,38,34,37,224,302,301,35,238,295,303],"class_list":{"0":"post-644","1":"product","2":"type-product","3":"status-publish","4":"has-post-thumbnail","6":"product_cat-led-track-lighting","7":"product_tag-adjustable-beam-angle","8":"product_tag-bulk-supply","9":"product_tag-commercial-lighting","10":"product_tag-custom-size","11":"product_tag-gallery-lighting","12":"product_tag-magnetic-track-lighting","13":"product_tag-magnetic-zoom-led-track-lights-are-easy-to-install","14":"product_tag-retail-lighting","15":"product_tag-showroom-lighting","16":"product_tag-track-spotlights","17":"product_tag-zoom-led-spotlight","19":"first","20":"instock","21":"shipping-taxable","22":"purchasable","23":"product-type-simple"},"_links":{"self":[{"href":"https:\/\/chineseledlight.com\/fr\/wp-json\/wp\/v2\/product\/644","targetHints":{"allow":["GET"]}}],"collection":[{"href":"https:\/\/chineseledlight.com\/fr\/wp-json\/wp\/v2\/product"}],"about":[{"href":"https:\/\/chineseledlight.com\/fr\/wp-json\/wp\/v2\/types\/product"}],"wp:featuredmedia":[{"embeddable":true,"href":"https:\/\/chineseledlight.com\/fr\/wp-json\/wp\/v2\/media\/657"}],"wp:attachment":[{"href":"https:\/\/chineseledlight.com\/fr\/wp-json\/wp\/v2\/media?parent=644"}],"wp:term":[{"taxonomy":"product_brand","embeddable":true,"href":"https:\/\/chineseledlight.com\/fr\/wp-json\/wp\/v2\/product_brand?post=644"},{"taxonomy":"product_cat","embeddable":true,"href":"https:\/\/chineseledlight.com\/fr\/wp-json\/wp\/v2\/product_cat?post=644"},{"taxonomy":"product_tag","embeddable":true,"href":"https:\/\/chineseledlight.com\/fr\/wp-json\/wp\/v2\/product_tag?post=644"}],"curies":[{"name":"wp","href":"https:\/\/api.w.org\/{rel}","templated":true}]}}