{"id":642,"date":"2026-02-01T02:09:56","date_gmt":"2026-02-01T02:09:56","guid":{"rendered":"https:\/\/chineseledlight.com\/?post_type=product&#038;p=642"},"modified":"2026-02-01T02:09:56","modified_gmt":"2026-02-01T02:09:56","slug":"modular-magnetic-track-lighting-system-magnetic-track-lights","status":"publish","type":"product","link":"https:\/\/chineseledlight.com\/fr\/modular-magnetic-track-lighting-system-magnetic-track-lights\/","title":{"rendered":"Syst\u00e8me modulaire d'\u00e9clairage sur rail magn\u00e9tique \u00c9clairage sur rail magn\u00e9tique"},"content":{"rendered":"<p data-start=\"65\" data-end=\"433\">Vue d'ensemble<br data-start=\"78\" data-end=\"81\" \/>Lorsque l'\u00e9clairage rencontre des am\u00e9nagements flexibles, un syst\u00e8me de rails magn\u00e9tiques modulaires permet de r\u00e9duire la consommation d'\u00e9nergie inutile tout en maintenant un confort visuel constant. Les modules magn\u00e9tiques enfichables coulissent, s'\u00e9changent et s'orientent rapidement, ce qui vous permet d'affiner les sc\u00e8nes sans avoir \u00e0 refaire le c\u00e2blage. Les lignes \u00e9pur\u00e9es et les optiques peu \u00e9blouissantes font de ce syst\u00e8me une solution id\u00e9ale pour les int\u00e9rieurs proches de la lumi\u00e8re du jour et les espaces vitr\u00e9s.<\/p>\n<p data-start=\"435\" data-end=\"449\">Caract\u00e9ristiques principales<\/p>\n<ul data-start=\"450\" data-end=\"838\">\n<li data-start=\"450\" data-end=\"528\">\n<p data-start=\"452\" data-end=\"528\">Optimisation du rapport puissance\/lumi\u00e8re pour des zones d'accentuation et d'ambiance efficaces<\/p>\n<\/li>\n<li data-start=\"529\" data-end=\"610\">\n<p data-start=\"531\" data-end=\"610\">Permet un repositionnement sans outil pour r\u00e9pondre \u00e0 l'\u00e9volution de la marchandise ou des pr\u00e9sentoirs<\/p>\n<\/li>\n<li data-start=\"611\" data-end=\"690\">\n<p data-start=\"613\" data-end=\"690\">Maintenir un contr\u00f4le stable du faisceau gr\u00e2ce \u00e0 des d\u00e9flecteurs anti-\u00e9blouissement et des r\u00e9flecteurs pr\u00e9cis<\/p>\n<\/li>\n<li data-start=\"691\" data-end=\"758\">\n<p data-start=\"693\" data-end=\"758\">R\u00e9duire le temps d'installation gr\u00e2ce \u00e0 des composants modulaires et reproductibles<\/p>\n<\/li>\n<li data-start=\"759\" data-end=\"838\">\n<p data-start=\"761\" data-end=\"838\">Fiabilit\u00e9 \u00e0 long terme gr\u00e2ce \u00e0 la gestion thermique et \u00e0 des connecteurs robustes<\/p>\n<\/li>\n<\/ul>\n<p data-start=\"840\" data-end=\"865\">Options et personnalisation<\/p>\n<ul data-start=\"866\" data-end=\"1325\">\n<li data-start=\"866\" data-end=\"948\">\n<p data-start=\"868\" data-end=\"948\">M\u00e9thodes de montage des rails et dispositions des coins\/connecteurs disponibles selon le plan du plafond<\/p>\n<\/li>\n<li data-start=\"949\" data-end=\"1033\">\n<p data-start=\"951\" data-end=\"1033\">Options de combinaison de modules : spots, \u00e9clairage lin\u00e9aire, l\u00e8che-mur ou inserts de downlights<\/p>\n<\/li>\n<li data-start=\"1034\" data-end=\"1108\">\n<p data-start=\"1036\" data-end=\"1108\">Choix de CCT\/CRI et d'interfaces de gradation pour r\u00e9pondre aux sp\u00e9cifications du projet<\/p>\n<\/li>\n<li data-start=\"1109\" data-end=\"1178\">\n<p data-start=\"1111\" data-end=\"1178\">Dimensions sur mesure \/ Longueurs et garnitures fabriqu\u00e9es \u00e0 la demande pour les s\u00e9ries continues<\/p>\n<\/li>\n<li data-start=\"1179\" data-end=\"1249\">\n<p data-start=\"1181\" data-end=\"1249\">Service OEM\/ODM pour le marquage, l'\u00e9tiquetage et les bo\u00eetiers de modules personnalis\u00e9s<\/p>\n<\/li>\n<li data-start=\"1250\" data-end=\"1325\">\n<p data-start=\"1252\" data-end=\"1325\">Les dessins d'atelier et le support de dessin sont fournis pour approbation et coordination.<\/p>\n<\/li>\n<\/ul>\n<p data-start=\"1327\" data-end=\"1487\">Applications typiques<br data-start=\"1347\" data-end=\"1350\" \/>\u00c9tag\u00e8res de magasins, vitrines de boutiques, murs de galeries, r\u00e9ceptions de bureaux, salles d'exposition, caf\u00e9s, cuisines ouvertes r\u00e9sidentielles, \u00e9clairage d'accentuation dans les couloirs.<\/p>\n<p data-start=\"1489\" data-end=\"1711\">Approvisionnement et soutien<br data-start=\"1505\" data-end=\"1508\" \/>La production en volume avec des options de d\u00e9lais rapides est soutenue par un contr\u00f4le de qualit\u00e9 interne et une tra\u00e7abilit\u00e9 de la qualit\u00e9. L'emballage pour l'exportation peut \u00eatre organis\u00e9 pour les exp\u00e9ditions de modules mixtes. Conformit\u00e9 aux normes disponible sur demande.<\/p>","protected":false},"excerpt":{"rendered":"<p>Un syst\u00e8me d'\u00e9clairage sur rail magn\u00e9tique modulaire qui vous permet de glisser et d'\u00e9changer des rails d'\u00e9clairage en quelques secondes, en gardant le contr\u00f4le du faisceau et l'efficacit\u00e9 coh\u00e9rents \u00e0 travers des agencements changeants. Id\u00e9al pour l'\u00e9clairage des \u00e9talages de vente au d\u00e9tail o\u00f9 les sc\u00e8nes doivent \u00eatre fr\u00e9quemment ajust\u00e9es sans qu'il soit n\u00e9cessaire de les rec\u00e2bler.<\/p>","protected":false},"featured_media":645,"template":"","meta":{"_gspb_post_css":""},"product_brand":[],"product_cat":[21],"product_tag":[38,311,34,37,310,123,302,308,46,35,309],"class_list":{"0":"post-642","1":"product","2":"type-product","3":"status-publish","4":"has-post-thumbnail","6":"product_cat-magnetic-track-light","7":"product_tag-bulk-supply","8":"product_tag-ceiling-track","9":"product_tag-commercial-lighting","10":"product_tag-custom-size","11":"product_tag-led-track-lights","12":"product_tag-linear-lighting-modules","13":"product_tag-magnetic-track-lighting","14":"product_tag-modular-magnetic-track-lighting-system-magnetic-track-lights","15":"product_tag-office-lighting","16":"product_tag-retail-lighting","17":"product_tag-track-lighting-system","19":"first","20":"instock","21":"shipping-taxable","22":"purchasable","23":"product-type-simple"},"_links":{"self":[{"href":"https:\/\/chineseledlight.com\/fr\/wp-json\/wp\/v2\/product\/642","targetHints":{"allow":["GET"]}}],"collection":[{"href":"https:\/\/chineseledlight.com\/fr\/wp-json\/wp\/v2\/product"}],"about":[{"href":"https:\/\/chineseledlight.com\/fr\/wp-json\/wp\/v2\/types\/product"}],"wp:featuredmedia":[{"embeddable":true,"href":"https:\/\/chineseledlight.com\/fr\/wp-json\/wp\/v2\/media\/645"}],"wp:attachment":[{"href":"https:\/\/chineseledlight.com\/fr\/wp-json\/wp\/v2\/media?parent=642"}],"wp:term":[{"taxonomy":"product_brand","embeddable":true,"href":"https:\/\/chineseledlight.com\/fr\/wp-json\/wp\/v2\/product_brand?post=642"},{"taxonomy":"product_cat","embeddable":true,"href":"https:\/\/chineseledlight.com\/fr\/wp-json\/wp\/v2\/product_cat?post=642"},{"taxonomy":"product_tag","embeddable":true,"href":"https:\/\/chineseledlight.com\/fr\/wp-json\/wp\/v2\/product_tag?post=642"}],"curies":[{"name":"wp","href":"https:\/\/api.w.org\/{rel}","templated":true}]}}