{"id":398,"date":"2026-01-31T02:15:16","date_gmt":"2026-01-31T02:15:16","guid":{"rendered":"https:\/\/chineseledlight.com\/?post_type=product&#038;p=398"},"modified":"2026-01-31T02:15:16","modified_gmt":"2026-01-31T02:15:16","slug":"modern-design-dimmable-led-spotlights-for-indoor-use","status":"publish","type":"product","link":"https:\/\/chineseledlight.com\/fr\/modern-design-dimmable-led-spotlights-for-indoor-use\/","title":{"rendered":"Spot LED d'int\u00e9rieur au design moderne et \u00e0 intensit\u00e9 variable"},"content":{"rendered":"<p data-start=\"65\" data-end=\"347\">Vue d'ensemble<br data-start=\"73\" data-end=\"76\" \/>L'\u00e9clairage de pr\u00e9cision modifie l'ambiance d'une pi\u00e8ce. Ces spots LED \u00e0 gradation au design moderne offrent une luminosit\u00e9 contr\u00f4l\u00e9e et confortable pour les environnements int\u00e9rieurs, vous aidant \u00e0 diriger l'attention sans encombrement visuel. Leur profil \u00e9pur\u00e9 convient aussi bien aux am\u00e9nagements minimalistes qu'aux am\u00e9nagements haut de gamme.<\/p>\n<p data-start=\"351\" data-end=\"669\">Caract\u00e9ristiques principales<br data-start=\"363\" data-end=\"366\" \/>- Lumi\u00e8re d'accentuation et d'appoint avec variateur d'intensit\u00e9 en douceur<br data-start=\"423\" data-end=\"426\" \/>- Maintenir une apparence de couleur coh\u00e9rente pour un ton visuel raffin\u00e9<br data-start=\"490\" data-end=\"493\" \/>- Minimiser l'\u00e9blouissement gr\u00e2ce \u00e0 une conception optique optimis\u00e9e<br data-start=\"542\" data-end=\"545\" \/>- Assurer une longue dur\u00e9e de vie gr\u00e2ce \u00e0 une gestion thermique efficace<br data-start=\"606\" data-end=\"609\" \/>- S'int\u00e8grent parfaitement \u00e0 l'agencement des plafonds et des rails d'\u00e9clairage<\/p>\n<p data-start=\"673\" data-end=\"1036\">Options et personnalisation<br data-start=\"696\" data-end=\"699\" \/>- Angles de rayonnement et mod\u00e8les de r\u00e9partition de la lumi\u00e8re disponibles sur demande<br data-start=\"765\" data-end=\"768\" \/>- Finitions des logements, styles de garnitures et assortiment de couleurs pour les int\u00e9rieurs<br data-start=\"833\" data-end=\"836\" \/>- Options de compatibilit\u00e9 des pilotes et des commandes pour les sp\u00e9cifications du projet<br data-start=\"896\" data-end=\"899\" \/>- Configurations sur commande, y compris des dimensions sur mesure pour les espaces sp\u00e9ciaux<br data-start=\"971\" data-end=\"974\" \/>- Dessin d'atelier et support de dessin fournis pour la coordination<\/p>\n<p data-start=\"1040\" data-end=\"1226\">Applications typiques<br data-start=\"1060\" data-end=\"1063\" \/>Pr\u00e9sentoirs de vente au d\u00e9tail, galeries d'art, halls d'entr\u00e9e d'h\u00f4tels, salons r\u00e9sidentiels, couloirs et foyers, restaurants et bars, zones d'accueil, salles d'exposition, vitrines d'exposition.<\/p>\n<p data-start=\"1230\" data-end=\"1459\">Approvisionnement et soutien<br data-start=\"1246\" data-end=\"1249\" \/>Production en volume en direct de l'usine avec un d\u00e9lai de livraison stable et un contr\u00f4le de qualit\u00e9 interne pour la tra\u00e7abilit\u00e9 de la qualit\u00e9. L'emballage pour l'exportation et l'emballage en caisse peuvent \u00eatre organis\u00e9s pour une exp\u00e9dition plus s\u00fbre. Conformit\u00e9 aux normes disponible sur demande.<\/p>","protected":false},"excerpt":{"rendered":"<p>Cr\u00e9ez un \u00e9clairage d'accentuation net et r\u00e9glable avec des spots LED \u00e0 gradation au design moderne qui s'int\u00e8grent dans les int\u00e9rieurs contemporains tout en permettant un contr\u00f4le pr\u00e9cis de l'ambiance et de la mise au point. Id\u00e9al pour mettre en valeur les \u0153uvres d'art et les marchandises dans les boutiques, les galeries et autres espaces int\u00e9rieurs.<\/p>","protected":false},"featured_media":399,"template":"","meta":{"_gspb_post_css":""},"product_brand":[],"product_cat":[23],"product_tag":[38,33,37,136,39,36,137,135,134,47,35,83],"class_list":{"0":"post-398","1":"product","2":"type-product","3":"status-publish","4":"has-post-thumbnail","6":"product_cat-led-spotlights","7":"product_tag-bulk-supply","8":"product_tag-ceiling-lighting","9":"product_tag-custom-size","10":"product_tag-dimmable-spotlight","11":"product_tag-factory-direct","12":"product_tag-hospitality-lighting","13":"product_tag-indoor-accent-lighting","14":"product_tag-led-spotlights","15":"product_tag-modern-design-dimmable-led-spotlights-for-indoor-use","16":"product_tag-residential-lighting","17":"product_tag-retail-lighting","18":"product_tag-track-lighting","20":"first","21":"instock","22":"shipping-taxable","23":"purchasable","24":"product-type-simple"},"_links":{"self":[{"href":"https:\/\/chineseledlight.com\/fr\/wp-json\/wp\/v2\/product\/398","targetHints":{"allow":["GET"]}}],"collection":[{"href":"https:\/\/chineseledlight.com\/fr\/wp-json\/wp\/v2\/product"}],"about":[{"href":"https:\/\/chineseledlight.com\/fr\/wp-json\/wp\/v2\/types\/product"}],"wp:featuredmedia":[{"embeddable":true,"href":"https:\/\/chineseledlight.com\/fr\/wp-json\/wp\/v2\/media\/399"}],"wp:attachment":[{"href":"https:\/\/chineseledlight.com\/fr\/wp-json\/wp\/v2\/media?parent=398"}],"wp:term":[{"taxonomy":"product_brand","embeddable":true,"href":"https:\/\/chineseledlight.com\/fr\/wp-json\/wp\/v2\/product_brand?post=398"},{"taxonomy":"product_cat","embeddable":true,"href":"https:\/\/chineseledlight.com\/fr\/wp-json\/wp\/v2\/product_cat?post=398"},{"taxonomy":"product_tag","embeddable":true,"href":"https:\/\/chineseledlight.com\/fr\/wp-json\/wp\/v2\/product_tag?post=398"}],"curies":[{"name":"wp","href":"https:\/\/api.w.org\/{rel}","templated":true}]}}