{"id":916,"date":"2026-02-02T03:11:35","date_gmt":"2026-02-02T03:11:35","guid":{"rendered":"https:\/\/chineseledlight.com\/?post_type=product&#038;p=916"},"modified":"2026-02-02T03:11:35","modified_gmt":"2026-02-02T03:11:35","slug":"outdoor-led-magnetic-track-lights-spotlights-floodlights","status":"publish","type":"product","link":"https:\/\/chineseledlight.com\/es\/outdoor-led-magnetic-track-lights-spotlights-floodlights\/","title":{"rendered":"Focos magn\u00e9ticos LED para exteriores Focos Proyectores"},"content":{"rendered":"<p data-start=\"69\" data-end=\"471\">Visi\u00f3n general<br data-start=\"77\" data-end=\"80\" \/>La arquitectura nocturna tiene mejor aspecto cuando las fuentes de luz son discretas y las formas de los haces son intencionadas. Los proyectores y proyectores magn\u00e9ticos LED de exterior para ra\u00edles ayudan a crear escenas por capas -con luces intensas para los puntos focales y luces m\u00e1s amplias para las superficies- al tiempo que mantienen la l\u00ednea del ra\u00edl visualmente limpia. Dise\u00f1ados para instalaciones en exteriores cuando se especifican con el sellado y los componentes adecuados.<\/p>\n<p data-start=\"475\" data-end=\"489\">Caracter\u00edsticas principales<\/p>\n<p data-start=\"492\" data-end=\"564\">Defina los detalles de la fachada con una distribuci\u00f3n de la luz entre puntos seleccionables<\/p>\n<p data-start=\"567\" data-end=\"643\">Se integra en los techos exteriores modernos con un aspecto compacto y poco recargado<\/p>\n<p data-start=\"646\" data-end=\"725\">Cambia r\u00e1pidamente el enfoque de la iluminaci\u00f3n reposicionando los cabezales a lo largo del riel magn\u00e9tico<\/p>\n<p data-start=\"728\" data-end=\"787\">Apuntar con precisi\u00f3n para reducir las salpicaduras en las superficies adyacentes<\/p>\n<p data-start=\"790\" data-end=\"861\">Mantener una producci\u00f3n visual coherente para el funcionamiento diario en las zonas p\u00fablicas.<\/p>\n<p data-start=\"865\" data-end=\"890\">Opciones y personalizaci\u00f3n<\/p>\n<p data-start=\"893\" data-end=\"958\">\u00d3pticas de haz, pantallas y accesorios de lentes disponibles bajo pedido<\/p>\n<p data-start=\"961\" data-end=\"1028\">Selecciones de CCT y CRI para adaptarse a los objetivos de ambiente exterior<\/p>\n<p data-start=\"1031\" data-end=\"1104\">Opciones de acabado compatibles con plafones y remates de fachada<\/p>\n<p data-start=\"1107\" data-end=\"1181\">Disponibles combinaciones de m\u00f3dulos y v\u00edas de tama\u00f1o personalizado \/ a medida<\/p>\n<p data-start=\"1184\" data-end=\"1243\">Alineaci\u00f3n de las especificaciones del proyecto con el apoyo de los planos de fabricaci\u00f3n<\/p>\n<p data-start=\"1246\" data-end=\"1323\">Opciones de control y compatibilidad de regulaci\u00f3n disponibles mediante la configuraci\u00f3n del controlador<\/p>\n<p data-start=\"1327\" data-end=\"1536\">Aplicaciones t\u00edpicas<br data-start=\"1347\" data-end=\"1350\" \/>Marquesinas de entrada, pasillos cubiertos, arcadas de tiendas al aire libre, zonas de bajada de hoteles, plafones de balcones, techos de p\u00e9rgolas, pasillos de patios, se\u00f1alizaci\u00f3n, muros y columnas.<\/p>\n<p data-start=\"1540\" data-end=\"1843\">Suministro y asistencia<br data-start=\"1556\" data-end=\"1559\" \/>La planificaci\u00f3n de plazos de entrega estables est\u00e1 disponible para proyectos por fases, con el apoyo de la capacidad de producci\u00f3n en serie. La trazabilidad de la calidad y el control de calidad interno se aplican a los pasos clave de la producci\u00f3n; se puede organizar el embalaje para la exportaci\u00f3n y el embalaje en cajas para el env\u00edo. Cumplimiento de normas disponible previa solicitud.<\/p>","protected":false},"excerpt":{"rendered":"<p>Un sistema modular de ra\u00edles magn\u00e9ticos para exteriores que combina proyectores y proyectores para obtener reflejos n\u00edtidos o suaves. El montaje magn\u00e9tico permite cambiar la posici\u00f3n de los cabezales sin necesidad de recablear, por lo que es ideal para marquesinas de entrada y galer\u00edas comerciales exteriores donde los expositores y la se\u00f1alizaci\u00f3n cambian estacionalmente.<\/p>","protected":false},"featured_media":917,"template":"","meta":{"_gspb_post_css":""},"product_brand":[],"product_cat":[20],"product_tag":[258,466,37,472,470,471,467,468,469,442,63],"class_list":{"0":"post-916","1":"product","2":"type-product","3":"status-publish","4":"has-post-thumbnail","6":"product_cat-outdoor-led-lighting","7":"product_tag-ceiling-track-lighting","8":"product_tag-covered-walkway-lighting","9":"product_tag-custom-size","10":"product_tag-facade-accent-lighting","11":"product_tag-magnetic-track-system","12":"product_tag-outdoor-canopy-lighting","13":"product_tag-outdoor-led-magnetic-track-lights-spotlights-floodlights","14":"product_tag-outdoor-magnetic-track-lighting","15":"product_tag-track-lighting-floodlights","16":"product_tag-track-lighting-spotlights","17":"product_tag-volume-production","19":"first","20":"instock","21":"shipping-taxable","22":"purchasable","23":"product-type-simple"},"_links":{"self":[{"href":"https:\/\/chineseledlight.com\/es\/wp-json\/wp\/v2\/product\/916","targetHints":{"allow":["GET"]}}],"collection":[{"href":"https:\/\/chineseledlight.com\/es\/wp-json\/wp\/v2\/product"}],"about":[{"href":"https:\/\/chineseledlight.com\/es\/wp-json\/wp\/v2\/types\/product"}],"wp:featuredmedia":[{"embeddable":true,"href":"https:\/\/chineseledlight.com\/es\/wp-json\/wp\/v2\/media\/917"}],"wp:attachment":[{"href":"https:\/\/chineseledlight.com\/es\/wp-json\/wp\/v2\/media?parent=916"}],"wp:term":[{"taxonomy":"product_brand","embeddable":true,"href":"https:\/\/chineseledlight.com\/es\/wp-json\/wp\/v2\/product_brand?post=916"},{"taxonomy":"product_cat","embeddable":true,"href":"https:\/\/chineseledlight.com\/es\/wp-json\/wp\/v2\/product_cat?post=916"},{"taxonomy":"product_tag","embeddable":true,"href":"https:\/\/chineseledlight.com\/es\/wp-json\/wp\/v2\/product_tag?post=916"}],"curies":[{"name":"wp","href":"https:\/\/api.w.org\/{rel}","templated":true}]}}