{"id":861,"date":"2026-02-02T02:01:10","date_gmt":"2026-02-02T02:01:10","guid":{"rendered":"https:\/\/chineseledlight.com\/?post_type=product&#038;p=861"},"modified":"2026-02-02T02:01:10","modified_gmt":"2026-02-02T02:01:10","slug":"modern-embedded-surface-mount-led-track-floodlight","status":"publish","type":"product","link":"https:\/\/chineseledlight.com\/es\/modern-embedded-surface-mount-led-track-floodlight\/","title":{"rendered":"Moderno proyector LED empotrable de superficie para carril"},"content":{"rendered":"<p data-start=\"63\" data-end=\"365\">Visi\u00f3n general<br data-start=\"71\" data-end=\"74\" \/>Una geometr\u00eda limpia y un haz de luz suave hacen de esta luminaria un complemento natural para los dise\u00f1os de ra\u00edles contempor\u00e1neos. El dise\u00f1o de montaje en superficie empotrado mantiene el adaptador visualmente ajustado al carril, mientras que la distribuci\u00f3n de la luz ayuda a crear un ba\u00f1ado de pared tranquilo y uniforme sin saturar la l\u00ednea del techo.<\/p>\n<p data-start=\"369\" data-end=\"383\">Caracter\u00edsticas principales<\/p>\n<p data-start=\"388\" data-end=\"460\">Proporciona una iluminaci\u00f3n amplia y homog\u00e9nea para las superficies de los expositores y los elementos decorativos.<\/p>\n<p data-start=\"465\" data-end=\"536\">Mantiene un aspecto refinado con un perfil de carcasa compacto y moderno<\/p>\n<p data-start=\"541\" data-end=\"603\">Gira y se inclina para apuntar con precisi\u00f3n durante el enfoque in situ<\/p>\n<p data-start=\"608\" data-end=\"675\">Reduce las molestias visuales con accesorios opcionales de control del deslumbramiento<\/p>\n<p data-start=\"680\" data-end=\"747\">Mejora la coherencia mediante el control de calidad interno y la trazabilidad de la calidad<\/p>\n<p data-start=\"751\" data-end=\"776\">Opciones y personalizaci\u00f3n<\/p>\n<p data-start=\"781\" data-end=\"857\">Opciones de haz: flood, wide-flood y estilos wall-wash disponibles bajo pedido.<\/p>\n<p data-start=\"862\" data-end=\"936\">CCT\/CRI y regulaci\u00f3n: gamas seleccionables para adaptarse a las especificaciones del proyecto<\/p>\n<p data-start=\"941\" data-end=\"1012\">Acabado y detalles: opciones de color personalizadas para combinar con las paletas interiores<\/p>\n<p data-start=\"1017\" data-end=\"1096\">Compatibilidad de las v\u00edas y disposici\u00f3n del cableado: coordinaci\u00f3n con el soporte de planos de taller.<\/p>\n<p data-start=\"1101\" data-end=\"1174\">Se ofrecen variantes de tama\u00f1o y detalles de acabado personalizados para instalaciones especiales<\/p>\n<p data-start=\"1178\" data-end=\"1375\">Aplicaciones t\u00edpicas<br data-start=\"1198\" data-end=\"1201\" \/>Paredes decorativas para tiendas, galer\u00edas de arte, exposiciones en museos, salas de exposici\u00f3n de marcas, \u00e1reas de recepci\u00f3n, islas de comercializaci\u00f3n, mostradores de cafeter\u00edas, paredes decorativas para oficinas, paredes decorativas para viviendas.<\/p>\n<p data-start=\"1379\" data-end=\"1628\">Suministro y asistencia<br data-start=\"1395\" data-end=\"1398\" \/>Suministro directo de f\u00e1brica con planificaci\u00f3n r\u00e1pida de plazos de entrega para implantaciones y reacondicionamientos. Se pueden preparar embalajes de exportaci\u00f3n para env\u00edos consolidados, con registros de inspecci\u00f3n disponibles para la trazabilidad. Cumplimiento de normas disponible previa solicitud.<\/p>","protected":false},"excerpt":{"rendered":"<p>Dise\u00f1ado para l\u00edneas arquitect\u00f3nicas n\u00edtidas, este proyector LED empotrado para montaje en superficie crea una luz uniforme y confortable a la vez que permanece visualmente m\u00ednimo en el carril. La elecci\u00f3n perfecta para la iluminaci\u00f3n de paredes de tiendas, galer\u00edas y zonas de exposici\u00f3n en las que la calidad del acabado es importante.<\/p>","protected":false},"featured_media":0,"template":"","meta":{"_gspb_post_css":""},"product_brand":[],"product_cat":[17],"product_tag":[34,37,39,74,432,224,234,429,35,431,430,433],"class_list":{"0":"post-861","1":"product","2":"type-product","3":"status-publish","5":"product_cat-led-track-lighting","6":"product_tag-commercial-lighting","7":"product_tag-custom-size","8":"product_tag-factory-direct","9":"product_tag-fast-lead-time","10":"product_tag-flood-lighting","11":"product_tag-gallery-lighting","12":"product_tag-led-track-lighting","13":"product_tag-modern-embedded-surface-mount-led-track-floodlight","14":"product_tag-retail-lighting","15":"product_tag-surface-mount-track-light","16":"product_tag-track-floodlight","17":"product_tag-wall-wash-lighting","19":"first","20":"instock","21":"shipping-taxable","22":"purchasable","23":"product-type-simple"},"_links":{"self":[{"href":"https:\/\/chineseledlight.com\/es\/wp-json\/wp\/v2\/product\/861","targetHints":{"allow":["GET"]}}],"collection":[{"href":"https:\/\/chineseledlight.com\/es\/wp-json\/wp\/v2\/product"}],"about":[{"href":"https:\/\/chineseledlight.com\/es\/wp-json\/wp\/v2\/types\/product"}],"wp:attachment":[{"href":"https:\/\/chineseledlight.com\/es\/wp-json\/wp\/v2\/media?parent=861"}],"wp:term":[{"taxonomy":"product_brand","embeddable":true,"href":"https:\/\/chineseledlight.com\/es\/wp-json\/wp\/v2\/product_brand?post=861"},{"taxonomy":"product_cat","embeddable":true,"href":"https:\/\/chineseledlight.com\/es\/wp-json\/wp\/v2\/product_cat?post=861"},{"taxonomy":"product_tag","embeddable":true,"href":"https:\/\/chineseledlight.com\/es\/wp-json\/wp\/v2\/product_tag?post=861"}],"curies":[{"name":"wp","href":"https:\/\/api.w.org\/{rel}","templated":true}]}}