{"id":806,"date":"2026-02-01T08:02:16","date_gmt":"2026-02-01T08:02:16","guid":{"rendered":"https:\/\/chineseledlight.com\/?post_type=product&#038;p=806"},"modified":"2026-02-01T08:02:16","modified_gmt":"2026-02-01T08:02:16","slug":"led-linear-downlights-linear-lighting-fixtures-for-offices","status":"publish","type":"product","link":"https:\/\/chineseledlight.com\/es\/led-linear-downlights-linear-lighting-fixtures-for-offices\/","title":{"rendered":"Downlights lineales LED Luminarias lineales para oficinas"},"content":{"rendered":"<p data-start=\"63\" data-end=\"439\">Visi\u00f3n general<br data-start=\"78\" data-end=\"81\" \/>La planificaci\u00f3n del techo l\u00ednea por l\u00ednea se simplifica con los downlights lineales que se integran en la red manteniendo un alto confort visual. Estos downlights lineales LED proporcionan una luz descendente uniforme con corte controlado, lo que ayuda a reducir los reflejos de las pantallas en las l\u00edneas de visi\u00f3n t\u00edpicas de las oficinas. La forma rectangular permite una alineaci\u00f3n ordenada en tramos largos y disposiciones modulares.<\/p>\n<ul data-start=\"441\" data-end=\"1682\">\n<li data-start=\"441\" data-end=\"457\">\n<p data-start=\"443\" data-end=\"457\">Caracter\u00edsticas principales<\/p>\n<\/li>\n<li data-start=\"458\" data-end=\"529\">\n<p data-start=\"460\" data-end=\"529\">Iluminaci\u00f3n uniforme de las tareas gracias a la cavidad \u00f3ptica antideslumbrante<\/p>\n<\/li>\n<li data-start=\"530\" data-end=\"611\">\n<p data-start=\"532\" data-end=\"611\">Dirija la luz con precisi\u00f3n para obtener un brillo uniforme en el plano de trabajo y menos puntos calientes<\/p>\n<\/li>\n<li data-start=\"612\" data-end=\"693\">\n<p data-start=\"614\" data-end=\"693\">Estabilizan el rendimiento gracias a las v\u00edas de calor de aluminio y la carga equilibrada de los transductores<\/p>\n<\/li>\n<li data-start=\"694\" data-end=\"772\">\n<p data-start=\"696\" data-end=\"772\">Simplifique el mantenimiento con un acceso sencillo al controlador y los conectores<\/p>\n<\/li>\n<li data-start=\"773\" data-end=\"853\">\n<p data-start=\"775\" data-end=\"853\">Mantenga un aspecto de techo limpio mediante costuras ajustadas y control de perfil recto<\/p>\n<\/li>\n<li data-start=\"855\" data-end=\"882\">\n<p data-start=\"857\" data-end=\"882\">Opciones y personalizaci\u00f3n<\/p>\n<\/li>\n<li data-start=\"883\" data-end=\"955\">\n<p data-start=\"885\" data-end=\"955\">Longitudes y anchuras de corte a medida y bajo pedido<\/p>\n<\/li>\n<li data-start=\"956\" data-end=\"1033\">\n<p data-start=\"958\" data-end=\"1033\">Proporcione selecciones de CCT\/CRI e interfaz de atenuaci\u00f3n seg\u00fan los requisitos del proyecto<\/p>\n<\/li>\n<li data-start=\"1034\" data-end=\"1111\">\n<p data-start=\"1036\" data-end=\"1111\">Soporte de tramos continuos con ensambladoras, tapas de extremo y accesorios de alineaci\u00f3n<\/p>\n<\/li>\n<li data-start=\"1112\" data-end=\"1189\">\n<p data-start=\"1114\" data-end=\"1189\">Preparar opciones de servicio OEM\/ODM para etiquetado, combinaci\u00f3n de colores y cartones<\/p>\n<\/li>\n<li data-start=\"1190\" data-end=\"1267\">\n<p data-start=\"1192\" data-end=\"1267\">Soporte de planos de suministro \/ planos de taller para la coordinaci\u00f3n de techos y cableado<\/p>\n<\/li>\n<li data-start=\"1269\" data-end=\"1429\">\n<p data-start=\"1271\" data-end=\"1429\">Aplicaciones t\u00edpicas<br data-start=\"1291\" data-end=\"1294\" \/>Puestos de trabajo di\u00e1fanos, salas de reuniones, pasillos, zonas de recepci\u00f3n, aulas de formaci\u00f3n, espacios de co-working, despachos privados, zonas de copister\u00eda\/impresi\u00f3n<\/p>\n<\/li>\n<li data-start=\"1431\" data-end=\"1682\">\n<p data-start=\"1433\" data-end=\"1682\">Suministro y asistencia<br data-start=\"1449\" data-end=\"1452\" \/>La producci\u00f3n en serie con planificaci\u00f3n de plazos de entrega r\u00e1pidos est\u00e1 disponible para los calendarios de lanzamiento. Se aplica un control de calidad interno con trazabilidad de la calidad, y se puede organizar el embalaje para exportaci\u00f3n o el embalaje en cajas. Cumplimiento de normas disponible previa solicitud.<\/p>\n<\/li>\n<\/ul>","protected":false},"excerpt":{"rendered":"<p>Downlights lineales LED con control de deslumbramiento que proporcionan una luminosidad uniforme en el plano de trabajo con una l\u00ednea de techo rectangular limpia. Dise\u00f1ados para oficinas, son id\u00f3neos para puestos de trabajo de planta abierta y salas de reuniones donde se requiere una luz descendente confortable y detalles de instalaci\u00f3n ordenados.<\/p>","protected":false},"featured_media":807,"template":"","meta":{"_gspb_post_css":""},"product_brand":[],"product_cat":[21],"product_tag":[38,32,34,37,165,400,401,147,46,402,49],"class_list":{"0":"post-806","1":"product","2":"type-product","3":"status-publish","4":"has-post-thumbnail","6":"product_cat-magnetic-track-light","7":"product_tag-bulk-supply","8":"product_tag-ceiling-downlights","9":"product_tag-commercial-lighting","10":"product_tag-custom-size","11":"product_tag-glare-control-optics","12":"product_tag-led-linear-downlights-linear-lighting-fixtures-for-offices","13":"product_tag-linear-downlights","14":"product_tag-linear-lighting-fixtures","15":"product_tag-office-lighting","16":"product_tag-rectangular-linear-light","17":"product_tag-shop-drawing","19":"first","20":"instock","21":"shipping-taxable","22":"purchasable","23":"product-type-simple"},"_links":{"self":[{"href":"https:\/\/chineseledlight.com\/es\/wp-json\/wp\/v2\/product\/806","targetHints":{"allow":["GET"]}}],"collection":[{"href":"https:\/\/chineseledlight.com\/es\/wp-json\/wp\/v2\/product"}],"about":[{"href":"https:\/\/chineseledlight.com\/es\/wp-json\/wp\/v2\/types\/product"}],"wp:featuredmedia":[{"embeddable":true,"href":"https:\/\/chineseledlight.com\/es\/wp-json\/wp\/v2\/media\/807"}],"wp:attachment":[{"href":"https:\/\/chineseledlight.com\/es\/wp-json\/wp\/v2\/media?parent=806"}],"wp:term":[{"taxonomy":"product_brand","embeddable":true,"href":"https:\/\/chineseledlight.com\/es\/wp-json\/wp\/v2\/product_brand?post=806"},{"taxonomy":"product_cat","embeddable":true,"href":"https:\/\/chineseledlight.com\/es\/wp-json\/wp\/v2\/product_cat?post=806"},{"taxonomy":"product_tag","embeddable":true,"href":"https:\/\/chineseledlight.com\/es\/wp-json\/wp\/v2\/product_tag?post=806"}],"curies":[{"name":"wp","href":"https:\/\/api.w.org\/{rel}","templated":true}]}}