{"id":644,"date":"2026-02-01T02:09:50","date_gmt":"2026-02-01T02:09:50","guid":{"rendered":"https:\/\/chineseledlight.com\/?post_type=product&#038;p=644"},"modified":"2026-02-01T02:09:50","modified_gmt":"2026-02-01T02:09:50","slug":"magnetic-zoom-led-track-lights-are-easy-to-install","status":"publish","type":"product","link":"https:\/\/chineseledlight.com\/es\/magnetic-zoom-led-track-lights-are-easy-to-install\/","title":{"rendered":"Los rieles de luz LED con zoom magn\u00e9tico son f\u00e1ciles de instalar"},"content":{"rendered":"<p data-start=\"63\" data-end=\"432\">Visi\u00f3n general<br data-start=\"71\" data-end=\"74\" \/>En los espacios donde la presentaci\u00f3n es importante, la luz debe ser tan adaptable como el expositor. Los ra\u00edles luminosos LED con zoom magn\u00e9tico aportan un aspecto limpio y moderno a la vez que permiten un r\u00e1pido reposicionamiento y la conformaci\u00f3n del haz para adaptarse a los cambios de disposici\u00f3n, sin necesidad de herramientas. La conexi\u00f3n magn\u00e9tica ayuda a mantener la l\u00ednea del techo ordenada y el proceso de instalaci\u00f3n sencillo.<\/p>\n<p data-start=\"436\" data-end=\"806\">Caracter\u00edsticas principales<br data-start=\"448\" data-end=\"451\" \/>- Enganche\/desenganche a presi\u00f3n en carril magn\u00e9tico compatible para cambios r\u00e1pidos de accesorios<br data-start=\"518\" data-end=\"521\" \/>- Reenfoque el haz con la \u00f3ptica zoom para resaltar productos o ilustraciones<br data-start=\"589\" data-end=\"592\" \/>- Apunta con precisi\u00f3n con una suave inclinaci\u00f3n\/rotaci\u00f3n para acentos controlados<br data-start=\"656\" data-end=\"659\" \/>- Tenga en cuenta el confort visual con los accesorios opcionales de control del deslumbramiento<br data-start=\"728\" data-end=\"731\" \/>- Garantizar una calidad de fabricaci\u00f3n homog\u00e9nea mediante el control de calidad interno y las comprobaciones de los procesos.<\/p>\n<p data-start=\"810\" data-end=\"1161\">Opciones y personalizaci\u00f3n<br data-start=\"833\" data-end=\"836\" \/>- CCT, nivel CRI y alcance del haz seleccionables seg\u00fan las especificaciones del proyecto<br data-start=\"896\" data-end=\"899\" \/>- Color de la carcasa, textura de la superficie y estilo del embellecedor disponibles bajo pedido<br data-start=\"971\" data-end=\"974\" \/>- Opciones de interfaz conductor\/limitador bajo pedido<br data-start=\"1027\" data-end=\"1030\" \/>- Planificaci\u00f3n de la longitud de las v\u00edas y del trazado del sistema con Drawing Support<br data-start=\"1092\" data-end=\"1095\" \/>- Servicio OEM\/ODM para marca, etiquetado y conjuntos de documentaci\u00f3n<\/p>\n<p data-start=\"1165\" data-end=\"1318\">Aplicaciones t\u00edpicas<br data-start=\"1185\" data-end=\"1188\" \/>Escaparates de tiendas, boutiques, galer\u00edas, exposiciones de museos, salas de exposiciones, cafeter\u00edas, \u00e1reas de recepci\u00f3n, tiendas pop-up, estanter\u00edas de exposici\u00f3n para el hogar<\/p>\n<p data-start=\"1322\" data-end=\"1605\">Suministro y asistencia<br data-start=\"1338\" data-end=\"1341\" \/>El suministro a granel para proyectos de despliegue con planificaci\u00f3n de plazos de entrega r\u00e1pidos est\u00e1 disponible en funci\u00f3n de la cantidad del pedido. Se pueden organizar embalajes de exportaci\u00f3n para entregas en emplazamientos mixtos. Se mantiene la trazabilidad de la calidad de los componentes clave y se puede solicitar el cumplimiento de las normas.<\/p>","protected":false},"excerpt":{"rendered":"<p>Configure la escena sin necesidad de recablear: estos proyectores LED con zoom magn\u00e9tico se colocan r\u00e1pidamente en el carril y le permiten ajustar con precisi\u00f3n el enfoque del haz para acentos o tareas. Una opci\u00f3n pr\u00e1ctica para expositores de tiendas y paredes de galer\u00edas en las que la disposici\u00f3n cambia a menudo.<\/p>","protected":false},"featured_media":657,"template":"","meta":{"_gspb_post_css":""},"product_brand":[],"product_cat":[17],"product_tag":[304,38,34,37,224,302,301,35,238,295,303],"class_list":{"0":"post-644","1":"product","2":"type-product","3":"status-publish","4":"has-post-thumbnail","6":"product_cat-led-track-lighting","7":"product_tag-adjustable-beam-angle","8":"product_tag-bulk-supply","9":"product_tag-commercial-lighting","10":"product_tag-custom-size","11":"product_tag-gallery-lighting","12":"product_tag-magnetic-track-lighting","13":"product_tag-magnetic-zoom-led-track-lights-are-easy-to-install","14":"product_tag-retail-lighting","15":"product_tag-showroom-lighting","16":"product_tag-track-spotlights","17":"product_tag-zoom-led-spotlight","19":"first","20":"instock","21":"shipping-taxable","22":"purchasable","23":"product-type-simple"},"_links":{"self":[{"href":"https:\/\/chineseledlight.com\/es\/wp-json\/wp\/v2\/product\/644","targetHints":{"allow":["GET"]}}],"collection":[{"href":"https:\/\/chineseledlight.com\/es\/wp-json\/wp\/v2\/product"}],"about":[{"href":"https:\/\/chineseledlight.com\/es\/wp-json\/wp\/v2\/types\/product"}],"wp:featuredmedia":[{"embeddable":true,"href":"https:\/\/chineseledlight.com\/es\/wp-json\/wp\/v2\/media\/657"}],"wp:attachment":[{"href":"https:\/\/chineseledlight.com\/es\/wp-json\/wp\/v2\/media?parent=644"}],"wp:term":[{"taxonomy":"product_brand","embeddable":true,"href":"https:\/\/chineseledlight.com\/es\/wp-json\/wp\/v2\/product_brand?post=644"},{"taxonomy":"product_cat","embeddable":true,"href":"https:\/\/chineseledlight.com\/es\/wp-json\/wp\/v2\/product_cat?post=644"},{"taxonomy":"product_tag","embeddable":true,"href":"https:\/\/chineseledlight.com\/es\/wp-json\/wp\/v2\/product_tag?post=644"}],"curies":[{"name":"wp","href":"https:\/\/api.w.org\/{rel}","templated":true}]}}