{"id":615,"date":"2026-02-01T01:27:57","date_gmt":"2026-02-01T01:27:57","guid":{"rendered":"https:\/\/chineseledlight.com\/?post_type=product&#038;p=615"},"modified":"2026-02-01T01:27:57","modified_gmt":"2026-02-01T01:27:57","slug":"trimless-recessed-grille-spotlight-for-commercial-lighting","status":"publish","type":"product","link":"https:\/\/chineseledlight.com\/es\/trimless-recessed-grille-spotlight-for-commercial-lighting\/","title":{"rendered":"Foco empotrable de rejilla sin marco para iluminaci\u00f3n comercial"},"content":{"rendered":"<p data-start=\"71\" data-end=\"378\">Visi\u00f3n general<br data-start=\"79\" data-end=\"82\" \/>Dise\u00f1ado para desaparecer en el techo, este proyector empotrable de rejilla sin marco ofrece un acabado n\u00edtido y arquitect\u00f3nico con un control del haz disciplinado y c\u00f3modo. La rejilla de celdas profundas ayuda a proteger la fuente de luz, lo que permite acentuar con precisi\u00f3n sin deslumbramientos molestos en espacios comerciales activos.<\/p>\n<p data-start=\"382\" data-end=\"396\">Caracter\u00edsticas principales<\/p>\n<p data-start=\"399\" data-end=\"461\">Se integra limpiamente con los paneles de yeso para lograr un aspecto verdaderamente sin molduras<\/p>\n<p data-start=\"464\" data-end=\"518\">Acentos centrados en la forma gracias a la \u00f3ptica antideslumbrante de la rejilla<\/p>\n<p data-start=\"521\" data-end=\"588\">Mantenga la coherencia visual de los techos con aperturas modulares alineadas<\/p>\n<p data-start=\"591\" data-end=\"659\">Organice varios cabezales dentro de una zona empotrada para reducir el desorden<\/p>\n<p data-start=\"662\" data-end=\"727\">Simplificaci\u00f3n del mantenimiento mediante un dise\u00f1o accesible del controlador\/m\u00f3dulo<\/p>\n<p data-start=\"731\" data-end=\"756\">Opciones y personalizaci\u00f3n<\/p>\n<p data-start=\"759\" data-end=\"824\">Tama\u00f1os personalizados \/ dise\u00f1os de rejilla a medida para techos de proyectos<\/p>\n<p data-start=\"827\" data-end=\"893\">Selecciones CCT\/CRI y opciones de distribuci\u00f3n disponibles previa solicitud<\/p>\n<p data-start=\"896\" data-end=\"974\">Profundidad de la carcasa, m\u00e9todo de recorte y opciones de marco de yeso para adaptarse a las construcciones<\/p>\n<p data-start=\"977\" data-end=\"1044\">Interfaces de regulaci\u00f3n y control que se adaptan a las necesidades del lugar<\/p>\n<p data-start=\"1047\" data-end=\"1118\">Acabados de color para la parrilla y la carrocer\u00eda, incluidas opciones de baja reflexi\u00f3n<\/p>\n<p data-start=\"1122\" data-end=\"1289\">Aplicaciones t\u00edpicas<br data-start=\"1142\" data-end=\"1145\" \/>Tiendas, boutiques, salas de exposici\u00f3n de marcas, galer\u00edas, vest\u00edbulos de oficinas, pasillos, zonas de recepci\u00f3n, salas de reuniones, restaurantes, zonas p\u00fablicas de hoteles<\/p>\n<p data-start=\"1293\" data-end=\"1611\">Suministro y asistencia<br data-start=\"1309\" data-end=\"1312\" \/>Se puede organizar la producci\u00f3n directa en f\u00e1brica con plazos de entrega estables para programas de implantaci\u00f3n y multisitio. Las especificaciones del proyecto y los planos de taller est\u00e1n respaldados por un sistema interno de control de calidad y trazabilidad de la calidad. Posibilidad de embalaje para exportaci\u00f3n o en cajas; conformidad con las normas bajo petici\u00f3n.<\/p>","protected":false},"excerpt":{"rendered":"<p>Un proyector de rejilla empotrable sin marco que se integra en techos de escayola a la vez que proporciona acentos controlados de bajo deslumbramiento. Ideal para la iluminaci\u00f3n de escaparates y zonas de oficinas en las que importan las l\u00edneas limpias y el confort visual.<\/p>","protected":false},"featured_media":619,"template":"","meta":{"_gspb_post_css":""},"product_brand":[],"product_cat":[15],"product_tag":[38,221,34,37,39,36,283,46,282,35,281,280],"class_list":{"0":"post-615","1":"product","2":"type-product","3":"status-publish","4":"has-post-thumbnail","6":"product_cat-led-commercial-lighting","7":"product_tag-bulk-supply","8":"product_tag-ceiling-spotlights","9":"product_tag-commercial-lighting","10":"product_tag-custom-size","11":"product_tag-factory-direct","12":"product_tag-hospitality-lighting","13":"product_tag-led-grille-spotlights","14":"product_tag-office-lighting","15":"product_tag-plaster-in-ceiling-frame","16":"product_tag-retail-lighting","17":"product_tag-trimless-recessed-downlight","18":"product_tag-trimless-recessed-grille-spotlight-for-commercial-lighting","20":"first","21":"instock","22":"shipping-taxable","23":"purchasable","24":"product-type-simple"},"_links":{"self":[{"href":"https:\/\/chineseledlight.com\/es\/wp-json\/wp\/v2\/product\/615","targetHints":{"allow":["GET"]}}],"collection":[{"href":"https:\/\/chineseledlight.com\/es\/wp-json\/wp\/v2\/product"}],"about":[{"href":"https:\/\/chineseledlight.com\/es\/wp-json\/wp\/v2\/types\/product"}],"wp:featuredmedia":[{"embeddable":true,"href":"https:\/\/chineseledlight.com\/es\/wp-json\/wp\/v2\/media\/619"}],"wp:attachment":[{"href":"https:\/\/chineseledlight.com\/es\/wp-json\/wp\/v2\/media?parent=615"}],"wp:term":[{"taxonomy":"product_brand","embeddable":true,"href":"https:\/\/chineseledlight.com\/es\/wp-json\/wp\/v2\/product_brand?post=615"},{"taxonomy":"product_cat","embeddable":true,"href":"https:\/\/chineseledlight.com\/es\/wp-json\/wp\/v2\/product_cat?post=615"},{"taxonomy":"product_tag","embeddable":true,"href":"https:\/\/chineseledlight.com\/es\/wp-json\/wp\/v2\/product_tag?post=615"}],"curies":[{"name":"wp","href":"https:\/\/api.w.org\/{rel}","templated":true}]}}